{"id":49,"date":"2025-03-04T12:44:43","date_gmt":"2025-03-04T12:44:43","guid":{"rendered":"https:\/\/nills.com\/?page_id=49"},"modified":"2026-01-02T12:23:07","modified_gmt":"2026-01-02T12:23:07","slug":"burime-te-njerezve","status":"publish","type":"page","link":"https:\/\/nills.com\/al\/burime-te-njerezve\/","title":{"rendered":"Burimet Njer\u00ebzore"},"content":{"rendered":"<div class=\"wpb-content-wrapper\"><div id=\"custom-page-banner\" data-vc-full-width=\"true\" data-vc-full-width-init=\"false\" class=\"vc_row wpb_row vc_row-fluid vc_custom_1748264852119 wd-rs-6834675eb40f5\"><div class=\"wpb_column vc_column_container vc_col-sm-12\"><div class=\"vc_column-inner\"><div class=\"wpb_wrapper\">\t\t<div id=\"wd-67c782715661e\" class=\"wd-text-block wd-wpb reset-last-child wd-rs-67c782715661e text-left\">\n\t\t\t<div class=\"custom-breadcrumb-content\">\n<p><a href=\"\/al\/\">Faqja Kryesore<\/a><\/p>\n<div class=\"link-spacer\">\/<\/div>\n<p><a href=\"\/al\/burime-te-njerezve\/\">Burimet Njer\u00ebzore<\/a><\/p>\n<\/div>\n<div class=\"title-cont\">\n<h1>Formulari i Aplikimit t\u00eb Burimeve Njer\u00ebzore<\/h1>\n<\/div>\n\t\t<\/div>\n\t\t<\/div><\/div><\/div><\/div><div class=\"vc_row-full-width vc_clearfix\"><\/div><div id=\"form-row\" class=\"vc_row wpb_row vc_row-fluid tr-content vc_custom_1748264749231 vc_row-o-equal-height vc_row-flex wd-rs-68346726d92e0\"><div class=\"wpb_column vc_column_container vc_col-sm-7 woodmart-sticky-column wd_sticky_offset_150 wd-rs-681b61607e677\"><div class=\"vc_column-inner\"><div class=\"wpb_wrapper\">\n<div class=\"wpcf7 no-js\" id=\"wpcf7-f71-o1\" lang=\"tr-TR\" dir=\"ltr\" data-wpcf7-id=\"71\">\n<div class=\"screen-reader-response\"><p role=\"status\" aria-live=\"polite\" aria-atomic=\"true\"><\/p> <ul><\/ul><\/div>\n<form action=\"\/al\/wp-json\/wp\/v2\/pages\/49#wpcf7-f71-o1\" method=\"post\" class=\"wpcf7-form init\" aria-label=\"\u0130leti\u015fim Formu\" novalidate=\"novalidate\" data-status=\"init\" data-trp-original-action=\"\/al\/wp-json\/wp\/v2\/pages\/49#wpcf7-f71-o1\">\n<fieldset class=\"hidden-fields-container\"><input type=\"hidden\" name=\"_wpcf7\" value=\"71\" \/><input type=\"hidden\" name=\"_wpcf7_version\" value=\"6.1.5\" \/><input type=\"hidden\" name=\"_wpcf7_locale\" value=\"tr_TR\" \/><input type=\"hidden\" name=\"_wpcf7_unit_tag\" value=\"wpcf7-f71-o1\" \/><input type=\"hidden\" name=\"_wpcf7_container_post\" value=\"0\" \/><input type=\"hidden\" name=\"_wpcf7_posted_data_hash\" value=\"\" \/>\n<\/fieldset>\n<div class=\"contact-form-content\">\n\t<div class=\"contact-form-content-row\">\n\t\t<p><label> Emri juaj, Mbiemri <span class=\"wpcf7-form-control-wrap\" data-name=\"your-name\"><input size=\"40\" maxlength=\"400\" class=\"wpcf7-form-control wpcf7-text wpcf7-validates-as-required\" autocomplete=\"name\" aria-required=\"true\" aria-invalid=\"false\" value=\"\" type=\"text\" name=\"your-name\" \/><\/span><\/label><br \/>\n<label> Numri juaj i kontaktit <span class=\"wpcf7-form-control-wrap\" data-name=\"your-phone\"><input size=\"40\" maxlength=\"400\" class=\"wpcf7-form-control wpcf7-tel wpcf7-validates-as-required wpcf7-text wpcf7-validates-as-tel\" autocomplete=\"tel\" aria-required=\"true\" aria-invalid=\"false\" value=\"\" type=\"tel\" name=\"your-phone\" \/><\/span> <\/label>\n\t\t<\/p>\n\t<\/div>\n\t<div class=\"contact-form-content-row\">\n\t\t<p><label>Adresa juaj e email-it <span class=\"wpcf7-form-control-wrap\" data-name=\"your-email\"><input size=\"40\" maxlength=\"400\" class=\"wpcf7-form-control wpcf7-email wpcf7-validates-as-required wpcf7-text wpcf7-validates-as-email\" autocomplete=\"email\" aria-required=\"true\" aria-invalid=\"false\" value=\"\" type=\"email\" name=\"your-email\" \/><\/span><\/label>\n\t\t<\/p>\n\t<\/div>\n\t<div class=\"contact-form-content-row\">\n\t\t<p><label>Adresa juaj <span class=\"wpcf7-form-control-wrap\" data-name=\"your-address\"><textarea cols=\"40\" rows=\"10\" maxlength=\"2000\" class=\"wpcf7-form-control wpcf7-textarea\" aria-invalid=\"false\" name=\"your-address\"><\/textarea><\/span> <\/label>\n\t\t<\/p>\n\t<\/div>\n\t<div class=\"contact-form-content-row\">\n\t\t<p><input class=\"wpcf7-form-control wpcf7-submit has-spinner\" type=\"submit\" value=\"D\u00ebrgo\" \/>\n\t\t<\/p>\n\t<\/div>\n<\/div><input type='hidden' class='wpcf7-pum' value='{\"closepopup\":false,\"closedelay\":0,\"openpopup\":false,\"openpopup_id\":0}' \/><div class=\"wpcf7-response-output\" aria-hidden=\"true\"><\/div>\n<input type=\"hidden\" name=\"trp-form-language\" value=\"al\"\/><\/form>\n<\/div>\n<\/div><\/div><\/div><div class=\"wpb_column vc_column_container vc_col-sm-5 woodmart-sticky-column wd_sticky_offset_150 wd-rs-67f5a4b86a993\"><div class=\"vc_column-inner\"><div class=\"wpb_wrapper\">\t\t<div id=\"wd-67f5a49dd9742\" class=\"wd-image wd-wpb wd-rs-67f5a49dd9742 text-left\">\n\t\t\t\n\t\t\t<img loading=\"lazy\" decoding=\"async\" width=\"680\" height=\"900\" src=\"https:\/\/nills.com\/wp-content\/uploads\/2025\/04\/ik-form-thumb-img-090425-1.jpg\" class=\"attachment-680x900 size-680x900\" alt=\"\" srcset=\"https:\/\/nills.com\/wp-content\/uploads\/2025\/04\/ik-form-thumb-img-090425-1.jpg 680w, https:\/\/nills.com\/wp-content\/uploads\/2025\/04\/ik-form-thumb-img-090425-1-227x300.jpg 227w, https:\/\/nills.com\/wp-content\/uploads\/2025\/04\/ik-form-thumb-img-090425-1-9x12.jpg 9w, https:\/\/nills.com\/wp-content\/uploads\/2025\/04\/ik-form-thumb-img-090425-1-150x199.jpg 150w\" sizes=\"auto, (max-width: 680px) 100vw, 680px\" \/>\n\t\t\t\t\t<\/div>\n\t\t<\/div><\/div><\/div><\/div><div id=\"form-row\" class=\"vc_row wpb_row vc_row-fluid en-content vc_custom_1748264756633 vc_row-o-equal-height vc_row-flex wd-rs-6834672f4a5cc\"><div class=\"wpb_column vc_column_container vc_col-sm-7 woodmart-sticky-column wd_sticky_offset_150 wd-rs-681b6169d0d0c\"><div class=\"vc_column-inner\"><div class=\"wpb_wrapper\">\n<div class=\"wpcf7 no-js\" id=\"wpcf7-f4201-o2\" lang=\"tr-TR\" dir=\"ltr\" data-wpcf7-id=\"4201\">\n<div class=\"screen-reader-response\"><p role=\"status\" aria-live=\"polite\" aria-atomic=\"true\"><\/p> <ul><\/ul><\/div>\n<form action=\"\/al\/wp-json\/wp\/v2\/pages\/49#wpcf7-f4201-o2\" method=\"post\" class=\"wpcf7-form init\" aria-label=\"\u0130leti\u015fim Formu\" novalidate=\"novalidate\" data-status=\"init\" data-trp-original-action=\"\/al\/wp-json\/wp\/v2\/pages\/49#wpcf7-f4201-o2\">\n<fieldset class=\"hidden-fields-container\"><input type=\"hidden\" name=\"_wpcf7\" value=\"4201\" \/><input type=\"hidden\" name=\"_wpcf7_version\" value=\"6.1.5\" \/><input type=\"hidden\" name=\"_wpcf7_locale\" value=\"tr_TR\" \/><input type=\"hidden\" name=\"_wpcf7_unit_tag\" value=\"wpcf7-f4201-o2\" \/><input type=\"hidden\" name=\"_wpcf7_container_post\" value=\"0\" \/><input type=\"hidden\" name=\"_wpcf7_posted_data_hash\" value=\"\" \/>\n<\/fieldset>\n<div class=\"contact-form-content\">\n\t<div class=\"contact-form-content-row\">\n\t\t<p><label> Emri juaj, Mbiemri <span class=\"wpcf7-form-control-wrap\" data-name=\"your-name\"><input size=\"40\" maxlength=\"400\" class=\"wpcf7-form-control wpcf7-text wpcf7-validates-as-required\" autocomplete=\"name\" aria-required=\"true\" aria-invalid=\"false\" value=\"\" type=\"text\" name=\"your-name\" \/><\/span><\/label><br \/>\n<label> Numri juaj i kontaktit <span class=\"wpcf7-form-control-wrap\" data-name=\"your-phone\"><input size=\"40\" maxlength=\"400\" class=\"wpcf7-form-control wpcf7-tel wpcf7-validates-as-required wpcf7-text wpcf7-validates-as-tel\" autocomplete=\"tel\" aria-required=\"true\" aria-invalid=\"false\" value=\"\" type=\"tel\" name=\"your-phone\" \/><\/span> <\/label>\n\t\t<\/p>\n\t<\/div>\n\t<div class=\"contact-form-content-row\">\n\t\t<p><label>Adresa juaj e email-it <span class=\"wpcf7-form-control-wrap\" data-name=\"your-email\"><input size=\"40\" maxlength=\"400\" class=\"wpcf7-form-control wpcf7-email wpcf7-validates-as-required wpcf7-text wpcf7-validates-as-email\" autocomplete=\"email\" aria-required=\"true\" aria-invalid=\"false\" value=\"\" type=\"email\" name=\"your-email\" \/><\/span><\/label>\n\t\t<\/p>\n\t<\/div>\n\t<div class=\"contact-form-content-row\">\n\t\t<p><label>Adresa juaj <span class=\"wpcf7-form-control-wrap\" data-name=\"your-address\"><textarea cols=\"40\" rows=\"10\" maxlength=\"2000\" class=\"wpcf7-form-control wpcf7-textarea\" aria-invalid=\"false\" name=\"your-address\"><\/textarea><\/span> <\/label>\n\t\t<\/p>\n\t<\/div>\n\t<div class=\"contact-form-content-row\">\n\t\t<p><input class=\"wpcf7-form-control wpcf7-submit has-spinner\" type=\"submit\" value=\"D\u00ebrgo\" \/>\n\t\t<\/p>\n\t<\/div>\n<\/div><input type='hidden' class='wpcf7-pum' value='{\"closepopup\":false,\"closedelay\":0,\"openpopup\":false,\"openpopup_id\":0}' \/><div class=\"wpcf7-response-output\" aria-hidden=\"true\"><\/div>\n<input type=\"hidden\" name=\"trp-form-language\" value=\"al\"\/><\/form>\n<\/div>\n<\/div><\/div><\/div><div class=\"wpb_column vc_column_container vc_col-sm-5 woodmart-sticky-column wd_sticky_offset_150 wd-rs-67f5a4b86a993\"><div class=\"vc_column-inner\"><div class=\"wpb_wrapper\">\t\t<div id=\"wd-67f5a49dd9742\" class=\"wd-image wd-wpb wd-rs-67f5a49dd9742 text-left\">\n\t\t\t\n\t\t\t<img loading=\"lazy\" decoding=\"async\" width=\"680\" height=\"900\" src=\"https:\/\/nills.com\/wp-content\/uploads\/2025\/04\/ik-form-thumb-img-090425-1.jpg\" class=\"attachment-680x900 size-680x900\" alt=\"\" srcset=\"https:\/\/nills.com\/wp-content\/uploads\/2025\/04\/ik-form-thumb-img-090425-1.jpg 680w, https:\/\/nills.com\/wp-content\/uploads\/2025\/04\/ik-form-thumb-img-090425-1-227x300.jpg 227w, https:\/\/nills.com\/wp-content\/uploads\/2025\/04\/ik-form-thumb-img-090425-1-9x12.jpg 9w, https:\/\/nills.com\/wp-content\/uploads\/2025\/04\/ik-form-thumb-img-090425-1-150x199.jpg 150w\" sizes=\"auto, (max-width: 680px) 100vw, 680px\" \/>\n\t\t\t\t\t<\/div>\n\t\t<\/div><\/div><\/div><\/div><div id=\"form-row\" class=\"vc_row wpb_row vc_row-fluid sq-content vc_custom_1748264764981 vc_row-o-equal-height vc_row-flex wd-rs-683467371ccf5\"><div class=\"wpb_column vc_column_container vc_col-sm-7 woodmart-sticky-column wd_sticky_offset_150 wd-rs-681b617af161b\"><div class=\"vc_column-inner\"><div class=\"wpb_wrapper\">\n<div class=\"wpcf7 no-js\" id=\"wpcf7-f4015-o3\" lang=\"tr-TR\" dir=\"ltr\" data-wpcf7-id=\"4015\">\n<div class=\"screen-reader-response\"><p role=\"status\" aria-live=\"polite\" aria-atomic=\"true\"><\/p> <ul><\/ul><\/div>\n<form action=\"\/al\/wp-json\/wp\/v2\/pages\/49#wpcf7-f4015-o3\" method=\"post\" class=\"wpcf7-form init\" aria-label=\"\u0130leti\u015fim Formu\" novalidate=\"novalidate\" data-status=\"init\" data-trp-original-action=\"\/al\/wp-json\/wp\/v2\/pages\/49#wpcf7-f4015-o3\">\n<fieldset class=\"hidden-fields-container\"><input type=\"hidden\" name=\"_wpcf7\" value=\"4015\" \/><input type=\"hidden\" name=\"_wpcf7_version\" value=\"6.1.5\" \/><input type=\"hidden\" name=\"_wpcf7_locale\" value=\"tr_TR\" \/><input type=\"hidden\" name=\"_wpcf7_unit_tag\" value=\"wpcf7-f4015-o3\" \/><input type=\"hidden\" name=\"_wpcf7_container_post\" value=\"0\" \/><input type=\"hidden\" name=\"_wpcf7_posted_data_hash\" value=\"\" \/>\n<\/fieldset>\n<div class=\"contact-form-content\">\n\t<div class=\"contact-form-content-row\">\n\t\t<p><label> Emri juaj, Mbiemri <span class=\"wpcf7-form-control-wrap\" data-name=\"your-name\"><input size=\"40\" maxlength=\"400\" class=\"wpcf7-form-control wpcf7-text wpcf7-validates-as-required\" autocomplete=\"name\" aria-required=\"true\" aria-invalid=\"false\" value=\"\" type=\"text\" name=\"your-name\" \/><\/span><\/label><br \/>\n<label> Numri juaj i kontaktit <span class=\"wpcf7-form-control-wrap\" data-name=\"your-phone\"><input size=\"40\" maxlength=\"400\" class=\"wpcf7-form-control wpcf7-tel wpcf7-validates-as-required wpcf7-text wpcf7-validates-as-tel\" autocomplete=\"tel\" aria-required=\"true\" aria-invalid=\"false\" value=\"\" type=\"tel\" name=\"your-phone\" \/><\/span> <\/label>\n\t\t<\/p>\n\t<\/div>\n\t<div class=\"contact-form-content-row\">\n\t\t<p><label>Adresa juaj e email-it <span class=\"wpcf7-form-control-wrap\" data-name=\"your-email\"><input size=\"40\" maxlength=\"400\" class=\"wpcf7-form-control wpcf7-email wpcf7-validates-as-required wpcf7-text wpcf7-validates-as-email\" autocomplete=\"email\" aria-required=\"true\" aria-invalid=\"false\" value=\"\" type=\"email\" name=\"your-email\" \/><\/span><\/label>\n\t\t<\/p>\n\t<\/div>\n\t<div class=\"contact-form-content-row\">\n\t\t<p><label>Adresa juaj <span class=\"wpcf7-form-control-wrap\" data-name=\"your-address\"><textarea cols=\"40\" rows=\"10\" maxlength=\"2000\" class=\"wpcf7-form-control wpcf7-textarea\" aria-invalid=\"false\" name=\"your-address\"><\/textarea><\/span> <\/label>\n\t\t<\/p>\n\t<\/div>\n\t<div class=\"contact-form-content-row\">\n\t\t<p><input class=\"wpcf7-form-control wpcf7-submit has-spinner\" type=\"submit\" value=\"D\u00ebrgo\" \/>\n\t\t<\/p>\n\t<\/div>\n<\/div><input type='hidden' class='wpcf7-pum' value='{\"closepopup\":false,\"closedelay\":0,\"openpopup\":false,\"openpopup_id\":0}' \/><div class=\"wpcf7-response-output\" aria-hidden=\"true\"><\/div>\n<input type=\"hidden\" name=\"trp-form-language\" value=\"al\"\/><\/form>\n<\/div>\n<\/div><\/div><\/div><div class=\"wpb_column vc_column_container vc_col-sm-5 woodmart-sticky-column wd_sticky_offset_150 wd-rs-67f5a4b86a993\"><div class=\"vc_column-inner\"><div class=\"wpb_wrapper\">\t\t<div id=\"wd-67f5a49dd9742\" class=\"wd-image wd-wpb wd-rs-67f5a49dd9742 text-left\">\n\t\t\t\n\t\t\t<img loading=\"lazy\" decoding=\"async\" width=\"680\" height=\"900\" src=\"https:\/\/nills.com\/wp-content\/uploads\/2025\/04\/ik-form-thumb-img-090425-1.jpg\" class=\"attachment-680x900 size-680x900\" alt=\"\" srcset=\"https:\/\/nills.com\/wp-content\/uploads\/2025\/04\/ik-form-thumb-img-090425-1.jpg 680w, https:\/\/nills.com\/wp-content\/uploads\/2025\/04\/ik-form-thumb-img-090425-1-227x300.jpg 227w, https:\/\/nills.com\/wp-content\/uploads\/2025\/04\/ik-form-thumb-img-090425-1-9x12.jpg 9w, https:\/\/nills.com\/wp-content\/uploads\/2025\/04\/ik-form-thumb-img-090425-1-150x199.jpg 150w\" sizes=\"auto, (max-width: 680px) 100vw, 680px\" \/>\n\t\t\t\t\t<\/div>\n\t\t<\/div><\/div><\/div><\/div><div id=\"form-row\" class=\"vc_row wpb_row vc_row-fluid ro-content vc_custom_1748264773723 vc_row-o-equal-height vc_row-flex wd-rs-6834673f19683\"><div class=\"wpb_column vc_column_container vc_col-sm-7 woodmart-sticky-column wd_sticky_offset_150 wd-rs-681b61813509a\"><div class=\"vc_column-inner\"><div class=\"wpb_wrapper\">\n<div class=\"wpcf7 no-js\" id=\"wpcf7-f4014-o4\" lang=\"tr-TR\" dir=\"ltr\" data-wpcf7-id=\"4014\">\n<div class=\"screen-reader-response\"><p role=\"status\" aria-live=\"polite\" aria-atomic=\"true\"><\/p> <ul><\/ul><\/div>\n<form action=\"\/al\/wp-json\/wp\/v2\/pages\/49#wpcf7-f4014-o4\" method=\"post\" class=\"wpcf7-form init\" aria-label=\"\u0130leti\u015fim Formu\" novalidate=\"novalidate\" data-status=\"init\" data-trp-original-action=\"\/al\/wp-json\/wp\/v2\/pages\/49#wpcf7-f4014-o4\">\n<fieldset class=\"hidden-fields-container\"><input type=\"hidden\" name=\"_wpcf7\" value=\"4014\" \/><input type=\"hidden\" name=\"_wpcf7_version\" value=\"6.1.5\" \/><input type=\"hidden\" name=\"_wpcf7_locale\" value=\"tr_TR\" \/><input type=\"hidden\" name=\"_wpcf7_unit_tag\" value=\"wpcf7-f4014-o4\" \/><input type=\"hidden\" name=\"_wpcf7_container_post\" value=\"0\" \/><input type=\"hidden\" name=\"_wpcf7_posted_data_hash\" value=\"\" \/>\n<\/fieldset>\n<div class=\"contact-form-content\">\n\t<div class=\"contact-form-content-row\">\n\t\t<p><label> Emri juaj, Mbiemri <span class=\"wpcf7-form-control-wrap\" data-name=\"your-name\"><input size=\"40\" maxlength=\"400\" class=\"wpcf7-form-control wpcf7-text wpcf7-validates-as-required\" autocomplete=\"name\" aria-required=\"true\" aria-invalid=\"false\" value=\"\" type=\"text\" name=\"your-name\" \/><\/span><\/label><br \/>\n<label> Numri juaj i kontaktit <span class=\"wpcf7-form-control-wrap\" data-name=\"your-phone\"><input size=\"40\" maxlength=\"400\" class=\"wpcf7-form-control wpcf7-tel wpcf7-validates-as-required wpcf7-text wpcf7-validates-as-tel\" autocomplete=\"tel\" aria-required=\"true\" aria-invalid=\"false\" value=\"\" type=\"tel\" name=\"your-phone\" \/><\/span> <\/label>\n\t\t<\/p>\n\t<\/div>\n\t<div class=\"contact-form-content-row\">\n\t\t<p><label>Adresa juaj e email-it <span class=\"wpcf7-form-control-wrap\" data-name=\"your-email\"><input size=\"40\" maxlength=\"400\" class=\"wpcf7-form-control wpcf7-email wpcf7-validates-as-required wpcf7-text wpcf7-validates-as-email\" autocomplete=\"email\" aria-required=\"true\" aria-invalid=\"false\" value=\"\" type=\"email\" name=\"your-email\" \/><\/span><\/label>\n\t\t<\/p>\n\t<\/div>\n\t<div class=\"contact-form-content-row\">\n\t\t<p><label>Adresa juaj <span class=\"wpcf7-form-control-wrap\" data-name=\"your-address\"><textarea cols=\"40\" rows=\"10\" maxlength=\"2000\" class=\"wpcf7-form-control wpcf7-textarea\" aria-invalid=\"false\" name=\"your-address\"><\/textarea><\/span> <\/label>\n\t\t<\/p>\n\t<\/div>\n\t<div class=\"contact-form-content-row\">\n\t\t<p><input class=\"wpcf7-form-control wpcf7-submit has-spinner\" type=\"submit\" value=\"D\u00ebrgo\" \/>\n\t\t<\/p>\n\t<\/div>\n<\/div><input type='hidden' class='wpcf7-pum' value='{\"closepopup\":false,\"closedelay\":0,\"openpopup\":false,\"openpopup_id\":0}' \/><div class=\"wpcf7-response-output\" aria-hidden=\"true\"><\/div>\n<input type=\"hidden\" name=\"trp-form-language\" value=\"al\"\/><\/form>\n<\/div>\n<\/div><\/div><\/div><div class=\"wpb_column vc_column_container vc_col-sm-5 woodmart-sticky-column wd_sticky_offset_150 wd-rs-67f5a4b86a993\"><div class=\"vc_column-inner\"><div class=\"wpb_wrapper\">\t\t<div id=\"wd-67f5a49dd9742\" class=\"wd-image wd-wpb wd-rs-67f5a49dd9742 text-left\">\n\t\t\t\n\t\t\t<img loading=\"lazy\" decoding=\"async\" width=\"680\" height=\"900\" src=\"https:\/\/nills.com\/wp-content\/uploads\/2025\/04\/ik-form-thumb-img-090425-1.jpg\" class=\"attachment-680x900 size-680x900\" alt=\"\" srcset=\"https:\/\/nills.com\/wp-content\/uploads\/2025\/04\/ik-form-thumb-img-090425-1.jpg 680w, https:\/\/nills.com\/wp-content\/uploads\/2025\/04\/ik-form-thumb-img-090425-1-227x300.jpg 227w, https:\/\/nills.com\/wp-content\/uploads\/2025\/04\/ik-form-thumb-img-090425-1-9x12.jpg 9w, https:\/\/nills.com\/wp-content\/uploads\/2025\/04\/ik-form-thumb-img-090425-1-150x199.jpg 150w\" sizes=\"auto, (max-width: 680px) 100vw, 680px\" \/>\n\t\t\t\t\t<\/div>\n\t\t<\/div><\/div><\/div><\/div>\n<\/div>","protected":false},"excerpt":{"rendered":"Ana Sayfa \/ \u0130nsan Kaynaklar\u0131 \u0130.K. Ba\u015fvuru Formu Ad\u0131n\u0131z, Soyad\u0131n\u0131z \u0130leti\u015fim Numaran\u0131z Email Adresiniz Adresiniz Ad\u0131n\u0131z, Soyad\u0131n\u0131z \u0130leti\u015fim Numaran\u0131z Email","protected":false},"author":1,"featured_media":0,"parent":0,"menu_order":0,"comment_status":"closed","ping_status":"closed","template":"","meta":{"footnotes":""},"class_list":["post-49","page","type-page","status-publish","hentry"],"yoast_head":"<!-- This site is optimized with the Yoast SEO plugin v26.8 - https:\/\/yoast.com\/product\/yoast-seo-wordpress\/ -->\n<title>\u0130nsan Kaynaklar\u0131 - Nill&#039;s Mobilya<\/title>\n<meta name=\"description\" content=\"Nill&#039;s ailesine kat\u0131lmak ister misiniz? Kariyer f\u0131rsatlar\u0131, a\u00e7\u0131k pozisyonlar ve ba\u015fvuru s\u00fcreci i\u00e7in insan kaynaklar\u0131 sayfam\u0131z\u0131 ziyaret edin.\" \/>\n<meta name=\"robots\" content=\"index, follow, max-snippet:-1, max-image-preview:large, max-video-preview:-1\" \/>\n<link rel=\"canonical\" href=\"https:\/\/nills.com\/al\/burime-te-njerezve\/\" \/>\n<meta property=\"og:locale\" content=\"sq_AL\" \/>\n<meta property=\"og:type\" content=\"article\" \/>\n<meta property=\"og:title\" content=\"\u0130nsan Kaynaklar\u0131 - Nill&#039;s Mobilya\" \/>\n<meta property=\"og:description\" content=\"Nill&#039;s ailesine kat\u0131lmak ister misiniz? Kariyer f\u0131rsatlar\u0131, a\u00e7\u0131k pozisyonlar ve ba\u015fvuru s\u00fcreci i\u00e7in insan kaynaklar\u0131 sayfam\u0131z\u0131 ziyaret edin.\" \/>\n<meta property=\"og:url\" content=\"https:\/\/nills.com\/al\/burime-te-njerezve\/\" \/>\n<meta property=\"og:site_name\" content=\"Nill&#039;s Mobilya\" \/>\n<meta property=\"article:publisher\" content=\"https:\/\/www.facebook.com\/nillsfurniture\" \/>\n<meta property=\"article:modified_time\" content=\"2026-01-02T12:23:07+00:00\" \/>\n<meta property=\"og:image\" content=\"https:\/\/nills.com\/wp-content\/uploads\/2025\/03\/hakkimizda-banner-img-050325-1.jpg\" \/>\n\t<meta property=\"og:image:width\" content=\"1440\" \/>\n\t<meta property=\"og:image:height\" content=\"1079\" \/>\n\t<meta property=\"og:image:type\" content=\"image\/jpeg\" \/>\n<meta name=\"twitter:card\" content=\"summary_large_image\" \/>\n<meta name=\"twitter:site\" content=\"@nillsfurniture\" \/>\n<meta name=\"twitter:label1\" content=\"Est. reading time\" \/>\n\t<meta name=\"twitter:data1\" content=\"2 minuta\" \/>\n<script type=\"application\/ld+json\" class=\"yoast-schema-graph\">{\"@context\":\"https:\/\/schema.org\",\"@graph\":[{\"@type\":\"WebPage\",\"@id\":\"https:\/\/nills.com\/insan-kaynaklari\/\",\"url\":\"https:\/\/nills.com\/insan-kaynaklari\/\",\"name\":\"\u0130nsan Kaynaklar\u0131 - Nill&#039;s Mobilya\",\"isPartOf\":{\"@id\":\"https:\/\/nills.com\/#website\"},\"datePublished\":\"2025-03-04T12:44:43+00:00\",\"dateModified\":\"2026-01-02T12:23:07+00:00\",\"description\":\"Nill's ailesine kat\u0131lmak ister misiniz? Kariyer f\u0131rsatlar\u0131, a\u00e7\u0131k pozisyonlar ve ba\u015fvuru s\u00fcreci i\u00e7in insan kaynaklar\u0131 sayfam\u0131z\u0131 ziyaret edin.\",\"breadcrumb\":{\"@id\":\"https:\/\/nills.com\/insan-kaynaklari\/#breadcrumb\"},\"inLanguage\":\"sq\",\"potentialAction\":[{\"@type\":\"ReadAction\",\"target\":[\"https:\/\/nills.com\/insan-kaynaklari\/\"]}]},{\"@type\":\"BreadcrumbList\",\"@id\":\"https:\/\/nills.com\/insan-kaynaklari\/#breadcrumb\",\"itemListElement\":[{\"@type\":\"ListItem\",\"position\":1,\"name\":\"Anasayfa\",\"item\":\"https:\/\/nills.com\/\"},{\"@type\":\"ListItem\",\"position\":2,\"name\":\"\u0130nsan Kaynaklar\u0131\"}]},{\"@type\":\"WebSite\",\"@id\":\"https:\/\/nills.com\/#website\",\"url\":\"https:\/\/nills.com\/\",\"name\":\"Nill's Mobilya\",\"description\":\"A Reflection Of You\",\"publisher\":{\"@id\":\"https:\/\/nills.com\/#organization\"},\"potentialAction\":[{\"@type\":\"SearchAction\",\"target\":{\"@type\":\"EntryPoint\",\"urlTemplate\":\"https:\/\/nills.com\/?s={search_term_string}\"},\"query-input\":{\"@type\":\"PropertyValueSpecification\",\"valueRequired\":true,\"valueName\":\"search_term_string\"}}],\"inLanguage\":\"sq\"},{\"@type\":\"Organization\",\"@id\":\"https:\/\/nills.com\/#organization\",\"name\":\"Nill's Mobilya\",\"url\":\"https:\/\/nills.com\/\",\"logo\":{\"@type\":\"ImageObject\",\"inLanguage\":\"sq\",\"@id\":\"https:\/\/nills.com\/#\/schema\/logo\/image\/\",\"url\":\"https:\/\/nills.com\/wp-content\/uploads\/2025\/03\/homepage-banner-img-040325-2.jpg\",\"contentUrl\":\"https:\/\/nills.com\/wp-content\/uploads\/2025\/03\/homepage-banner-img-040325-2.jpg\",\"width\":1920,\"height\":1440,\"caption\":\"Nill's Mobilya\"},\"image\":{\"@id\":\"https:\/\/nills.com\/#\/schema\/logo\/image\/\"},\"sameAs\":[\"https:\/\/www.facebook.com\/nillsfurniture\",\"https:\/\/x.com\/nillsfurniture\"]}]}<\/script>\n<!-- \/ Yoast SEO plugin. -->","yoast_head_json":{"title":"\u0130nsan Kaynaklar\u0131 - Nill&#039;s Mobilya","description":"D\u00ebshironi t\u2019i bashkoheni familjes Nill's? Vizitoni faqen ton\u00eb t\u00eb burimeve njer\u00ebzore p\u00ebr mund\u00ebsi karriere, pozicione t\u00eb hapura dhe procesin e aplikimit.","robots":{"index":"index","follow":"follow","max-snippet":"max-snippet:-1","max-image-preview":"max-image-preview:large","max-video-preview":"max-video-preview:-1"},"canonical":"https:\/\/nills.com\/al\/burime-te-njerezve\/","og_locale":"sq_AL","og_type":"article","og_title":"\u0130nsan Kaynaklar\u0131 - Nill&#039;s Mobilya","og_description":"Nill's ailesine kat\u0131lmak ister misiniz? Kariyer f\u0131rsatlar\u0131, a\u00e7\u0131k pozisyonlar ve ba\u015fvuru s\u00fcreci i\u00e7in insan kaynaklar\u0131 sayfam\u0131z\u0131 ziyaret edin.","og_url":"https:\/\/nills.com\/al\/burime-te-njerezve\/","og_site_name":"Nill&#039;s Mobilya","article_publisher":"https:\/\/www.facebook.com\/nillsfurniture","article_modified_time":"2026-01-02T12:23:07+00:00","og_image":[{"width":1440,"height":1079,"url":"https:\/\/nills.com\/wp-content\/uploads\/2025\/03\/hakkimizda-banner-img-050325-1.jpg","type":"image\/jpeg"}],"twitter_card":"summary_large_image","twitter_site":"@nillsfurniture","twitter_misc":{"Est. reading time":"2 minuta"},"schema":{"@context":"https:\/\/schema.org","@graph":[{"@type":"WebPage","@id":"https:\/\/nills.com\/insan-kaynaklari\/","url":"https:\/\/nills.com\/insan-kaynaklari\/","name":"\u0130nsan Kaynaklar\u0131 - Nill&#039;s Mobilya","isPartOf":{"@id":"https:\/\/nills.com\/#website"},"datePublished":"2025-03-04T12:44:43+00:00","dateModified":"2026-01-02T12:23:07+00:00","description":"D\u00ebshironi t\u2019i bashkoheni familjes Nill's? Vizitoni faqen ton\u00eb t\u00eb burimeve njer\u00ebzore p\u00ebr mund\u00ebsi karriere, pozicione t\u00eb hapura dhe procesin e aplikimit.","breadcrumb":{"@id":"https:\/\/nills.com\/insan-kaynaklari\/#breadcrumb"},"inLanguage":"sq","potentialAction":[{"@type":"ReadAction","target":["https:\/\/nills.com\/insan-kaynaklari\/"]}]},{"@type":"BreadcrumbList","@id":"https:\/\/nills.com\/insan-kaynaklari\/#breadcrumb","itemListElement":[{"@type":"ListItem","position":1,"name":"Anasayfa","item":"https:\/\/nills.com\/"},{"@type":"ListItem","position":2,"name":"\u0130nsan Kaynaklar\u0131"}]},{"@type":"WebSite","@id":"https:\/\/nills.com\/#website","url":"https:\/\/nills.com\/","name":"Nill's Mobilya","description":"A Reflection Of You","publisher":{"@id":"https:\/\/nills.com\/#organization"},"potentialAction":[{"@type":"SearchAction","target":{"@type":"EntryPoint","urlTemplate":"https:\/\/nills.com\/?s={search_term_string}"},"query-input":{"@type":"PropertyValueSpecification","valueRequired":true,"valueName":"search_term_string"}}],"inLanguage":"sq"},{"@type":"Organization","@id":"https:\/\/nills.com\/#organization","name":"Nill's Mobilya","url":"https:\/\/nills.com\/","logo":{"@type":"ImageObject","inLanguage":"sq","@id":"https:\/\/nills.com\/#\/schema\/logo\/image\/","url":"https:\/\/nills.com\/wp-content\/uploads\/2025\/03\/homepage-banner-img-040325-2.jpg","contentUrl":"https:\/\/nills.com\/wp-content\/uploads\/2025\/03\/homepage-banner-img-040325-2.jpg","width":1920,"height":1440,"caption":"Nill's Mobilya"},"image":{"@id":"https:\/\/nills.com\/#\/schema\/logo\/image\/"},"sameAs":["https:\/\/www.facebook.com\/nillsfurniture","https:\/\/x.com\/nillsfurniture"]}]}},"_links":{"self":[{"href":"https:\/\/nills.com\/al\/wp-json\/wp\/v2\/pages\/49","targetHints":{"allow":["GET"]}}],"collection":[{"href":"https:\/\/nills.com\/al\/wp-json\/wp\/v2\/pages"}],"about":[{"href":"https:\/\/nills.com\/al\/wp-json\/wp\/v2\/types\/page"}],"author":[{"embeddable":true,"href":"https:\/\/nills.com\/al\/wp-json\/wp\/v2\/users\/1"}],"replies":[{"embeddable":true,"href":"https:\/\/nills.com\/al\/wp-json\/wp\/v2\/comments?post=49"}],"version-history":[{"count":15,"href":"https:\/\/nills.com\/al\/wp-json\/wp\/v2\/pages\/49\/revisions"}],"predecessor-version":[{"id":6874,"href":"https:\/\/nills.com\/al\/wp-json\/wp\/v2\/pages\/49\/revisions\/6874"}],"wp:attachment":[{"href":"https:\/\/nills.com\/al\/wp-json\/wp\/v2\/media?parent=49"}],"curies":[{"name":"wp","href":"https:\/\/api.w.org\/{rel}","templated":true}]}}