{"id":4197,"date":"2025-05-12T11:12:56","date_gmt":"2025-05-12T11:12:56","guid":{"rendered":"https:\/\/nills.com\/?post_type=product&#038;p=4197"},"modified":"2025-12-23T07:39:26","modified_gmt":"2025-12-23T07:39:26","slug":"sivella-rafte","status":"publish","type":"product","link":"https:\/\/nills.com\/al\/produkt\/sivella-rafte\/","title":{"rendered":"Raft\u00eb Librash Sivella"},"content":{"rendered":"","protected":false},"excerpt":{"rendered":"","protected":false},"featured_media":4904,"comment_status":"open","ping_status":"closed","template":"","meta":[],"product_brand":[],"product_cat":[31,66],"product_tag":[],"class_list":{"0":"post-4197","1":"product","2":"type-product","3":"status-publish","4":"has-post-thumbnail","6":"product_cat-kitapliklar","7":"product_cat-sivella-koleksiyonu","9":"first","10":"instock","11":"shipping-taxable","12":"product-type-simple"},"yoast_head":"<!-- This site is optimized with the Yoast SEO plugin v26.8 - https:\/\/yoast.com\/product\/yoast-seo-wordpress\/ -->\n<title>Sivella Kitapl\u0131k - Nill&#039;s Mobilya<\/title>\n<meta name=\"description\" content=\"Sivella Kitapl\u0131k, kitap tutkunlar\u0131 i\u00e7in geni\u015f bir koleksiyon sunuyor. En yeni eserlerden klasiklere, her zevke uygun kitaplar\u0131 ke\u015ffedin.\" \/>\n<meta name=\"robots\" content=\"index, follow, max-snippet:-1, max-image-preview:large, max-video-preview:-1\" \/>\n<link rel=\"canonical\" href=\"https:\/\/nills.com\/al\/produkt\/sivella-rafte\/\" \/>\n<meta property=\"og:locale\" content=\"sq_AL\" \/>\n<meta property=\"og:type\" content=\"article\" \/>\n<meta property=\"og:title\" content=\"Sivella Kitapl\u0131k - Nill&#039;s Mobilya\" \/>\n<meta property=\"og:description\" content=\"Sivella Kitapl\u0131k, kitap tutkunlar\u0131 i\u00e7in geni\u015f bir koleksiyon sunuyor. En yeni eserlerden klasiklere, her zevke uygun kitaplar\u0131 ke\u015ffedin.\" \/>\n<meta property=\"og:url\" content=\"https:\/\/nills.com\/al\/produkt\/sivella-rafte\/\" \/>\n<meta property=\"og:site_name\" content=\"Nill&#039;s Mobilya\" \/>\n<meta property=\"article:publisher\" content=\"https:\/\/www.facebook.com\/nillsfurniture\" \/>\n<meta property=\"article:modified_time\" content=\"2025-12-23T07:39:26+00:00\" \/>\n<meta property=\"og:image\" content=\"https:\/\/nills.com\/wp-content\/uploads\/2025\/05\/sivella-kitaplik-040825-1.jpg\" \/>\n\t<meta property=\"og:image:width\" content=\"1920\" \/>\n\t<meta property=\"og:image:height\" content=\"1440\" \/>\n\t<meta property=\"og:image:type\" content=\"image\/jpeg\" \/>\n<meta name=\"twitter:card\" content=\"summary_large_image\" \/>\n<meta name=\"twitter:site\" content=\"@nillsfurniture\" \/>\n<meta name=\"twitter:label1\" content=\"Est. reading time\" \/>\n\t<meta name=\"twitter:data1\" content=\"1 minut\u00eb\" \/>\n<script type=\"application\/ld+json\" class=\"yoast-schema-graph\">{\"@context\":\"https:\/\/schema.org\",\"@graph\":[{\"@type\":\"WebPage\",\"@id\":\"https:\/\/nills.com\/urun\/sivella-kitaplik\/\",\"url\":\"https:\/\/nills.com\/urun\/sivella-kitaplik\/\",\"name\":\"Sivella Kitapl\u0131k - Nill&#039;s Mobilya\",\"isPartOf\":{\"@id\":\"https:\/\/nills.com\/#website\"},\"primaryImageOfPage\":{\"@id\":\"https:\/\/nills.com\/urun\/sivella-kitaplik\/#primaryimage\"},\"image\":{\"@id\":\"https:\/\/nills.com\/urun\/sivella-kitaplik\/#primaryimage\"},\"thumbnailUrl\":\"https:\/\/nills.com\/wp-content\/uploads\/2025\/05\/sivella-kitaplik-040825-1.jpg\",\"datePublished\":\"2025-05-12T11:12:56+00:00\",\"dateModified\":\"2025-12-23T07:39:26+00:00\",\"description\":\"Sivella Kitapl\u0131k, kitap tutkunlar\u0131 i\u00e7in geni\u015f bir koleksiyon sunuyor. En yeni eserlerden klasiklere, her zevke uygun kitaplar\u0131 ke\u015ffedin.\",\"breadcrumb\":{\"@id\":\"https:\/\/nills.com\/urun\/sivella-kitaplik\/#breadcrumb\"},\"inLanguage\":\"sq\",\"potentialAction\":[{\"@type\":\"ReadAction\",\"target\":[\"https:\/\/nills.com\/urun\/sivella-kitaplik\/\"]}]},{\"@type\":\"ImageObject\",\"inLanguage\":\"sq\",\"@id\":\"https:\/\/nills.com\/urun\/sivella-kitaplik\/#primaryimage\",\"url\":\"https:\/\/nills.com\/wp-content\/uploads\/2025\/05\/sivella-kitaplik-040825-1.jpg\",\"contentUrl\":\"https:\/\/nills.com\/wp-content\/uploads\/2025\/05\/sivella-kitaplik-040825-1.jpg\",\"width\":1920,\"height\":1440},{\"@type\":\"BreadcrumbList\",\"@id\":\"https:\/\/nills.com\/urun\/sivella-kitaplik\/#breadcrumb\",\"itemListElement\":[{\"@type\":\"ListItem\",\"position\":1,\"name\":\"Anasayfa\",\"item\":\"https:\/\/nills.com\/\"},{\"@type\":\"ListItem\",\"position\":2,\"name\":\"\u00dcr\u00fcnler\",\"item\":\"https:\/\/nills.com\/shop\/\"},{\"@type\":\"ListItem\",\"position\":3,\"name\":\"Sivella Kitapl\u0131k\"}]},{\"@type\":\"WebSite\",\"@id\":\"https:\/\/nills.com\/#website\",\"url\":\"https:\/\/nills.com\/\",\"name\":\"Nill's Mobilya\",\"description\":\"A Reflection Of You\",\"publisher\":{\"@id\":\"https:\/\/nills.com\/#organization\"},\"potentialAction\":[{\"@type\":\"SearchAction\",\"target\":{\"@type\":\"EntryPoint\",\"urlTemplate\":\"https:\/\/nills.com\/?s={search_term_string}\"},\"query-input\":{\"@type\":\"PropertyValueSpecification\",\"valueRequired\":true,\"valueName\":\"search_term_string\"}}],\"inLanguage\":\"sq\"},{\"@type\":\"Organization\",\"@id\":\"https:\/\/nills.com\/#organization\",\"name\":\"Nill's Mobilya\",\"url\":\"https:\/\/nills.com\/\",\"logo\":{\"@type\":\"ImageObject\",\"inLanguage\":\"sq\",\"@id\":\"https:\/\/nills.com\/#\/schema\/logo\/image\/\",\"url\":\"https:\/\/nills.com\/wp-content\/uploads\/2025\/03\/homepage-banner-img-040325-2.jpg\",\"contentUrl\":\"https:\/\/nills.com\/wp-content\/uploads\/2025\/03\/homepage-banner-img-040325-2.jpg\",\"width\":1920,\"height\":1440,\"caption\":\"Nill's Mobilya\"},\"image\":{\"@id\":\"https:\/\/nills.com\/#\/schema\/logo\/image\/\"},\"sameAs\":[\"https:\/\/www.facebook.com\/nillsfurniture\",\"https:\/\/x.com\/nillsfurniture\"]}]}<\/script>\n<!-- \/ Yoast SEO plugin. -->","yoast_head_json":{"title":"Sivella Kitapl\u0131k - Nill&#039;s Mobilya","description":"Rafti i librave Sivella ofron nj\u00eb koleksion t\u00eb gjer\u00eb p\u00ebr dashamir\u00ebt e librave. Zbuloni libra p\u00ebr \u00e7do shije, nga botimet m\u00eb t\u00eb reja te klasik\u00ebt e p\u00ebrjetsh\u00ebm.","robots":{"index":"index","follow":"follow","max-snippet":"max-snippet:-1","max-image-preview":"max-image-preview:large","max-video-preview":"max-video-preview:-1"},"canonical":"https:\/\/nills.com\/al\/produkt\/sivella-rafte\/","og_locale":"sq_AL","og_type":"article","og_title":"Sivella Kitapl\u0131k - Nill&#039;s Mobilya","og_description":"Sivella Kitapl\u0131k, kitap tutkunlar\u0131 i\u00e7in geni\u015f bir koleksiyon sunuyor. En yeni eserlerden klasiklere, her zevke uygun kitaplar\u0131 ke\u015ffedin.","og_url":"https:\/\/nills.com\/al\/produkt\/sivella-rafte\/","og_site_name":"Nill&#039;s Mobilya","article_publisher":"https:\/\/www.facebook.com\/nillsfurniture","article_modified_time":"2025-12-23T07:39:26+00:00","og_image":[{"width":1920,"height":1440,"url":"https:\/\/nills.com\/wp-content\/uploads\/2025\/05\/sivella-kitaplik-040825-1.jpg","type":"image\/jpeg"}],"twitter_card":"summary_large_image","twitter_site":"@nillsfurniture","twitter_misc":{"Est. reading time":"1 minut\u00eb"},"schema":{"@context":"https:\/\/schema.org","@graph":[{"@type":"WebPage","@id":"https:\/\/nills.com\/urun\/sivella-kitaplik\/","url":"https:\/\/nills.com\/urun\/sivella-kitaplik\/","name":"Sivella Kitapl\u0131k - Nill&#039;s Mobilya","isPartOf":{"@id":"https:\/\/nills.com\/#website"},"primaryImageOfPage":{"@id":"https:\/\/nills.com\/urun\/sivella-kitaplik\/#primaryimage"},"image":{"@id":"https:\/\/nills.com\/urun\/sivella-kitaplik\/#primaryimage"},"thumbnailUrl":"https:\/\/nills.com\/wp-content\/uploads\/2025\/05\/sivella-kitaplik-040825-1.jpg","datePublished":"2025-05-12T11:12:56+00:00","dateModified":"2025-12-23T07:39:26+00:00","description":"Rafti i librave Sivella ofron nj\u00eb koleksion t\u00eb gjer\u00eb p\u00ebr dashamir\u00ebt e librave. Zbuloni libra p\u00ebr \u00e7do shije, nga botimet m\u00eb t\u00eb reja te klasik\u00ebt e p\u00ebrjetsh\u00ebm.","breadcrumb":{"@id":"https:\/\/nills.com\/urun\/sivella-kitaplik\/#breadcrumb"},"inLanguage":"sq","potentialAction":[{"@type":"ReadAction","target":["https:\/\/nills.com\/urun\/sivella-kitaplik\/"]}]},{"@type":"ImageObject","inLanguage":"sq","@id":"https:\/\/nills.com\/urun\/sivella-kitaplik\/#primaryimage","url":"https:\/\/nills.com\/wp-content\/uploads\/2025\/05\/sivella-kitaplik-040825-1.jpg","contentUrl":"https:\/\/nills.com\/wp-content\/uploads\/2025\/05\/sivella-kitaplik-040825-1.jpg","width":1920,"height":1440},{"@type":"BreadcrumbList","@id":"https:\/\/nills.com\/urun\/sivella-kitaplik\/#breadcrumb","itemListElement":[{"@type":"ListItem","position":1,"name":"Anasayfa","item":"https:\/\/nills.com\/"},{"@type":"ListItem","position":2,"name":"\u00dcr\u00fcnler","item":"https:\/\/nills.com\/shop\/"},{"@type":"ListItem","position":3,"name":"Sivella Kitapl\u0131k"}]},{"@type":"WebSite","@id":"https:\/\/nills.com\/#website","url":"https:\/\/nills.com\/","name":"Nill's Mobilya","description":"A Reflection Of You","publisher":{"@id":"https:\/\/nills.com\/#organization"},"potentialAction":[{"@type":"SearchAction","target":{"@type":"EntryPoint","urlTemplate":"https:\/\/nills.com\/?s={search_term_string}"},"query-input":{"@type":"PropertyValueSpecification","valueRequired":true,"valueName":"search_term_string"}}],"inLanguage":"sq"},{"@type":"Organization","@id":"https:\/\/nills.com\/#organization","name":"Nill's Mobilya","url":"https:\/\/nills.com\/","logo":{"@type":"ImageObject","inLanguage":"sq","@id":"https:\/\/nills.com\/#\/schema\/logo\/image\/","url":"https:\/\/nills.com\/wp-content\/uploads\/2025\/03\/homepage-banner-img-040325-2.jpg","contentUrl":"https:\/\/nills.com\/wp-content\/uploads\/2025\/03\/homepage-banner-img-040325-2.jpg","width":1920,"height":1440,"caption":"Nill's Mobilya"},"image":{"@id":"https:\/\/nills.com\/#\/schema\/logo\/image\/"},"sameAs":["https:\/\/www.facebook.com\/nillsfurniture","https:\/\/x.com\/nillsfurniture"]}]}},"_links":{"self":[{"href":"https:\/\/nills.com\/al\/wp-json\/wp\/v2\/product\/4197","targetHints":{"allow":["GET"]}}],"collection":[{"href":"https:\/\/nills.com\/al\/wp-json\/wp\/v2\/product"}],"about":[{"href":"https:\/\/nills.com\/al\/wp-json\/wp\/v2\/types\/product"}],"replies":[{"embeddable":true,"href":"https:\/\/nills.com\/al\/wp-json\/wp\/v2\/comments?post=4197"}],"wp:featuredmedia":[{"embeddable":true,"href":"https:\/\/nills.com\/al\/wp-json\/wp\/v2\/media\/4904"}],"wp:attachment":[{"href":"https:\/\/nills.com\/al\/wp-json\/wp\/v2\/media?parent=4197"}],"wp:term":[{"taxonomy":"product_brand","embeddable":true,"href":"https:\/\/nills.com\/al\/wp-json\/wp\/v2\/product_brand?post=4197"},{"taxonomy":"product_cat","embeddable":true,"href":"https:\/\/nills.com\/al\/wp-json\/wp\/v2\/product_cat?post=4197"},{"taxonomy":"product_tag","embeddable":true,"href":"https:\/\/nills.com\/al\/wp-json\/wp\/v2\/product_tag?post=4197"}],"curies":[{"name":"wp","href":"https:\/\/api.w.org\/{rel}","templated":true}]}}