{"id":6218,"date":"2025-11-10T15:24:48","date_gmt":"2025-11-10T15:24:48","guid":{"rendered":"https:\/\/nills.com\/?post_type=product&#038;p=6218"},"modified":"2025-12-16T13:10:21","modified_gmt":"2025-12-16T13:10:21","slug":"seti-i-tavolinave-lume","status":"publish","type":"product","link":"https:\/\/nills.com\/al\/produkt\/seti-i-tavolinave-lume\/","title":{"rendered":"Lume Coffee Table Set"},"content":{"rendered":"","protected":false},"excerpt":{"rendered":"","protected":false},"featured_media":6494,"comment_status":"open","ping_status":"closed","template":"","meta":[],"product_brand":[],"product_cat":[37],"product_tag":[],"class_list":{"0":"post-6218","1":"product","2":"type-product","3":"status-publish","4":"has-post-thumbnail","6":"product_cat-sehpalar","8":"first","9":"instock","10":"shipping-taxable","11":"product-type-simple"},"yoast_head":"<!-- This site is optimized with the Yoast SEO plugin v26.8 - https:\/\/yoast.com\/product\/yoast-seo-wordpress\/ -->\n<title>Lume Sehpa Tak\u0131m\u0131 - Nill&#039;s Mobilya<\/title>\n<meta name=\"description\" content=\"Lume sehpa tak\u0131m\u0131, zarif tasar\u0131m\u0131yla ya\u015fam alanlar\u0131n\u0131za estetik bir dokunu\u015f getiriyor. Farkl\u0131 modelleriyle evinizi g\u00fczelle\u015ftirin!\" \/>\n<meta name=\"robots\" content=\"index, follow, max-snippet:-1, max-image-preview:large, max-video-preview:-1\" \/>\n<link rel=\"canonical\" href=\"https:\/\/nills.com\/al\/produkt\/seti-i-tavolinave-lume\/\" \/>\n<meta property=\"og:locale\" content=\"sq_AL\" \/>\n<meta property=\"og:type\" content=\"article\" \/>\n<meta property=\"og:title\" content=\"Lume Sehpa Tak\u0131m\u0131 - Nill&#039;s Mobilya\" \/>\n<meta property=\"og:description\" content=\"Lume sehpa tak\u0131m\u0131, zarif tasar\u0131m\u0131yla ya\u015fam alanlar\u0131n\u0131za estetik bir dokunu\u015f getiriyor. Farkl\u0131 modelleriyle evinizi g\u00fczelle\u015ftirin!\" \/>\n<meta property=\"og:url\" content=\"https:\/\/nills.com\/al\/produkt\/seti-i-tavolinave-lume\/\" \/>\n<meta property=\"og:site_name\" content=\"Nill&#039;s Mobilya\" \/>\n<meta property=\"article:publisher\" content=\"https:\/\/www.facebook.com\/nillsfurniture\" \/>\n<meta property=\"article:modified_time\" content=\"2025-12-16T13:10:21+00:00\" \/>\n<meta property=\"og:image\" content=\"https:\/\/nills.com\/wp-content\/uploads\/2025\/11\/lume-sehpa-takimi.jpg\" \/>\n\t<meta property=\"og:image:width\" content=\"1920\" \/>\n\t<meta property=\"og:image:height\" content=\"1440\" \/>\n\t<meta property=\"og:image:type\" content=\"image\/jpeg\" \/>\n<meta name=\"twitter:card\" content=\"summary_large_image\" \/>\n<meta name=\"twitter:site\" content=\"@nillsfurniture\" \/>\n<meta name=\"twitter:label1\" content=\"Est. reading time\" \/>\n\t<meta name=\"twitter:data1\" content=\"1 minut\u00eb\" \/>\n<script type=\"application\/ld+json\" class=\"yoast-schema-graph\">{\"@context\":\"https:\/\/schema.org\",\"@graph\":[{\"@type\":\"WebPage\",\"@id\":\"https:\/\/nills.com\/urun\/lume-sehpa-takimi\/\",\"url\":\"https:\/\/nills.com\/urun\/lume-sehpa-takimi\/\",\"name\":\"Lume Sehpa Tak\u0131m\u0131 - Nill&#039;s Mobilya\",\"isPartOf\":{\"@id\":\"https:\/\/nills.com\/#website\"},\"primaryImageOfPage\":{\"@id\":\"https:\/\/nills.com\/urun\/lume-sehpa-takimi\/#primaryimage\"},\"image\":{\"@id\":\"https:\/\/nills.com\/urun\/lume-sehpa-takimi\/#primaryimage\"},\"thumbnailUrl\":\"https:\/\/nills.com\/wp-content\/uploads\/2025\/11\/lume-sehpa-takimi.jpg\",\"datePublished\":\"2025-11-10T15:24:48+00:00\",\"dateModified\":\"2025-12-16T13:10:21+00:00\",\"description\":\"Lume sehpa tak\u0131m\u0131, zarif tasar\u0131m\u0131yla ya\u015fam alanlar\u0131n\u0131za estetik bir dokunu\u015f getiriyor. Farkl\u0131 modelleriyle evinizi g\u00fczelle\u015ftirin!\",\"breadcrumb\":{\"@id\":\"https:\/\/nills.com\/urun\/lume-sehpa-takimi\/#breadcrumb\"},\"inLanguage\":\"sq\",\"potentialAction\":[{\"@type\":\"ReadAction\",\"target\":[\"https:\/\/nills.com\/urun\/lume-sehpa-takimi\/\"]}]},{\"@type\":\"ImageObject\",\"inLanguage\":\"sq\",\"@id\":\"https:\/\/nills.com\/urun\/lume-sehpa-takimi\/#primaryimage\",\"url\":\"https:\/\/nills.com\/wp-content\/uploads\/2025\/11\/lume-sehpa-takimi.jpg\",\"contentUrl\":\"https:\/\/nills.com\/wp-content\/uploads\/2025\/11\/lume-sehpa-takimi.jpg\",\"width\":1920,\"height\":1440},{\"@type\":\"BreadcrumbList\",\"@id\":\"https:\/\/nills.com\/urun\/lume-sehpa-takimi\/#breadcrumb\",\"itemListElement\":[{\"@type\":\"ListItem\",\"position\":1,\"name\":\"Anasayfa\",\"item\":\"https:\/\/nills.com\/\"},{\"@type\":\"ListItem\",\"position\":2,\"name\":\"\u00dcr\u00fcnler\",\"item\":\"https:\/\/nills.com\/shop\/\"},{\"@type\":\"ListItem\",\"position\":3,\"name\":\"Lume Sehpa Tak\u0131m\u0131\"}]},{\"@type\":\"WebSite\",\"@id\":\"https:\/\/nills.com\/#website\",\"url\":\"https:\/\/nills.com\/\",\"name\":\"Nill's Mobilya\",\"description\":\"A Reflection Of You\",\"publisher\":{\"@id\":\"https:\/\/nills.com\/#organization\"},\"potentialAction\":[{\"@type\":\"SearchAction\",\"target\":{\"@type\":\"EntryPoint\",\"urlTemplate\":\"https:\/\/nills.com\/?s={search_term_string}\"},\"query-input\":{\"@type\":\"PropertyValueSpecification\",\"valueRequired\":true,\"valueName\":\"search_term_string\"}}],\"inLanguage\":\"sq\"},{\"@type\":\"Organization\",\"@id\":\"https:\/\/nills.com\/#organization\",\"name\":\"Nill's Mobilya\",\"url\":\"https:\/\/nills.com\/\",\"logo\":{\"@type\":\"ImageObject\",\"inLanguage\":\"sq\",\"@id\":\"https:\/\/nills.com\/#\/schema\/logo\/image\/\",\"url\":\"https:\/\/nills.com\/wp-content\/uploads\/2025\/03\/homepage-banner-img-040325-2.jpg\",\"contentUrl\":\"https:\/\/nills.com\/wp-content\/uploads\/2025\/03\/homepage-banner-img-040325-2.jpg\",\"width\":1920,\"height\":1440,\"caption\":\"Nill's Mobilya\"},\"image\":{\"@id\":\"https:\/\/nills.com\/#\/schema\/logo\/image\/\"},\"sameAs\":[\"https:\/\/www.facebook.com\/nillsfurniture\",\"https:\/\/x.com\/nillsfurniture\"]}]}<\/script>\n<!-- \/ Yoast SEO plugin. -->","yoast_head_json":{"title":"Lume Sehpa Tak\u0131m\u0131 - Nill&#039;s Mobilya","description":"Seti i tavolinave Lume sjell nj\u00eb prekje estetike n\u00eb hap\u00ebsirat tuaja t\u00eb jetes\u00ebs me dizajnin e tij elegant. Zbukurojeni sht\u00ebpin\u00eb tuaj me modelet e ndryshme!","robots":{"index":"index","follow":"follow","max-snippet":"max-snippet:-1","max-image-preview":"max-image-preview:large","max-video-preview":"max-video-preview:-1"},"canonical":"https:\/\/nills.com\/al\/produkt\/seti-i-tavolinave-lume\/","og_locale":"sq_AL","og_type":"article","og_title":"Lume Sehpa Tak\u0131m\u0131 - Nill&#039;s Mobilya","og_description":"Lume sehpa tak\u0131m\u0131, zarif tasar\u0131m\u0131yla ya\u015fam alanlar\u0131n\u0131za estetik bir dokunu\u015f getiriyor. Farkl\u0131 modelleriyle evinizi g\u00fczelle\u015ftirin!","og_url":"https:\/\/nills.com\/al\/produkt\/seti-i-tavolinave-lume\/","og_site_name":"Nill&#039;s Mobilya","article_publisher":"https:\/\/www.facebook.com\/nillsfurniture","article_modified_time":"2025-12-16T13:10:21+00:00","og_image":[{"width":1920,"height":1440,"url":"https:\/\/nills.com\/wp-content\/uploads\/2025\/11\/lume-sehpa-takimi.jpg","type":"image\/jpeg"}],"twitter_card":"summary_large_image","twitter_site":"@nillsfurniture","twitter_misc":{"Est. reading time":"1 minut\u00eb"},"schema":{"@context":"https:\/\/schema.org","@graph":[{"@type":"WebPage","@id":"https:\/\/nills.com\/urun\/lume-sehpa-takimi\/","url":"https:\/\/nills.com\/urun\/lume-sehpa-takimi\/","name":"Lume Sehpa Tak\u0131m\u0131 - Nill&#039;s Mobilya","isPartOf":{"@id":"https:\/\/nills.com\/#website"},"primaryImageOfPage":{"@id":"https:\/\/nills.com\/urun\/lume-sehpa-takimi\/#primaryimage"},"image":{"@id":"https:\/\/nills.com\/urun\/lume-sehpa-takimi\/#primaryimage"},"thumbnailUrl":"https:\/\/nills.com\/wp-content\/uploads\/2025\/11\/lume-sehpa-takimi.jpg","datePublished":"2025-11-10T15:24:48+00:00","dateModified":"2025-12-16T13:10:21+00:00","description":"Seti i tavolinave Lume sjell nj\u00eb prekje estetike n\u00eb hap\u00ebsirat tuaja t\u00eb jetes\u00ebs me dizajnin e tij elegant. Zbukurojeni sht\u00ebpin\u00eb tuaj me modelet e ndryshme!","breadcrumb":{"@id":"https:\/\/nills.com\/urun\/lume-sehpa-takimi\/#breadcrumb"},"inLanguage":"sq","potentialAction":[{"@type":"ReadAction","target":["https:\/\/nills.com\/urun\/lume-sehpa-takimi\/"]}]},{"@type":"ImageObject","inLanguage":"sq","@id":"https:\/\/nills.com\/urun\/lume-sehpa-takimi\/#primaryimage","url":"https:\/\/nills.com\/wp-content\/uploads\/2025\/11\/lume-sehpa-takimi.jpg","contentUrl":"https:\/\/nills.com\/wp-content\/uploads\/2025\/11\/lume-sehpa-takimi.jpg","width":1920,"height":1440},{"@type":"BreadcrumbList","@id":"https:\/\/nills.com\/urun\/lume-sehpa-takimi\/#breadcrumb","itemListElement":[{"@type":"ListItem","position":1,"name":"Anasayfa","item":"https:\/\/nills.com\/"},{"@type":"ListItem","position":2,"name":"\u00dcr\u00fcnler","item":"https:\/\/nills.com\/shop\/"},{"@type":"ListItem","position":3,"name":"Lume Sehpa Tak\u0131m\u0131"}]},{"@type":"WebSite","@id":"https:\/\/nills.com\/#website","url":"https:\/\/nills.com\/","name":"Nill's Mobilya","description":"A Reflection Of You","publisher":{"@id":"https:\/\/nills.com\/#organization"},"potentialAction":[{"@type":"SearchAction","target":{"@type":"EntryPoint","urlTemplate":"https:\/\/nills.com\/?s={search_term_string}"},"query-input":{"@type":"PropertyValueSpecification","valueRequired":true,"valueName":"search_term_string"}}],"inLanguage":"sq"},{"@type":"Organization","@id":"https:\/\/nills.com\/#organization","name":"Nill's Mobilya","url":"https:\/\/nills.com\/","logo":{"@type":"ImageObject","inLanguage":"sq","@id":"https:\/\/nills.com\/#\/schema\/logo\/image\/","url":"https:\/\/nills.com\/wp-content\/uploads\/2025\/03\/homepage-banner-img-040325-2.jpg","contentUrl":"https:\/\/nills.com\/wp-content\/uploads\/2025\/03\/homepage-banner-img-040325-2.jpg","width":1920,"height":1440,"caption":"Nill's Mobilya"},"image":{"@id":"https:\/\/nills.com\/#\/schema\/logo\/image\/"},"sameAs":["https:\/\/www.facebook.com\/nillsfurniture","https:\/\/x.com\/nillsfurniture"]}]}},"_links":{"self":[{"href":"https:\/\/nills.com\/al\/wp-json\/wp\/v2\/product\/6218","targetHints":{"allow":["GET"]}}],"collection":[{"href":"https:\/\/nills.com\/al\/wp-json\/wp\/v2\/product"}],"about":[{"href":"https:\/\/nills.com\/al\/wp-json\/wp\/v2\/types\/product"}],"replies":[{"embeddable":true,"href":"https:\/\/nills.com\/al\/wp-json\/wp\/v2\/comments?post=6218"}],"wp:featuredmedia":[{"embeddable":true,"href":"https:\/\/nills.com\/al\/wp-json\/wp\/v2\/media\/6494"}],"wp:attachment":[{"href":"https:\/\/nills.com\/al\/wp-json\/wp\/v2\/media?parent=6218"}],"wp:term":[{"taxonomy":"product_brand","embeddable":true,"href":"https:\/\/nills.com\/al\/wp-json\/wp\/v2\/product_brand?post=6218"},{"taxonomy":"product_cat","embeddable":true,"href":"https:\/\/nills.com\/al\/wp-json\/wp\/v2\/product_cat?post=6218"},{"taxonomy":"product_tag","embeddable":true,"href":"https:\/\/nills.com\/al\/wp-json\/wp\/v2\/product_tag?post=6218"}],"curies":[{"name":"wp","href":"https:\/\/api.w.org\/{rel}","templated":true}]}}