{"id":4046,"date":"2025-05-21T14:05:13","date_gmt":"2025-05-21T14:05:13","guid":{"rendered":"https:\/\/nills.com\/?page_id=4046"},"modified":"2026-04-16T08:43:09","modified_gmt":"2026-04-16T08:43:09","slug":"stores","status":"publish","type":"page","link":"https:\/\/nills.com\/en\/stores\/","title":{"rendered":"Stores"},"content":{"rendered":"<div class=\"wpb-content-wrapper\"><div id=\"custom-page-banner\" data-vc-full-width=\"true\" data-vc-full-width-init=\"false\" class=\"vc_row wpb_row vc_row-fluid vc_custom_1748264013162 wd-rs-6834644421918\"><div class=\"wpb_column vc_column_container vc_col-sm-12\"><div class=\"vc_column-inner\"><div class=\"wpb_wrapper\">\t\t<div id=\"wd-680a96555257b\" class=\"wd-text-block wd-wpb reset-last-child wd-rs-680a96555257b text-left\">\n\t\t\t<div class=\"custom-breadcrumb-content\">\n<p><a href=\"\/en\/\">Home Page<\/a><\/p>\n<div class=\"link-spacer\">\/<\/div>\n<p><a href=\"\/en\/stores\/\">Stores<\/a><\/p>\n<\/div>\n<div class=\"title-cont\">\n<h1>Stores<\/h1>\n<\/div>\n\t\t<\/div>\n\t\t<\/div><\/div><\/div><\/div><div class=\"vc_row-full-width vc_clearfix\"><\/div><div id=\"sales-points\" class=\"vc_row wpb_row vc_row-fluid vc_custom_1748264021348 wd-rs-6834644f05518\"><div class=\"wpb_column vc_column_container vc_col-sm-12\"><div class=\"vc_column-inner\"><div class=\"wpb_wrapper\">\n\t<div class=\"wpb_raw_code wpb_raw_html wpb_content_element\" >\n\t\t<div class=\"wpb_wrapper\">\n\t\t\t<form action=\"\">\r\n    <div class=\"country-first\">\r\n        <label for=\"country\">Countries<\/label>\r\n        <select id=\"country\" name=\"country\" onchange=\"onCountryChange()\">\r\n            <option value=\"\" selected>All Countries<\/option>\r\n            <option value=\"turkey\">T\u00fcrkiye<\/option>\r\n            <option value=\"arnavutluk\">Albania<\/option>\r\n           <!-- <option value=\"iran\">\u0130ran<\/option>-->\r\n            <option value=\"romanya\">Romania<\/option>\r\n            <option value=\"irak\">Irak<\/option>\r\n        <\/select>\r\n    <\/div>\r\n    <div class=\"city-first\">\r\n        <label for=\"city\">Stores<\/label>\r\n        <select id=\"city\" name=\"city\" onchange=\"onCityChange()\">\r\n            <option value=\"\" selected>All Stores<\/option>\r\n        <\/select>\r\n    <\/div>\r\n<input type=\"hidden\" name=\"trp-form-language\" value=\"en\"\/><\/form>\r\n\r\n<div id=\"contactList\">\r\n    <!-- Addresses will be listed here -->\r\n<\/div>\r\n\r\n<script>\r\nconst cityData = {\r\n    turkey: {\r\n        ankara: {\r\n            name: \"Ankara Nill's\",\r\n            address: \"Karacakaya Cad. No:142 Siteler - Alt\u0131nda\u011f \/ Ankara\",\r\n            phone: [\"+90 533 017 06 85\", \"+90 312 349 16 61\"],\r\n            email: \"ankara@nills.com.tr\",\r\n            map: \"https:\/\/maps.app.goo.gl\/LCTEzg4e5vV3gw9T9\"\r\n        },\r\n        antalya: {\r\n            name: \"Antalya Nill\u2019s (Outlet)\",\r\n            address: \"Mehmet\u00e7ik Mah. Aspendos Bulvar\u0131 Aspendos \u0130\u015f Merkezi No:65\/B \u2013 Muratpa\u015fa\/Antalya\",\r\n            phone: [\"+90 242 311 80 87\",\"+90 533 017 06 93\"],\r\n            email: \"antalya@nills.com.tr\",\r\n            map: \"https:\/\/maps.app.goo.gl\/WeSMRLNLztoooaqE6\"\r\n        },\r\n        bursa: {\r\n            name: \"Bursa Nill\u2019s\",\r\n            address: \"Bar\u0131\u015f Mahallesi \u0130zmir Yolu Caddesi No:166 Nil\u00fcfer\/BURSA\",\r\n            phone: [\"+90 224 451 12 22\",\"+90 533 017 07 26\"],\r\n            email: \"bursa@nills.com.tr\",\r\n            map: \"https:\/\/maps.app.goo.gl\/WeSMRLNLztoooaqE6\"\r\n        },\r\n        \r\n        denizli: {\r\n            name: \"Denizli Nill\u2019s\",\r\n            address: \"Asmal\u0131evler Mah. S\u00fcleyman Demirel Blv. No:69 \u2013 Denizli\",\r\n            phone: [\"+90 258 211 88 22\",\"+90 533 017 06 95\"],\r\n            email: \"denizli@nills.com.tr\",\r\n            map: \"https:\/\/maps.app.goo.gl\/FrSGtLv7oP1kmU889\"\r\n        },\r\n        gaziantep: {\r\n            name: \"Gaziantep Nill\u2019s\",\r\n            address: \"15 Temmuz Mahallesi 148167 Nolu Sokak No:29 \u015eehitkamil\/Gaziantep\",\r\n            phone: [\"+90 342 502 10 14\",\"+90 533 017 06 58\"],\r\n            email: \"gaziantep@nills.com.tr\",\r\n            map: \"https:\/\/maps.app.goo.gl\/3HprDrWgico1JTSr9\"\r\n        },\r\n        bursa3: {\r\n            name: \"\u0130neg\u00f6l Nill\u2019s\",\r\n            address: \"Mahmudiye Mah. 27. Mobilya Sokak No:1 16400 \u0130neg\u00f6l \/ Bursa - T\u00fcrkiye\",\r\n            phone: [\"+90 224 714 10 35\",\"+90 224 718 56 16\"],\r\n            email: \"info@nills.com.tr\",\r\n            map: \"https:\/\/maps.app.goo.gl\/WJf1zf5iQjQ7yfJr7\"\r\n        },\r\n       \r\n        izmir: {\r\n            name: \"\u0130zmir Nill\u2019s\",\r\n            address: \"Ye\u015fillik Caddesi No:540 \u2013 Karaba\u011flar\/\u0130zmir\",\r\n            phone: [\"+90 232 253 69 87\",\"+90 533 017 06 60\"],\r\n            email: \"izmir@nills.com.tr\",\r\n            map: \"https:\/\/maps.app.goo.gl\/AorhURvZoXEo5kGT9\"\r\n        },\r\n        kayseri: {\r\n            name: \"Kayseri Nill\u2019s\",\r\n            address: \"Oymaa\u011fa\u00e7, 5062 Cad No: 44 \u2013 C4-5, Kocasinan\/Kayseri\",\r\n            phone: [\"+90 352 504 47 57\",\"+90 533 017 06 76\"],\r\n            email: \"kayseri@nills.com.tr\",\r\n            map: \"https:\/\/maps.app.goo.gl\/JUV8puLvgbKUXJJ6A\"\r\n        },\r\n        bursa4: {\r\n            name: \"Mobiliyum AVM (\u0130neg\u00f6l) Nill\u2019s\",\r\n            address: \"Turgut \u00d6zal Mah. Osmangazi Cad. No:36 Yenice \u2013 \u0130neg\u00f6l\/Bursa\",\r\n            phone: [\"+90 224 714 10 35\",\"+90 533 017 07 02\"],\r\n            email: \"mobiliyum@nills.com\",\r\n            map: \"https:\/\/maps.app.goo.gl\/48NEAt2idvcFZ3cGA\"\r\n        },\r\n        samsun: {\r\n            name: \"Samsun Nill\u2019s\",\r\n            address: \"\u0130stiklal Mah. Atat\u00fcrk Bulvar\u0131 No:131\/1 Tekkek\u00f6y \u2013 Samsun\",\r\n            phone: [\"+90 362 266 66 07\",\"+90 533 017 06 48\"],\r\n            email: \"samsun@nills.com.tr\",\r\n            map: \"https:\/\/maps.app.goo.gl\/6PvCYhL7hzeBHvEK9\"\r\n        },\r\n        konya: {\r\n            name: \"Konya Nill\u2019s\",\r\n            address: \"Parsana, Bar\u0131\u015f Cd. 105 \/ B, 42250 Sel\u00e7uklu\/Konya\",\r\n            phone: [\"+90 332 265 14 94\"],\r\n            email: \"\",\r\n            map: \"https:\/\/maps.app.goo.gl\/rXwM9bj4vAYKBeft8\"\r\n        },\r\n        hatay: {\r\n            name: \"Hatay Nill\u2019s\",\r\n            address: \"\u0130skenderun yolu \u00fczeri 6.km Antakya\/Hatay\",\r\n            phone: [\"+90 538 563 56 83\"],\r\n            email: \"\",\r\n            map: \"https:\/\/maps.app.goo.gl\/z4qgjP5XGhm1xztY8\"\r\n        }\r\n    },\r\n    arnavutluk: {\r\n        tiran: {\r\n            name: \"Tiran Nill\u2019s | Arnavutluk\",\r\n            address: \"Tirane Vore GJOKAJ Qendra Tregtare Prestige Home\",\r\n            phone: [\"+355 69 408 8825\"],\r\n            email: \"albania@nills.com\",\r\n            map: \"https:\/\/maps.app.goo.gl\/Pfw4UxLJKZSQTWf89\"\r\n        }   \r\n    },\r\n \r\n    romanya: {\r\n        kostence: {\r\n            name: \"Nill\u2019s Mobila \/ Craiova\",\r\n            address: \"Calea Bucure\u0219ti 78, Craiova 200465, Romanya\",\r\n            phone: [\"+40754321555\"],\r\n            email: \"romania@nills.com\",\r\n            map: \"https:\/\/maps.app.goo.gl\/1xcobnG8z5S4mhvx5\"\r\n        }\r\n    },\r\n    irak: {\r\n        bagdat: {\r\n            name: \"AL-SAQI Furniture Nill\u2019s | Ba\u011fdat\",\r\n            address: \"AL-SAQI Ultra-Modern Furniture University St. (AlJame\u2019a St.) Ba\u011fdat \/IRAQ\",\r\n            phone: [\"+964 \u2013 79 0 35 36 916\"],\r\n            email: \"alsaqi2003@hotmail.com\",\r\n            map: \"https:\/\/maps.app.goo.gl\/UNn7pTmG5wcKYM2KA\"\r\n        }\r\n    }\r\n};\r\n\r\nfunction renderAddresses(filterCountry = \"\", filterCity = \"\") {\r\n    const contactListDiv = document.getElementById(\"contactList\");\r\n    contactListDiv.innerHTML = \"\"; \/\/ \u00d6nce mevcut listeyi temizle\r\n\r\n    Object.keys(cityData).forEach(countryKey => {\r\n        if (filterCountry && filterCountry !== countryKey) return;\r\n\r\n        Object.keys(cityData[countryKey]).forEach(cityKey => {\r\n            if (filterCity && filterCity !== cityKey && filterCity !== \"\") return;\r\n\r\n            const cityInfo = cityData[countryKey][cityKey];\r\n            const contactDiv = document.createElement(\"div\");\r\n            contactDiv.className = \"contact-item\";\r\n\r\n            const phoneLinks = cityInfo.phone.map((phone, index) => \r\n                `<p><strong>Telefon:<\/strong> <a href=\"tel:${phone}\">${phone}<\/a><\/p>`\r\n            ).join('');\r\n\r\n            let emailLink = \"\";\r\n            if (cityInfo.email) {\r\n                emailLink = `<p><strong>Email:<\/strong> <a href=\"mailto:${cityInfo.email}\">${cityInfo.email}<\/a><\/p>`;\r\n            }\r\n\r\n            let mapLink = \"\";\r\n            if (cityInfo.map) {\r\n                mapLink = `<p><a href=\"${cityInfo.map}\" target=\"_blank\">Haritada G\u00f6r<\/a><\/p>`;\r\n            }\r\n\r\n            contactDiv.innerHTML = `\r\n                <h3>${cityInfo.name}<\/h3>\r\n                <p><strong>Adres:<\/strong> ${cityInfo.address}<\/p>\r\n                ${phoneLinks}\r\n                ${emailLink}\r\n                ${mapLink ? mapLink : \"\"}\r\n                <hr>\r\n            `;\r\n\r\n            contactListDiv.appendChild(contactDiv);\r\n        });\r\n    });\r\n}\r\n\r\nfunction onCountryChange() {\r\n    const countrySelect = document.getElementById(\"country\");\r\n    const citySelect = document.getElementById(\"city\");\r\n    const selectedCountry = countrySelect.value;\r\n\r\n    \/\/ \u015eehir listesini s\u0131f\u0131rla\r\n    citySelect.innerHTML = '<option value=\"\" selected>T\u00fcm Ma\u011fazalar<\/option>';\r\n\r\n    \/\/ E\u011fer \"T\u00fcm \u00dclkeler\" se\u00e7iliyse, t\u00fcm \u015fehirler t\u00fcm \u00fclkeler i\u00e7in g\u00f6sterilsin\r\n    if (selectedCountry === \"\") {\r\n        Object.keys(cityData).forEach(countryKey => {\r\n            Object.keys(cityData[countryKey]).forEach(cityKey => {\r\n                const city = cityData[countryKey][cityKey];\r\n                const option = document.createElement(\"option\");\r\n                option.value = cityKey;\r\n                option.text = city.name;\r\n                citySelect.add(option);\r\n            });\r\n        });\r\n    } else if (selectedCountry && cityData[selectedCountry]) {\r\n        \/\/ E\u011fer belirli bir \u00fclke se\u00e7ildiyse, o \u00fclkenin \u015fehirlerini g\u00f6ster\r\n        Object.keys(cityData[selectedCountry]).forEach(cityKey => {\r\n            const city = cityData[selectedCountry][cityKey];\r\n            const option = document.createElement(\"option\");\r\n            option.value = cityKey;\r\n            option.text = city.name;\r\n            citySelect.add(option);\r\n        });\r\n    }\r\n\r\n    \/\/ \u00dclkeye g\u00f6re filtrele\r\n    renderAddresses(selectedCountry);\r\n}\r\n\r\nfunction onCityChange() {\r\n    const countrySelect = document.getElementById(\"country\");\r\n    const citySelect = document.getElementById(\"city\");\r\n\r\n    const selectedCountry = countrySelect.value;\r\n    const selectedCity = citySelect.value;\r\n\r\n    renderAddresses(selectedCountry, selectedCity);\r\n}\r\n\r\n\/\/ Sayfa y\u00fcklendi\u011finde t\u00fcm adresleri g\u00f6ster\r\ndocument.addEventListener(\"DOMContentLoaded\", () => {\r\n    \/\/ Sayfa y\u00fcklendi\u011finde country de\u011fi\u015fikli\u011fini sim\u00fcle et\r\n    onCountryChange();\r\n});\r\n\r\n\r\n<\/script>\r\n\n\t\t<\/div>\n\t<\/div>\n<\/div><\/div><\/div><\/div>\n<\/div>","protected":false},"excerpt":{"rendered":"Ana Sayfa \/ Ma\u011fazalar Ma\u011fazalar \u00dclkeler T\u00fcm \u00dclkeler T\u00fcrkiye Arnavutluk Romanya Irak Ma\u011fazalar T\u00fcm Ma\u011fazalar","protected":false},"author":1,"featured_media":0,"parent":0,"menu_order":0,"comment_status":"closed","ping_status":"closed","template":"","meta":{"footnotes":""},"class_list":["post-4046","page","type-page","status-publish","hentry"],"yoast_head":"<!-- This site is optimized with the Yoast SEO plugin v26.8 - https:\/\/yoast.com\/product\/yoast-seo-wordpress\/ -->\n<title>Ma\u011fazalar - Nill&#039;s Mobilya<\/title>\n<meta name=\"robots\" content=\"index, follow, max-snippet:-1, max-image-preview:large, max-video-preview:-1\" \/>\n<link rel=\"canonical\" href=\"https:\/\/nills.com\/en\/stores\/\" \/>\n<meta property=\"og:locale\" content=\"en_US\" \/>\n<meta property=\"og:type\" content=\"article\" \/>\n<meta property=\"og:title\" content=\"Ma\u011fazalar - Nill&#039;s Mobilya\" \/>\n<meta property=\"og:url\" content=\"https:\/\/nills.com\/en\/stores\/\" \/>\n<meta property=\"og:site_name\" content=\"Nill&#039;s Mobilya\" \/>\n<meta property=\"article:publisher\" content=\"https:\/\/www.facebook.com\/nillsfurniture\" \/>\n<meta property=\"article:modified_time\" content=\"2026-04-16T08:43:09+00:00\" \/>\n<meta property=\"og:image\" content=\"https:\/\/nills.com\/wp-content\/uploads\/2025\/03\/hakkimizda-banner-img-050325-1.jpg\" \/>\n\t<meta property=\"og:image:width\" content=\"1440\" \/>\n\t<meta property=\"og:image:height\" content=\"1079\" \/>\n\t<meta property=\"og:image:type\" content=\"image\/jpeg\" \/>\n<meta name=\"twitter:card\" content=\"summary_large_image\" \/>\n<meta name=\"twitter:site\" content=\"@nillsfurniture\" \/>\n<meta name=\"twitter:label1\" content=\"Est. reading time\" \/>\n\t<meta name=\"twitter:data1\" content=\"1 minute\" \/>\n<script type=\"application\/ld+json\" class=\"yoast-schema-graph\">{\"@context\":\"https:\/\/schema.org\",\"@graph\":[{\"@type\":\"WebPage\",\"@id\":\"https:\/\/nills.com\/magazalar\/\",\"url\":\"https:\/\/nills.com\/magazalar\/\",\"name\":\"Ma\u011fazalar - Nill&#039;s Mobilya\",\"isPartOf\":{\"@id\":\"https:\/\/nills.com\/#website\"},\"datePublished\":\"2025-05-21T14:05:13+00:00\",\"dateModified\":\"2026-04-16T08:43:09+00:00\",\"breadcrumb\":{\"@id\":\"https:\/\/nills.com\/magazalar\/#breadcrumb\"},\"inLanguage\":\"en-US\",\"potentialAction\":[{\"@type\":\"ReadAction\",\"target\":[\"https:\/\/nills.com\/magazalar\/\"]}]},{\"@type\":\"BreadcrumbList\",\"@id\":\"https:\/\/nills.com\/magazalar\/#breadcrumb\",\"itemListElement\":[{\"@type\":\"ListItem\",\"position\":1,\"name\":\"Anasayfa\",\"item\":\"https:\/\/nills.com\/\"},{\"@type\":\"ListItem\",\"position\":2,\"name\":\"Ma\u011fazalar\"}]},{\"@type\":\"WebSite\",\"@id\":\"https:\/\/nills.com\/#website\",\"url\":\"https:\/\/nills.com\/\",\"name\":\"Nill's Mobilya\",\"description\":\"A Reflection Of You\",\"publisher\":{\"@id\":\"https:\/\/nills.com\/#organization\"},\"potentialAction\":[{\"@type\":\"SearchAction\",\"target\":{\"@type\":\"EntryPoint\",\"urlTemplate\":\"https:\/\/nills.com\/?s={search_term_string}\"},\"query-input\":{\"@type\":\"PropertyValueSpecification\",\"valueRequired\":true,\"valueName\":\"search_term_string\"}}],\"inLanguage\":\"en-US\"},{\"@type\":\"Organization\",\"@id\":\"https:\/\/nills.com\/#organization\",\"name\":\"Nill's Mobilya\",\"url\":\"https:\/\/nills.com\/\",\"logo\":{\"@type\":\"ImageObject\",\"inLanguage\":\"en-US\",\"@id\":\"https:\/\/nills.com\/#\/schema\/logo\/image\/\",\"url\":\"https:\/\/nills.com\/wp-content\/uploads\/2025\/03\/homepage-banner-img-040325-2.jpg\",\"contentUrl\":\"https:\/\/nills.com\/wp-content\/uploads\/2025\/03\/homepage-banner-img-040325-2.jpg\",\"width\":1920,\"height\":1440,\"caption\":\"Nill's Mobilya\"},\"image\":{\"@id\":\"https:\/\/nills.com\/#\/schema\/logo\/image\/\"},\"sameAs\":[\"https:\/\/www.facebook.com\/nillsfurniture\",\"https:\/\/x.com\/nillsfurniture\"]}]}<\/script>\n<!-- \/ Yoast SEO plugin. -->","yoast_head_json":{"title":"Ma\u011fazalar - Nill&#039;s Mobilya","robots":{"index":"index","follow":"follow","max-snippet":"max-snippet:-1","max-image-preview":"max-image-preview:large","max-video-preview":"max-video-preview:-1"},"canonical":"https:\/\/nills.com\/en\/stores\/","og_locale":"en_US","og_type":"article","og_title":"Ma\u011fazalar - Nill&#039;s Mobilya","og_url":"https:\/\/nills.com\/en\/stores\/","og_site_name":"Nill&#039;s Mobilya","article_publisher":"https:\/\/www.facebook.com\/nillsfurniture","article_modified_time":"2026-04-16T08:43:09+00:00","og_image":[{"width":1440,"height":1079,"url":"https:\/\/nills.com\/wp-content\/uploads\/2025\/03\/hakkimizda-banner-img-050325-1.jpg","type":"image\/jpeg"}],"twitter_card":"summary_large_image","twitter_site":"@nillsfurniture","twitter_misc":{"Est. reading time":"1 minute"},"schema":{"@context":"https:\/\/schema.org","@graph":[{"@type":"WebPage","@id":"https:\/\/nills.com\/magazalar\/","url":"https:\/\/nills.com\/magazalar\/","name":"Ma\u011fazalar - Nill&#039;s Mobilya","isPartOf":{"@id":"https:\/\/nills.com\/#website"},"datePublished":"2025-05-21T14:05:13+00:00","dateModified":"2026-04-16T08:43:09+00:00","breadcrumb":{"@id":"https:\/\/nills.com\/magazalar\/#breadcrumb"},"inLanguage":"en-US","potentialAction":[{"@type":"ReadAction","target":["https:\/\/nills.com\/magazalar\/"]}]},{"@type":"BreadcrumbList","@id":"https:\/\/nills.com\/magazalar\/#breadcrumb","itemListElement":[{"@type":"ListItem","position":1,"name":"Anasayfa","item":"https:\/\/nills.com\/"},{"@type":"ListItem","position":2,"name":"Ma\u011fazalar"}]},{"@type":"WebSite","@id":"https:\/\/nills.com\/#website","url":"https:\/\/nills.com\/","name":"Nill's Mobilya","description":"A Reflection Of You","publisher":{"@id":"https:\/\/nills.com\/#organization"},"potentialAction":[{"@type":"SearchAction","target":{"@type":"EntryPoint","urlTemplate":"https:\/\/nills.com\/?s={search_term_string}"},"query-input":{"@type":"PropertyValueSpecification","valueRequired":true,"valueName":"search_term_string"}}],"inLanguage":"en-US"},{"@type":"Organization","@id":"https:\/\/nills.com\/#organization","name":"Nill's Mobilya","url":"https:\/\/nills.com\/","logo":{"@type":"ImageObject","inLanguage":"en-US","@id":"https:\/\/nills.com\/#\/schema\/logo\/image\/","url":"https:\/\/nills.com\/wp-content\/uploads\/2025\/03\/homepage-banner-img-040325-2.jpg","contentUrl":"https:\/\/nills.com\/wp-content\/uploads\/2025\/03\/homepage-banner-img-040325-2.jpg","width":1920,"height":1440,"caption":"Nill's Mobilya"},"image":{"@id":"https:\/\/nills.com\/#\/schema\/logo\/image\/"},"sameAs":["https:\/\/www.facebook.com\/nillsfurniture","https:\/\/x.com\/nillsfurniture"]}]}},"_links":{"self":[{"href":"https:\/\/nills.com\/en\/wp-json\/wp\/v2\/pages\/4046","targetHints":{"allow":["GET"]}}],"collection":[{"href":"https:\/\/nills.com\/en\/wp-json\/wp\/v2\/pages"}],"about":[{"href":"https:\/\/nills.com\/en\/wp-json\/wp\/v2\/types\/page"}],"author":[{"embeddable":true,"href":"https:\/\/nills.com\/en\/wp-json\/wp\/v2\/users\/1"}],"replies":[{"embeddable":true,"href":"https:\/\/nills.com\/en\/wp-json\/wp\/v2\/comments?post=4046"}],"version-history":[{"count":22,"href":"https:\/\/nills.com\/en\/wp-json\/wp\/v2\/pages\/4046\/revisions"}],"predecessor-version":[{"id":8052,"href":"https:\/\/nills.com\/en\/wp-json\/wp\/v2\/pages\/4046\/revisions\/8052"}],"wp:attachment":[{"href":"https:\/\/nills.com\/en\/wp-json\/wp\/v2\/media?parent=4046"}],"curies":[{"name":"wp","href":"https:\/\/api.w.org\/{rel}","templated":true}]}}