{"id":6115,"date":"2025-10-27T09:40:54","date_gmt":"2025-10-27T09:40:54","guid":{"rendered":"https:\/\/nills.com\/?page_id=6115"},"modified":"2026-03-11T06:11:24","modified_gmt":"2026-03-11T06:11:24","slug":"points-of-sale","status":"publish","type":"page","link":"https:\/\/nills.com\/en\/points-of-sale\/","title":{"rendered":"Sales Points"},"content":{"rendered":"<div class=\"wpb-content-wrapper\"><div id=\"custom-page-banner\" data-vc-full-width=\"true\" data-vc-full-width-init=\"false\" class=\"vc_row wpb_row vc_row-fluid vc_custom_1748264013162 wd-rs-6834644421918\"><div class=\"wpb_column vc_column_container vc_col-sm-12\"><div class=\"vc_column-inner\"><div class=\"wpb_wrapper\">\t\t<div id=\"wd-68ff3dfdde1b0\" class=\"wd-text-block wd-wpb reset-last-child wd-rs-68ff3dfdde1b0 text-left\">\n\t\t\t<div class=\"custom-breadcrumb-content\">\n<p><a href=\"\/en\/\">Home Page<\/a><\/p>\n<div class=\"link-spacer\">\/<\/div>\n<p><a href=\"\/en\/points-of-sale\/\">Sales Points<\/a><\/p>\n<\/div>\n<div class=\"title-cont\">\n<h1>Sales Points<\/h1>\n<\/div>\n\t\t<\/div>\n\t\t<\/div><\/div><\/div><\/div><div class=\"vc_row-full-width vc_clearfix\"><\/div><div id=\"sales-points\" class=\"vc_row wpb_row vc_row-fluid vc_custom_1748264021348 wd-rs-6834644f05518\"><div class=\"wpb_column vc_column_container vc_col-sm-12\"><div class=\"vc_column-inner\"><div class=\"wpb_wrapper\">\n\t<div class=\"wpb_raw_code wpb_raw_html wpb_content_element\" >\n\t\t<div class=\"wpb_wrapper\">\n\t\t\t<form action=\"\">\r\n    <div class=\"country-first\">\r\n        <label for=\"country\">Countries<\/label>\r\n        <select id=\"country\" name=\"country\" onchange=\"onCountryChange()\">\r\n            <option value=\"\" selected>All Countries<\/option>\r\n            <option value=\"turkiye\">T\u00fcrkiye<\/option>\r\n            <option value=\"rusia\">Rusya<\/option>\r\n\t\t\t<option value=\"kibris\">K\u0131br\u0131s<\/option>\r\n\t\t\t<option value=\"canada\">Kanada<\/option>\r\n\t\t\t<option value=\"mexico\">Meksika<\/option>\r\n\t\t\t<option value=\"libya\">Libya<\/option>\r\n\t\t\t<option value=\"hindistan\">Hindistan<\/option>\r\n\t\t\t<option value=\"nijerya\">Nijerya<\/option>\r\n\t\t\t<option value=\"avusturya\">Avusturya<\/option>\r\n\t\t\t<option value=\"ozbekistan\">\u00d6zbekistan<\/option>\r\n\t\t\t<option value=\"irak\">Irak<\/option>\r\n\t\t\t<option value=\"almanya\">Almanya<\/option>\r\n\t\t\t<option value=\"ingiltere\">\u0130ngiltere<\/option>\r\n\t\t\t<option value=\"gana\">Gana<\/option>\r\n\t\t\t<option value=\"kirgizistan\">K\u0131rg\u0131zistan<\/option>\r\n\t\t\t<option value=\"bulgaristan\">Bulgaristan<\/option>\r\n        <\/select>\r\n    <\/div>\r\n    <div class=\"city-first\">\r\n        <label for=\"city\">Sales Points<\/label>\r\n        <select id=\"city\" name=\"city\" onchange=\"onCityChange()\">\r\n            <option value=\"\" selected>All Points of Sale<\/option>\r\n        <\/select>\r\n    <\/div>\r\n<input type=\"hidden\" name=\"trp-form-language\" value=\"en\"\/><\/form>\r\n\r\n<div id=\"contactList\">\r\n    <!-- Addresses will be listed here -->\r\n<\/div>\r\n\r\n<script>\r\nconst cityData = {\r\n    turkiye: {\r\n        mersin: {\r\n            name: \"Mersin Nill's\",\r\n            address: \"Limonluk Mah. Ali Kaya Mutlu Cd. Gravity Sit. C Blok No:39 CA Mersin, Yeni\u015fehir\",\r\n            phone: [\"+90 535 914 04 24\"],\r\n            email: \"toptan@nills.com.tr\",\r\n            map: \"https:\/\/maps.app.goo.gl\/JFR9CpTkszcquaoC8\"\r\n        },        \r\n\r\n    },\r\n\t\r\n\trusia: {\r\n        dagistan1: {\r\n            name: \"Armada Mebel\",\r\n            address: \"421 Akushinskogo Street, Makhachkala, Republic of Dagestan, Russia\",\r\n            phone: [\"+79880335555\"],\r\n            email: \"armadatdom@mail.ru\",\r\n            map: \"https:\/\/yandex.com.tr\/maps\/-\/CLfoIMlJ\"\r\n        },\r\n        dagistan2: {\r\n            name: \"Edem Mebel\",\r\n            address: \"252 Amethana Sultana Street, Makhachkala, Republic of Dagestan, Russia\",\r\n            phone: [\"+79288716717\"],\r\n            email: \"Edem_mebel91@mail.ru\",\r\n            map: \"https:\/\/yandex.com.tr\/maps\/-\/CLfoIROT\"\r\n        },\r\n        dagistan3: {\r\n            name: \"Home Plaza\",\r\n            address: \"254 Amethana Sultana Street, Makhachkala, Republic of Dagestan, Russia\",\r\n            phone: [\"+792998750782\"],\r\n            email: \"homeplaza05@gmail.com\",\r\n            map: \"https:\/\/yandex.com.tr\/maps\/-\/CLfoID5K\"\r\n        },\r\n        himki: {\r\n            name: \"Unico Mebel\",\r\n            address: \"Block 4, Floor 2, Butakova Street, Khimki, Moscow, Russia\",\r\n            phone: [\"+79250128499\"],\r\n            email: \"grand.s@idekora.ru\",\r\n            map: \"https:\/\/yandex.com.tr\/maps\/-\/CLrQBWoI\"\r\n        },\r\n        dagistan4: {\r\n            name: \"Roskosh Mebel\",\r\n            address: \"Manas, Karabudakhkent, Republic of Dagestan, Russia\",\r\n            phone: [\"+79324395888\"],\r\n            email: \"roskoshmagazin@gmail.com\",\r\n            map: \"https:\/\/yandex.com.tr\/maps\/-\/CLfoMNmx\"\r\n        },\r\n        dagistan5: {\r\n            name: \"Ardoni Mebel\",\r\n            address: \"154 Amethana Sultana Street, Makhachkala, Republic of Dagestan, Russia\",\r\n            phone: [\"+79894460799\"],\r\n            email: \"ardoni.mebel@mail.ru\",\r\n            map: \"https:\/\/yandex.com.tr\/maps\/-\/CLfoQHlc\"\r\n        },\r\n        dagistan6: {\r\n            name: \"Abu Nur Mebel\",\r\n            address: \"64 Amethana Sultana Street, Makhachkala, Republic of Dagestan, Russia\",\r\n            phone: [\"+79288539991\"],\r\n            email: \"rabiyat2303@mail.ru\",\r\n            map: \"https:\/\/yandex.com.tr\/maps\/-\/CLfoUMoO\"\r\n        },\r\n\r\n    },\r\n\tkibris:{\r\n\t\r\n\t\tlefkosa: {\r\n\t\tname: \"Demirba\u011f Moble\",\r\n\t\taddress: \"Nidai cabacaba Sk Ortak\u00f6y Lefko\u015fa\",\r\n\t\tphone: [\"+905488521171\"],\r\n\t\temail: \"ufuk@demirbagmoble.com\",\r\n\t\tmap: \"https:\/\/maps.app.goo.gl\/3yGUYWfeYyueSMg98\"\r\n\t\t\r\n        },\r\n\t},\r\n    canada:{\r\n\t\r\n\t\ttoronto: {\r\n\t\tname: \"Fouka Furniture\",\r\n\t\taddress: \"17555 Younge St. Newmarket On, Canada, L3Y 5H6\",\r\n\t\tphone: [\"+19057157136\"],\r\n\t\temail: \"info@fouka.ca\",\r\n\t\tmap: \"https:\/\/maps.app.goo.gl\/TXGNz1bPJCADqxtdA\"\r\n        },\r\n        \r\n\t\ttoronto1: {\r\n\t\tname: \"Levida Furniture\",\r\n\t\taddress: \"3083 Hwy 7, Markham, ON L3R 0J5, Toronto-Canada\",\r\n\t\tphone: [\"+19054742777\"],\r\n\t\temail: \"info@levida.ca\",\r\n\t\tmap: \"https:\/\/maps.app.goo.gl\/nKxijXdbwpQVtKXp8\"\r\n        },\r\n\t},\r\n    mexico:{\r\n\t\r\n\t\ttonala: {\r\n\t\tname: \"Codimuba\",\r\n\t\taddress: \"Francisco I. Madero 3064, Tonala, Mexico CP 45425\",\r\n\t\tphone: [\"+3337921764\"],\r\n\t\temail: \"ventas@codimuba.com\",\r\n\t\tmap: \"https:\/\/maps.app.goo.gl\/BScytZ3gydqkBce5A\"\r\n        },\r\n\t},\r\n\t\r\n\tlibya:{\r\n\t\r\n\t\ttrablus: {\r\n\t\tname: \"Zakaria Home\",\r\n\t\taddress: \"Tripoli \/ Bin Ashour, heading towards Al-Saqa Mosque after Al-Baraa Clinic on the left\",\t\t\r\n\t\tphone: [\"+218928686974\"],\r\n\t\temail: \"yahya0098@yahoo.com\",\r\n\t\tmap: \"https:\/\/maps.app.goo.gl\/UgnC43Y5Hk1WUY5K9\"\r\n        },\r\n\t},\r\n\thindistan:{\r\n\t\r\n\t\tnewdelhi: {\r\n\t\tname: \"Fennel Furniture\",\r\n\t\taddress: \"Ground Floor, Khasra No. - 432 To 436, 439 & 440, Mehrauli-Gurgaon Rd, Sultanpur, New Delhi, Delhi 110030, Hindistan\",\t\t\r\n\t\tphone: [\"+919873335804\"],\r\n\t\temail: \"sakshi.dabla@fennel.in\",\r\n\t\tmap: \"https:\/\/maps.app.goo.gl\/Kj6gKttufvBhsaTw7\"\r\n        },\r\n\t},\r\n\tnijerya:{\r\n\t\r\n\t\tabuja: {\r\n\t\tname: \"Idea Home Design\",\r\n\t\taddress: \"737 Aminu Kano Cres, Wuse 2, Abuja 900288, Federal Capital Territory, Nijerya\",\t\t\r\n\t\tphone: [\"+2349099991380\"],\r\n\t\temail: \"info@ideahomedesigns.com\",\r\n\t\tmap: \"https:\/\/maps.app.goo.gl\/XqzUCE5q1PfjnjCn8\"\r\n        },\r\n\t\r\n\tlagos: {\r\n\t\tname: \"Furniture House\",\r\n\t\taddress: \"Adeola Odeku St, Victoria Island, Lagos 106104, Lagos, Nijerya\",\t\t\r\n\t\tphone: [\"+2348099999990\"],\r\n\t\temail: \"info@matildagroup.com\",\r\n\t\tmap: \"https:\/\/maps.app.goo.gl\/4sZkZDQFM81ggcfm7\"\r\n        },\r\n\t},\r\n\t\t\r\n\tavusturya:{\r\n\t\r\n\t\t\twien: {\r\n\t\t\tname: \"Crea Home\",\r\n\t\t\taddress: \"Laxenburger Str. 129\/1, 1100 Wien, Avusturya\",\t\t\r\n\t\t\tphone: [\"+436602030282\"],\r\n\t\t\temail: \"info@creahome.at\",\r\n\t\t\tmap: \"https:\/\/maps.app.goo.gl\/ScjqT1Vq1eq7mmgj6\"\r\n\t\t\t},\r\n\t\r\n\t\r\n\t\t\twien1: {\r\n\t\t\tname: \"Homeland\",\r\n\t\t\taddress: \"Hermann-Gebauer-Stra\u00dfe 4, 1220 Wien, Avusturya\",\t\t\r\n\t\t\tphone: [\"+4312265516\"],\r\n\t\t\temail: \"service@home-land.at\",\r\n\t\t\tmap: \"https:\/\/maps.app.goo.gl\/kAjraRny32QmGYfq9\"\r\n\t\t\t},\r\n\t},\r\n\t\r\n\tozbekistan:{\r\n\t\r\n\t\t\ttaskent: {\r\n\t\t\tname: \"Zumrut Furniture\",\r\n\t\t\taddress: \"\u0434\u043e\u043c 93\u0410, Sharaf Rashidov Avenue, 100000, Tashkent, \u00d6zbekistan\",\t\t\r\n\t\t\tphone: [\"+998998886666\"],\r\n\t\t\temail: \"export@nills.com.tr\",\r\n\t\t\tmap: \"https:\/\/maps.app.goo.gl\/auwmDjREXXBfyZJd8\"\r\n\t\t\t},\r\n\t\r\n\t},\r\n\tirak:{\r\n\t\r\n\t\t\terbil: {\r\n\t\t\tname: \"Diwan Land\",\r\n\t\t\taddress: \"6298+WR9, Gulan St, Erbil, Erbil Governorate, Irak\",\t\t\r\n\t\t\tphone: [\"+9647501407004\"],\r\n\t\t\temail: \"export@nills.com.tr\",\r\n\t\t\tmap: \"https:\/\/maps.app.goo.gl\/sf6S7iN6oFM6Xqe86\"\r\n\t\t\t},\r\n\t\r\n\t\r\n\t\t\tsuleymaniye: {\r\n\t\t\tname: \"Diwan Land\",\r\n\t\t\taddress: \"Malik Mahmud Ring Road, Sulaymaniyah, Sulaymaniyah Governorate, Irak\",\t\t\r\n\t\t\tphone: [\"+9647501400040\"],\r\n\t\t\temail: \"export@nills.com.tr\",\r\n\t\t\tmap: \"https:\/\/maps.app.goo.gl\/527rREi7HtPsCspD9\"\r\n\t\t\t},\r\n\t\t\t\r\n\t\t\tduhok: {\r\n\t\t\tname: \"Diwan Land\",\r\n\t\t\taddress: \"RXWP+64Q, Duhok, Duhok Governorate, Irak\",\t\t\r\n\t\t\tphone: [\"+9647508652003\"],\r\n\t\t\temail: \"export@nills.com.tr\",\r\n\t\t\tmap: \"https:\/\/maps.app.goo.gl\/DKFcTYrvKov2XjRLA\"\r\n\t\t\t},\r\n\t},\r\n\talmanya:{\r\n\t\r\n\t\t\tstutgart: {\r\n\t\t\tname: \"Popa Haustechnik\",\r\n\t\t\taddress: \"Forststra\u00dfe 154, 70193 Stuttgart, Almanya\",\t\t\r\n\t\t\tphone: [\"+4915204263519\"],\r\n\t\t\temail: \"info@popahaustechnik.de\",\r\n\t\t\tmap: \"https:\/\/maps.app.goo.gl\/zoATMNR3MEvCiDTU6\"\r\n\t\t\t},\r\n\t\r\n\t},\r\n\tingiltere:{\r\n\t\r\n\t\t\tliverpool: {\r\n\t\t\tname: \"My Home Rocks\",\r\n\t\t\taddress: \"79-81 Rimrose Rd, Liverpool, Bootle L20 4HN, Birle\u015fik Krall\u0131k\",\t\t\r\n\t\t\tphone: [\"+441519338236\"],\r\n\t\t\temail: \"cs@myhomerocksltd.co.uk\",\r\n\t\t\tmap: \"https:\/\/maps.app.goo.gl\/dJNXjSTJQ5jJknRXA\"\r\n\t\t\t},\r\n\t\r\n\t},\r\n\t\r\n\tgana:{\r\n\t\r\n\t\t\takra: {\r\n\t\t\tname: \"Ferri Home Design\",\r\n\t\t\taddress: \"Spintex Road, Manet, Accra, Ghana\",\t\t\r\n\t\t\tphone: [\"+233599900075\"],\r\n\t\t\temail: \"export@nills.com.tr\",\r\n\t\t\tmap: \"https:\/\/maps.app.goo.gl\/GKUn7TSHiWWSGTze8\"\r\n\t\t\t},\r\n\t\r\n\t},\r\n\tkirgizistan:{\r\n\t\r\n\t\t\tBishkek2: {\r\n\t\t\tname: \"Mono House Mebel\",\r\n\t\t\taddress: \"Baytik Bat\u0131ra sokak, 66\/1, Baytik tower, Bishkek, K\u0131rgizistan\",\t\t\r\n\t\t\tphone: [\"+996500914700\"],\r\n\t\t\temail: \"denizabolotbekova50@gmail.com\",\r\n\t\t\tmap: \"https:\/\/2gis.kg\/bishkek\/geo\/70000001088288167\"\r\n\t\t\t},\r\n\t\r\n\t\r\n\t\t\tBishkek: {\r\n\t\t\tname: \"Tomi Deco Mebel\",\r\n\t\t\taddress: \"Ayni sokak, 73, Bishkek K\u0131rgizistan\",\t\t\r\n\t\t\tphone: [\"+996700755777\"],\r\n\t\t\temail: \"candess.bishkek@gmail.com\",\r\n\t\t\tmap: \"https:\/\/2gis.kg\/bishkek\/geo\/70000001101430050\"\r\n\t\t\t},\r\n\t\t\t\r\n\t\t\t\r\n\t},\r\n\t\r\n\tbulgaristan:{\r\n\t\r\n\t\t\tSofya: {\r\n\t\t\tname: \"MobilaDalin Enjoy Living\",\r\n\t\t\taddress: \"g.k. Vazhrazhdane, ul. Yantra, 7004 Ruse, Bulgaristan\",\t\t\r\n\t\t\tphone: [\"+359899514067\"],\r\n\t\t\temail: \"sales@mobiladalin.bg\",\r\n\t\t\tmap: \"https:\/\/maps.app.goo.gl\/nrU7WFBGrVuepJU27\"\r\n\t\t\t},\r\n\t\r\n\t\r\n\t\t\tKardzali: {\r\n\t\t\tname: \"Meshe\",\r\n\t\t\taddress: \"5346, 6604 Kardzhali Bulgaristan\",\t\t\r\n\t\t\tphone: [\"+359896878879\"],\r\n\t\t\temail: \"sales@meshe-bg.com\",\r\n\t\t\tmap: \"https:\/\/maps.app.goo.gl\/2Ja5G77c2MXzqMi57\"\r\n\t\t\t},\r\n\t\t\t\r\n\t\t\tAsenovgrad: {\r\n\t\t\tname: \"Comfy Home\",\r\n\t\t\taddress: \"4230 Asenovgrad, Bulgaristan\",\t\t\r\n\t\t\tphone: [\"+359896645617\"],\r\n\t\t\temail: \"comfyhomebg@gmail.com\",\r\n\t\t\tmap: \"https:\/\/maps.app.goo.gl\/c7p6hin6iZ4ZYzBA6\"\r\n\t\t\t},\r\n\t\t\t\r\n\t\t\tSofya2: {\r\n\t\t\tname: \"Modern Furniture\",\r\n\t\t\taddress: \"Manastirski Livadi, Bulgaria Blvd 88, 1404 Sofia\",\t\t\r\n\t\t\tphone: [\"+359879223133\"],\r\n\t\t\temail: \"gm@modernfurniture.bg\",\r\n\t\t\tmap: \"https:\/\/maps.apple\/p\/jU4ziV8_HkB0Y8\"\r\n\t\t\t},\r\n\t\t\t\r\n\t\t\tVarna: {\r\n\t\t\tname: \"Meva Home\",\r\n\t\t\taddress: \"Varna, 180 Slivnitsa Bulvar\u0131. Bulgaristan\",\t\t\r\n\t\t\tphone: [\"+359893388033\"],\r\n\t\t\temail: \"mevahome2023@gmail.com\",\r\n\t\t\tmap: \"https:\/\/maps.app.goo.gl\/1F9ysR1BXmen8JDo6\"\r\n\t\t\t},\r\n\t\t\t\r\n\t\t\tKardzali2: {\r\n\t\t\tname: \"Mebel Zen\",\r\n\t\t\taddress: \"Kvartal-Veselcane,ulitsa-Ardinska,no:6,Mebelen magazin Zen.\",\t\t\r\n\t\t\tphone: [\"+359877116066\"],\r\n\t\t\temail: \"mebelzen@abv.bg\",\r\n\t\t\tmap: \"https:\/\/maps.app.goo.gl\/yNQMKMhUir1Er9vr7\"\r\n\t\t\t},\r\n\t\t\t\r\n\t\t\t\r\n\t}\r\n};\r\n\r\nfunction renderAddresses(filterCountry = \"\", filterCity = \"\") {\r\n    const contactListDiv = document.getElementById(\"contactList\");\r\n    contactListDiv.innerHTML = \"\"; \/\/ \u00d6nce mevcut listeyi temizle\r\n\r\n    Object.keys(cityData).forEach(countryKey => {\r\n        if (filterCountry && filterCountry !== countryKey) return;\r\n\r\n        Object.keys(cityData[countryKey]).forEach(cityKey => {\r\n            if (filterCity && filterCity !== cityKey && filterCity !== \"\") return;\r\n\r\n            const cityInfo = cityData[countryKey][cityKey];\r\n            const contactDiv = document.createElement(\"div\");\r\n            contactDiv.className = \"contact-item\";\r\n\r\n            const phoneLinks = cityInfo.phone.map((phone, index) => \r\n                `<p><strong>Telefon:<\/strong> <a href=\"tel:${phone}\">${phone}<\/a><\/p>`\r\n            ).join('');\r\n\r\n            let emailLink = \"\";\r\n            if (cityInfo.email) {\r\n                emailLink = `<p><strong>Email:<\/strong> <a href=\"mailto:${cityInfo.email}\">${cityInfo.email}<\/a><\/p>`;\r\n            }\r\n\r\n            let mapLink = \"\";\r\n            if (cityInfo.map) {\r\n                mapLink = `<p><a href=\"${cityInfo.map}\" target=\"_blank\">Haritada G\u00f6r<\/a><\/p>`;\r\n            }\r\n\r\n            contactDiv.innerHTML = `\r\n                <h3>${cityInfo.name}<\/h3>\r\n                <p><strong>Adres:<\/strong> ${cityInfo.address}<\/p>\r\n                ${phoneLinks}\r\n                ${emailLink}\r\n                ${mapLink ? mapLink : \"\"}\r\n                <hr>\r\n            `;\r\n\r\n            contactListDiv.appendChild(contactDiv);\r\n        });\r\n    });\r\n}\r\n\r\nfunction onCountryChange() {\r\n    const countrySelect = document.getElementById(\"country\");\r\n    const citySelect = document.getElementById(\"city\");\r\n    const selectedCountry = countrySelect.value;\r\n\r\n    \/\/ \u015eehir listesini s\u0131f\u0131rla\r\n    citySelect.innerHTML = '<option value=\"\" selected>T\u00fcm Sat\u0131\u015f Noktalar\u0131<\/option>';\r\n\r\n    \/\/ E\u011fer \"T\u00fcm \u00dclkeler\" se\u00e7iliyse, t\u00fcm \u015fehirler t\u00fcm \u00fclkeler i\u00e7in g\u00f6sterilsin\r\n    if (selectedCountry === \"\") {\r\n        Object.keys(cityData).forEach(countryKey => {\r\n            Object.keys(cityData[countryKey]).forEach(cityKey => {\r\n                const city = cityData[countryKey][cityKey];\r\n                const option = document.createElement(\"option\");\r\n                option.value = cityKey;\r\n                option.text = city.name;\r\n                citySelect.add(option);\r\n            });\r\n        });\r\n    } else if (selectedCountry && cityData[selectedCountry]) {\r\n        \/\/ E\u011fer belirli bir \u00fclke se\u00e7ildiyse, o \u00fclkenin \u015fehirlerini g\u00f6ster\r\n        Object.keys(cityData[selectedCountry]).forEach(cityKey => {\r\n            const city = cityData[selectedCountry][cityKey];\r\n            const option = document.createElement(\"option\");\r\n            option.value = cityKey;\r\n            option.text = city.name;\r\n            citySelect.add(option);\r\n        });\r\n    }\r\n\r\n    \/\/ \u00dclkeye g\u00f6re filtrele\r\n    renderAddresses(selectedCountry);\r\n}\r\n\r\nfunction onCityChange() {\r\n    const countrySelect = document.getElementById(\"country\");\r\n    const citySelect = document.getElementById(\"city\");\r\n\r\n    const selectedCountry = countrySelect.value;\r\n    const selectedCity = citySelect.value;\r\n\r\n    renderAddresses(selectedCountry, selectedCity);\r\n}\r\n\r\n\/\/ Sayfa y\u00fcklendi\u011finde t\u00fcm adresleri g\u00f6ster\r\ndocument.addEventListener(\"DOMContentLoaded\", () => {\r\n    \/\/ Sayfa y\u00fcklendi\u011finde country de\u011fi\u015fikli\u011fini sim\u00fcle et\r\n    onCountryChange();\r\n});\r\n\r\n\r\n<\/script>\r\n\n\t\t<\/div>\n\t<\/div>\n<\/div><\/div><\/div><\/div>\n<\/div>","protected":false},"excerpt":{"rendered":"Ana Sayfa \/ Sat\u0131\u015f Noktalar\u0131 Sat\u0131\u015f Noktalar\u0131 \u00dclkeler T\u00fcm \u00dclkeler T\u00fcrkiye Rusya K\u0131br\u0131s Kanada Meksika Libya Hindistan Nijerya Avusturya \u00d6zbekistan","protected":false},"author":1,"featured_media":0,"parent":0,"menu_order":0,"comment_status":"closed","ping_status":"closed","template":"","meta":{"footnotes":""},"class_list":["post-6115","page","type-page","status-publish","hentry"],"yoast_head":"<!-- This site is optimized with the Yoast SEO plugin v26.8 - https:\/\/yoast.com\/product\/yoast-seo-wordpress\/ -->\n<title>Sat\u0131\u015f Noktalar\u0131 - Nill&#039;s Mobilya<\/title>\n<meta name=\"description\" content=\"Sat\u0131\u015f noktalar\u0131n\u0131z\u0131 ke\u015ffedin! \u00dcr\u00fcnlerinizi en etkili \u015fekilde sunarak m\u00fc\u015fteri memnuniyetini art\u0131r\u0131n. Hedef kitlenize ula\u015fman\u0131n yollar\u0131n\u0131 \u00f6\u011frenin.\" \/>\n<meta name=\"robots\" content=\"index, follow, max-snippet:-1, max-image-preview:large, max-video-preview:-1\" \/>\n<link rel=\"canonical\" href=\"https:\/\/nills.com\/en\/points-of-sale\/\" \/>\n<meta property=\"og:locale\" content=\"en_US\" \/>\n<meta property=\"og:type\" content=\"article\" \/>\n<meta property=\"og:title\" content=\"Sat\u0131\u015f Noktalar\u0131 - Nill&#039;s Mobilya\" \/>\n<meta property=\"og:description\" content=\"Sat\u0131\u015f noktalar\u0131n\u0131z\u0131 ke\u015ffedin! \u00dcr\u00fcnlerinizi en etkili \u015fekilde sunarak m\u00fc\u015fteri memnuniyetini art\u0131r\u0131n. Hedef kitlenize ula\u015fman\u0131n yollar\u0131n\u0131 \u00f6\u011frenin.\" \/>\n<meta property=\"og:url\" content=\"https:\/\/nills.com\/en\/points-of-sale\/\" \/>\n<meta property=\"og:site_name\" content=\"Nill&#039;s Mobilya\" \/>\n<meta property=\"article:publisher\" content=\"https:\/\/www.facebook.com\/nillsfurniture\" \/>\n<meta property=\"article:modified_time\" content=\"2026-03-11T06:11:24+00:00\" \/>\n<meta property=\"og:image\" content=\"https:\/\/nills.com\/wp-content\/uploads\/2025\/03\/hakkimizda-banner-img-050325-1.jpg\" \/>\n\t<meta property=\"og:image:width\" content=\"1440\" \/>\n\t<meta property=\"og:image:height\" content=\"1079\" \/>\n\t<meta property=\"og:image:type\" content=\"image\/jpeg\" \/>\n<meta name=\"twitter:card\" content=\"summary_large_image\" \/>\n<meta name=\"twitter:site\" content=\"@nillsfurniture\" \/>\n<meta name=\"twitter:label1\" content=\"Est. reading time\" \/>\n\t<meta name=\"twitter:data1\" content=\"1 minute\" \/>\n<script type=\"application\/ld+json\" class=\"yoast-schema-graph\">{\"@context\":\"https:\/\/schema.org\",\"@graph\":[{\"@type\":\"WebPage\",\"@id\":\"https:\/\/nills.com\/satis-noktalari\/\",\"url\":\"https:\/\/nills.com\/satis-noktalari\/\",\"name\":\"Sat\u0131\u015f Noktalar\u0131 - Nill&#039;s Mobilya\",\"isPartOf\":{\"@id\":\"https:\/\/nills.com\/#website\"},\"datePublished\":\"2025-10-27T09:40:54+00:00\",\"dateModified\":\"2026-03-11T06:11:24+00:00\",\"description\":\"Sat\u0131\u015f noktalar\u0131n\u0131z\u0131 ke\u015ffedin! \u00dcr\u00fcnlerinizi en etkili \u015fekilde sunarak m\u00fc\u015fteri memnuniyetini art\u0131r\u0131n. Hedef kitlenize ula\u015fman\u0131n yollar\u0131n\u0131 \u00f6\u011frenin.\",\"breadcrumb\":{\"@id\":\"https:\/\/nills.com\/satis-noktalari\/#breadcrumb\"},\"inLanguage\":\"en-US\",\"potentialAction\":[{\"@type\":\"ReadAction\",\"target\":[\"https:\/\/nills.com\/satis-noktalari\/\"]}]},{\"@type\":\"BreadcrumbList\",\"@id\":\"https:\/\/nills.com\/satis-noktalari\/#breadcrumb\",\"itemListElement\":[{\"@type\":\"ListItem\",\"position\":1,\"name\":\"Anasayfa\",\"item\":\"https:\/\/nills.com\/\"},{\"@type\":\"ListItem\",\"position\":2,\"name\":\"Sat\u0131\u015f Noktalar\u0131\"}]},{\"@type\":\"WebSite\",\"@id\":\"https:\/\/nills.com\/#website\",\"url\":\"https:\/\/nills.com\/\",\"name\":\"Nill's Mobilya\",\"description\":\"A Reflection Of You\",\"publisher\":{\"@id\":\"https:\/\/nills.com\/#organization\"},\"potentialAction\":[{\"@type\":\"SearchAction\",\"target\":{\"@type\":\"EntryPoint\",\"urlTemplate\":\"https:\/\/nills.com\/?s={search_term_string}\"},\"query-input\":{\"@type\":\"PropertyValueSpecification\",\"valueRequired\":true,\"valueName\":\"search_term_string\"}}],\"inLanguage\":\"en-US\"},{\"@type\":\"Organization\",\"@id\":\"https:\/\/nills.com\/#organization\",\"name\":\"Nill's Mobilya\",\"url\":\"https:\/\/nills.com\/\",\"logo\":{\"@type\":\"ImageObject\",\"inLanguage\":\"en-US\",\"@id\":\"https:\/\/nills.com\/#\/schema\/logo\/image\/\",\"url\":\"https:\/\/nills.com\/wp-content\/uploads\/2025\/03\/homepage-banner-img-040325-2.jpg\",\"contentUrl\":\"https:\/\/nills.com\/wp-content\/uploads\/2025\/03\/homepage-banner-img-040325-2.jpg\",\"width\":1920,\"height\":1440,\"caption\":\"Nill's Mobilya\"},\"image\":{\"@id\":\"https:\/\/nills.com\/#\/schema\/logo\/image\/\"},\"sameAs\":[\"https:\/\/www.facebook.com\/nillsfurniture\",\"https:\/\/x.com\/nillsfurniture\"]}]}<\/script>\n<!-- \/ Yoast SEO plugin. -->","yoast_head_json":{"title":"Sat\u0131\u015f Noktalar\u0131 - Nill&#039;s Mobilya","description":"Discover your sales points! Present your products in the most effective way to increase customer satisfaction. Learn how to reach your target audience.","robots":{"index":"index","follow":"follow","max-snippet":"max-snippet:-1","max-image-preview":"max-image-preview:large","max-video-preview":"max-video-preview:-1"},"canonical":"https:\/\/nills.com\/en\/points-of-sale\/","og_locale":"en_US","og_type":"article","og_title":"Sat\u0131\u015f Noktalar\u0131 - Nill&#039;s Mobilya","og_description":"Sat\u0131\u015f noktalar\u0131n\u0131z\u0131 ke\u015ffedin! \u00dcr\u00fcnlerinizi en etkili \u015fekilde sunarak m\u00fc\u015fteri memnuniyetini art\u0131r\u0131n. Hedef kitlenize ula\u015fman\u0131n yollar\u0131n\u0131 \u00f6\u011frenin.","og_url":"https:\/\/nills.com\/en\/points-of-sale\/","og_site_name":"Nill&#039;s Mobilya","article_publisher":"https:\/\/www.facebook.com\/nillsfurniture","article_modified_time":"2026-03-11T06:11:24+00:00","og_image":[{"width":1440,"height":1079,"url":"https:\/\/nills.com\/wp-content\/uploads\/2025\/03\/hakkimizda-banner-img-050325-1.jpg","type":"image\/jpeg"}],"twitter_card":"summary_large_image","twitter_site":"@nillsfurniture","twitter_misc":{"Est. reading time":"1 minute"},"schema":{"@context":"https:\/\/schema.org","@graph":[{"@type":"WebPage","@id":"https:\/\/nills.com\/satis-noktalari\/","url":"https:\/\/nills.com\/satis-noktalari\/","name":"Sat\u0131\u015f Noktalar\u0131 - Nill&#039;s Mobilya","isPartOf":{"@id":"https:\/\/nills.com\/#website"},"datePublished":"2025-10-27T09:40:54+00:00","dateModified":"2026-03-11T06:11:24+00:00","description":"Discover your sales points! Present your products in the most effective way to increase customer satisfaction. Learn how to reach your target audience.","breadcrumb":{"@id":"https:\/\/nills.com\/satis-noktalari\/#breadcrumb"},"inLanguage":"en-US","potentialAction":[{"@type":"ReadAction","target":["https:\/\/nills.com\/satis-noktalari\/"]}]},{"@type":"BreadcrumbList","@id":"https:\/\/nills.com\/satis-noktalari\/#breadcrumb","itemListElement":[{"@type":"ListItem","position":1,"name":"Anasayfa","item":"https:\/\/nills.com\/"},{"@type":"ListItem","position":2,"name":"Sat\u0131\u015f Noktalar\u0131"}]},{"@type":"WebSite","@id":"https:\/\/nills.com\/#website","url":"https:\/\/nills.com\/","name":"Nill's Mobilya","description":"A Reflection Of You","publisher":{"@id":"https:\/\/nills.com\/#organization"},"potentialAction":[{"@type":"SearchAction","target":{"@type":"EntryPoint","urlTemplate":"https:\/\/nills.com\/?s={search_term_string}"},"query-input":{"@type":"PropertyValueSpecification","valueRequired":true,"valueName":"search_term_string"}}],"inLanguage":"en-US"},{"@type":"Organization","@id":"https:\/\/nills.com\/#organization","name":"Nill's Mobilya","url":"https:\/\/nills.com\/","logo":{"@type":"ImageObject","inLanguage":"en-US","@id":"https:\/\/nills.com\/#\/schema\/logo\/image\/","url":"https:\/\/nills.com\/wp-content\/uploads\/2025\/03\/homepage-banner-img-040325-2.jpg","contentUrl":"https:\/\/nills.com\/wp-content\/uploads\/2025\/03\/homepage-banner-img-040325-2.jpg","width":1920,"height":1440,"caption":"Nill's Mobilya"},"image":{"@id":"https:\/\/nills.com\/#\/schema\/logo\/image\/"},"sameAs":["https:\/\/www.facebook.com\/nillsfurniture","https:\/\/x.com\/nillsfurniture"]}]}},"_links":{"self":[{"href":"https:\/\/nills.com\/en\/wp-json\/wp\/v2\/pages\/6115","targetHints":{"allow":["GET"]}}],"collection":[{"href":"https:\/\/nills.com\/en\/wp-json\/wp\/v2\/pages"}],"about":[{"href":"https:\/\/nills.com\/en\/wp-json\/wp\/v2\/types\/page"}],"author":[{"embeddable":true,"href":"https:\/\/nills.com\/en\/wp-json\/wp\/v2\/users\/1"}],"replies":[{"embeddable":true,"href":"https:\/\/nills.com\/en\/wp-json\/wp\/v2\/comments?post=6115"}],"version-history":[{"count":49,"href":"https:\/\/nills.com\/en\/wp-json\/wp\/v2\/pages\/6115\/revisions"}],"predecessor-version":[{"id":7504,"href":"https:\/\/nills.com\/en\/wp-json\/wp\/v2\/pages\/6115\/revisions\/7504"}],"wp:attachment":[{"href":"https:\/\/nills.com\/en\/wp-json\/wp\/v2\/media?parent=6115"}],"curies":[{"name":"wp","href":"https:\/\/api.w.org\/{rel}","templated":true}]}}