{"id":4192,"date":"2025-05-12T11:07:25","date_gmt":"2025-05-12T11:07:25","guid":{"rendered":"https:\/\/nills.com\/?post_type=product&#038;p=4192"},"modified":"2026-01-02T11:49:30","modified_gmt":"2026-01-02T11:49:30","slug":"sivella-lamp","status":"publish","type":"product","link":"https:\/\/nills.com\/en\/product\/sivella-lamp\/","title":{"rendered":"Sivella Floor Lamp"},"content":{"rendered":"","protected":false},"excerpt":{"rendered":"","protected":false},"featured_media":6858,"comment_status":"open","ping_status":"closed","template":"","meta":[],"product_brand":[],"product_cat":[26,66],"product_tag":[],"class_list":{"0":"post-4192","1":"product","2":"type-product","3":"status-publish","4":"has-post-thumbnail","6":"product_cat-aydinlatmalar","7":"product_cat-sivella-koleksiyonu","9":"first","10":"instock","11":"shipping-taxable","12":"product-type-simple"},"yoast_head":"<!-- This site is optimized with the Yoast SEO plugin v26.8 - https:\/\/yoast.com\/product\/yoast-seo-wordpress\/ -->\n<title>Sivella Lambader - Nill&#039;s Mobilya<\/title>\n<meta name=\"description\" content=\"Sivella Lambader ile evinize \u015f\u0131kl\u0131k kat\u0131n. Modern tasar\u0131mlar\u0131 ve zarif detaylar\u0131yla her mekana uyum sa\u011flar. I\u015f\u0131k ve esteti\u011fi bir arada sunar.\" \/>\n<meta name=\"robots\" content=\"index, follow, max-snippet:-1, max-image-preview:large, max-video-preview:-1\" \/>\n<link rel=\"canonical\" href=\"https:\/\/nills.com\/en\/product\/sivella-lamp\/\" \/>\n<meta property=\"og:locale\" content=\"en_US\" \/>\n<meta property=\"og:type\" content=\"article\" \/>\n<meta property=\"og:title\" content=\"Sivella Lambader - Nill&#039;s Mobilya\" \/>\n<meta property=\"og:description\" content=\"Sivella Lambader ile evinize \u015f\u0131kl\u0131k kat\u0131n. Modern tasar\u0131mlar\u0131 ve zarif detaylar\u0131yla her mekana uyum sa\u011flar. I\u015f\u0131k ve esteti\u011fi bir arada sunar.\" \/>\n<meta property=\"og:url\" content=\"https:\/\/nills.com\/en\/product\/sivella-lamp\/\" \/>\n<meta property=\"og:site_name\" content=\"Nill&#039;s Mobilya\" \/>\n<meta property=\"article:publisher\" content=\"https:\/\/www.facebook.com\/nillsfurniture\" \/>\n<meta property=\"article:modified_time\" content=\"2026-01-02T11:49:30+00:00\" \/>\n<meta property=\"og:image\" content=\"https:\/\/nills.com\/wp-content\/uploads\/2025\/05\/sivella-lambader-4.jpg\" \/>\n\t<meta property=\"og:image:width\" content=\"1920\" \/>\n\t<meta property=\"og:image:height\" content=\"1440\" \/>\n\t<meta property=\"og:image:type\" content=\"image\/jpeg\" \/>\n<meta name=\"twitter:card\" content=\"summary_large_image\" \/>\n<meta name=\"twitter:site\" content=\"@nillsfurniture\" \/>\n<meta name=\"twitter:label1\" content=\"Est. reading time\" \/>\n\t<meta name=\"twitter:data1\" content=\"1 minute\" \/>\n<script type=\"application\/ld+json\" class=\"yoast-schema-graph\">{\"@context\":\"https:\/\/schema.org\",\"@graph\":[{\"@type\":\"WebPage\",\"@id\":\"https:\/\/nills.com\/urun\/sivella-lambader\/\",\"url\":\"https:\/\/nills.com\/urun\/sivella-lambader\/\",\"name\":\"Sivella Lambader - Nill&#039;s Mobilya\",\"isPartOf\":{\"@id\":\"https:\/\/nills.com\/#website\"},\"primaryImageOfPage\":{\"@id\":\"https:\/\/nills.com\/urun\/sivella-lambader\/#primaryimage\"},\"image\":{\"@id\":\"https:\/\/nills.com\/urun\/sivella-lambader\/#primaryimage\"},\"thumbnailUrl\":\"https:\/\/nills.com\/wp-content\/uploads\/2025\/05\/sivella-lambader-4.jpg\",\"datePublished\":\"2025-05-12T11:07:25+00:00\",\"dateModified\":\"2026-01-02T11:49:30+00:00\",\"description\":\"Sivella Lambader ile evinize \u015f\u0131kl\u0131k kat\u0131n. Modern tasar\u0131mlar\u0131 ve zarif detaylar\u0131yla her mekana uyum sa\u011flar. I\u015f\u0131k ve esteti\u011fi bir arada sunar.\",\"breadcrumb\":{\"@id\":\"https:\/\/nills.com\/urun\/sivella-lambader\/#breadcrumb\"},\"inLanguage\":\"en-US\",\"potentialAction\":[{\"@type\":\"ReadAction\",\"target\":[\"https:\/\/nills.com\/urun\/sivella-lambader\/\"]}]},{\"@type\":\"ImageObject\",\"inLanguage\":\"en-US\",\"@id\":\"https:\/\/nills.com\/urun\/sivella-lambader\/#primaryimage\",\"url\":\"https:\/\/nills.com\/wp-content\/uploads\/2025\/05\/sivella-lambader-4.jpg\",\"contentUrl\":\"https:\/\/nills.com\/wp-content\/uploads\/2025\/05\/sivella-lambader-4.jpg\",\"width\":1920,\"height\":1440},{\"@type\":\"BreadcrumbList\",\"@id\":\"https:\/\/nills.com\/urun\/sivella-lambader\/#breadcrumb\",\"itemListElement\":[{\"@type\":\"ListItem\",\"position\":1,\"name\":\"Anasayfa\",\"item\":\"https:\/\/nills.com\/\"},{\"@type\":\"ListItem\",\"position\":2,\"name\":\"\u00dcr\u00fcnler\",\"item\":\"https:\/\/nills.com\/shop\/\"},{\"@type\":\"ListItem\",\"position\":3,\"name\":\"Sivella Lambader\"}]},{\"@type\":\"WebSite\",\"@id\":\"https:\/\/nills.com\/#website\",\"url\":\"https:\/\/nills.com\/\",\"name\":\"Nill's Mobilya\",\"description\":\"A Reflection Of You\",\"publisher\":{\"@id\":\"https:\/\/nills.com\/#organization\"},\"potentialAction\":[{\"@type\":\"SearchAction\",\"target\":{\"@type\":\"EntryPoint\",\"urlTemplate\":\"https:\/\/nills.com\/?s={search_term_string}\"},\"query-input\":{\"@type\":\"PropertyValueSpecification\",\"valueRequired\":true,\"valueName\":\"search_term_string\"}}],\"inLanguage\":\"en-US\"},{\"@type\":\"Organization\",\"@id\":\"https:\/\/nills.com\/#organization\",\"name\":\"Nill's Mobilya\",\"url\":\"https:\/\/nills.com\/\",\"logo\":{\"@type\":\"ImageObject\",\"inLanguage\":\"en-US\",\"@id\":\"https:\/\/nills.com\/#\/schema\/logo\/image\/\",\"url\":\"https:\/\/nills.com\/wp-content\/uploads\/2025\/03\/homepage-banner-img-040325-2.jpg\",\"contentUrl\":\"https:\/\/nills.com\/wp-content\/uploads\/2025\/03\/homepage-banner-img-040325-2.jpg\",\"width\":1920,\"height\":1440,\"caption\":\"Nill's Mobilya\"},\"image\":{\"@id\":\"https:\/\/nills.com\/#\/schema\/logo\/image\/\"},\"sameAs\":[\"https:\/\/www.facebook.com\/nillsfurniture\",\"https:\/\/x.com\/nillsfurniture\"]}]}<\/script>\n<!-- \/ Yoast SEO plugin. -->","yoast_head_json":{"title":"Sivella Lambader - Nill&#039;s Mobilya","description":"Add elegance to your home with the Sivella Floor Lamp. With its modern design and refined details, it fits perfectly into any space. It offers both light and aesthetics in one.","robots":{"index":"index","follow":"follow","max-snippet":"max-snippet:-1","max-image-preview":"max-image-preview:large","max-video-preview":"max-video-preview:-1"},"canonical":"https:\/\/nills.com\/en\/product\/sivella-lamp\/","og_locale":"en_US","og_type":"article","og_title":"Sivella Lambader - Nill&#039;s Mobilya","og_description":"Sivella Lambader ile evinize \u015f\u0131kl\u0131k kat\u0131n. Modern tasar\u0131mlar\u0131 ve zarif detaylar\u0131yla her mekana uyum sa\u011flar. I\u015f\u0131k ve esteti\u011fi bir arada sunar.","og_url":"https:\/\/nills.com\/en\/product\/sivella-lamp\/","og_site_name":"Nill&#039;s Mobilya","article_publisher":"https:\/\/www.facebook.com\/nillsfurniture","article_modified_time":"2026-01-02T11:49:30+00:00","og_image":[{"width":1920,"height":1440,"url":"https:\/\/nills.com\/wp-content\/uploads\/2025\/05\/sivella-lambader-4.jpg","type":"image\/jpeg"}],"twitter_card":"summary_large_image","twitter_site":"@nillsfurniture","twitter_misc":{"Est. reading time":"1 minute"},"schema":{"@context":"https:\/\/schema.org","@graph":[{"@type":"WebPage","@id":"https:\/\/nills.com\/urun\/sivella-lambader\/","url":"https:\/\/nills.com\/urun\/sivella-lambader\/","name":"Sivella Lambader - Nill&#039;s Mobilya","isPartOf":{"@id":"https:\/\/nills.com\/#website"},"primaryImageOfPage":{"@id":"https:\/\/nills.com\/urun\/sivella-lambader\/#primaryimage"},"image":{"@id":"https:\/\/nills.com\/urun\/sivella-lambader\/#primaryimage"},"thumbnailUrl":"https:\/\/nills.com\/wp-content\/uploads\/2025\/05\/sivella-lambader-4.jpg","datePublished":"2025-05-12T11:07:25+00:00","dateModified":"2026-01-02T11:49:30+00:00","description":"Add elegance to your home with the Sivella Floor Lamp. With its modern design and refined details, it fits perfectly into any space. It offers both light and aesthetics in one.","breadcrumb":{"@id":"https:\/\/nills.com\/urun\/sivella-lambader\/#breadcrumb"},"inLanguage":"en-US","potentialAction":[{"@type":"ReadAction","target":["https:\/\/nills.com\/urun\/sivella-lambader\/"]}]},{"@type":"ImageObject","inLanguage":"en-US","@id":"https:\/\/nills.com\/urun\/sivella-lambader\/#primaryimage","url":"https:\/\/nills.com\/wp-content\/uploads\/2025\/05\/sivella-lambader-4.jpg","contentUrl":"https:\/\/nills.com\/wp-content\/uploads\/2025\/05\/sivella-lambader-4.jpg","width":1920,"height":1440},{"@type":"BreadcrumbList","@id":"https:\/\/nills.com\/urun\/sivella-lambader\/#breadcrumb","itemListElement":[{"@type":"ListItem","position":1,"name":"Anasayfa","item":"https:\/\/nills.com\/"},{"@type":"ListItem","position":2,"name":"\u00dcr\u00fcnler","item":"https:\/\/nills.com\/shop\/"},{"@type":"ListItem","position":3,"name":"Sivella Lambader"}]},{"@type":"WebSite","@id":"https:\/\/nills.com\/#website","url":"https:\/\/nills.com\/","name":"Nill's Mobilya","description":"A Reflection Of You","publisher":{"@id":"https:\/\/nills.com\/#organization"},"potentialAction":[{"@type":"SearchAction","target":{"@type":"EntryPoint","urlTemplate":"https:\/\/nills.com\/?s={search_term_string}"},"query-input":{"@type":"PropertyValueSpecification","valueRequired":true,"valueName":"search_term_string"}}],"inLanguage":"en-US"},{"@type":"Organization","@id":"https:\/\/nills.com\/#organization","name":"Nill's Mobilya","url":"https:\/\/nills.com\/","logo":{"@type":"ImageObject","inLanguage":"en-US","@id":"https:\/\/nills.com\/#\/schema\/logo\/image\/","url":"https:\/\/nills.com\/wp-content\/uploads\/2025\/03\/homepage-banner-img-040325-2.jpg","contentUrl":"https:\/\/nills.com\/wp-content\/uploads\/2025\/03\/homepage-banner-img-040325-2.jpg","width":1920,"height":1440,"caption":"Nill's Mobilya"},"image":{"@id":"https:\/\/nills.com\/#\/schema\/logo\/image\/"},"sameAs":["https:\/\/www.facebook.com\/nillsfurniture","https:\/\/x.com\/nillsfurniture"]}]}},"_links":{"self":[{"href":"https:\/\/nills.com\/en\/wp-json\/wp\/v2\/product\/4192","targetHints":{"allow":["GET"]}}],"collection":[{"href":"https:\/\/nills.com\/en\/wp-json\/wp\/v2\/product"}],"about":[{"href":"https:\/\/nills.com\/en\/wp-json\/wp\/v2\/types\/product"}],"replies":[{"embeddable":true,"href":"https:\/\/nills.com\/en\/wp-json\/wp\/v2\/comments?post=4192"}],"wp:featuredmedia":[{"embeddable":true,"href":"https:\/\/nills.com\/en\/wp-json\/wp\/v2\/media\/6858"}],"wp:attachment":[{"href":"https:\/\/nills.com\/en\/wp-json\/wp\/v2\/media?parent=4192"}],"wp:term":[{"taxonomy":"product_brand","embeddable":true,"href":"https:\/\/nills.com\/en\/wp-json\/wp\/v2\/product_brand?post=4192"},{"taxonomy":"product_cat","embeddable":true,"href":"https:\/\/nills.com\/en\/wp-json\/wp\/v2\/product_cat?post=4192"},{"taxonomy":"product_tag","embeddable":true,"href":"https:\/\/nills.com\/en\/wp-json\/wp\/v2\/product_tag?post=4192"}],"curies":[{"name":"wp","href":"https:\/\/api.w.org\/{rel}","templated":true}]}}