{"id":6659,"date":"2025-12-20T12:09:20","date_gmt":"2025-12-20T12:09:20","guid":{"rendered":"https:\/\/nills.com\/?post_type=product&#038;p=6659"},"modified":"2026-01-29T06:39:09","modified_gmt":"2026-01-29T06:39:09","slug":"arc-dining-room","status":"publish","type":"product","link":"https:\/\/nills.com\/en\/product\/arc-dining-room\/","title":{"rendered":"Arc Dining Room"},"content":{"rendered":"","protected":false},"excerpt":{"rendered":"","protected":false},"featured_media":6660,"comment_status":"open","ping_status":"closed","template":"","meta":[],"product_brand":[],"product_cat":[20],"product_tag":[],"class_list":{"0":"post-6659","1":"product","2":"type-product","3":"status-publish","4":"has-post-thumbnail","6":"product_cat-yemek-odalari","8":"first","9":"instock","10":"shipping-taxable","11":"product-type-simple"},"yoast_head":"<!-- This site is optimized with the Yoast SEO plugin v26.8 - https:\/\/yoast.com\/product\/yoast-seo-wordpress\/ -->\n<title>Arc Yemek Odas\u0131 - Nill&#039;s Mobilya<\/title>\n<meta name=\"description\" content=\"Arc yemek odas\u0131, estetik ve fonksiyonelli\u011fi bir araya getiriyor. Aile yemeklerinizi daha keyifli hale getirmek i\u00e7in ideal bir se\u00e7imdir.\" \/>\n<meta name=\"robots\" content=\"index, follow, max-snippet:-1, max-image-preview:large, max-video-preview:-1\" \/>\n<link rel=\"canonical\" href=\"https:\/\/nills.com\/en\/product\/arc-dining-room\/\" \/>\n<meta property=\"og:locale\" content=\"en_US\" \/>\n<meta property=\"og:type\" content=\"article\" \/>\n<meta property=\"og:title\" content=\"Arc Yemek Odas\u0131 - Nill&#039;s Mobilya\" \/>\n<meta property=\"og:description\" content=\"Arc yemek odas\u0131, estetik ve fonksiyonelli\u011fi bir araya getiriyor. Aile yemeklerinizi daha keyifli hale getirmek i\u00e7in ideal bir se\u00e7imdir.\" \/>\n<meta property=\"og:url\" content=\"https:\/\/nills.com\/en\/product\/arc-dining-room\/\" \/>\n<meta property=\"og:site_name\" content=\"Nill&#039;s Mobilya\" \/>\n<meta property=\"article:publisher\" content=\"https:\/\/www.facebook.com\/nillsfurniture\" \/>\n<meta property=\"article:modified_time\" content=\"2026-01-29T06:39:09+00:00\" \/>\n<meta property=\"og:image\" content=\"https:\/\/nills.com\/wp-content\/uploads\/2025\/12\/arc-yemek-odasi-1.jpg\" \/>\n\t<meta property=\"og:image:width\" content=\"1920\" \/>\n\t<meta property=\"og:image:height\" content=\"1440\" \/>\n\t<meta property=\"og:image:type\" content=\"image\/jpeg\" \/>\n<meta name=\"twitter:card\" content=\"summary_large_image\" \/>\n<meta name=\"twitter:site\" content=\"@nillsfurniture\" \/>\n<meta name=\"twitter:label1\" content=\"Est. reading time\" \/>\n\t<meta name=\"twitter:data1\" content=\"1 minute\" \/>\n<script type=\"application\/ld+json\" class=\"yoast-schema-graph\">{\"@context\":\"https:\/\/schema.org\",\"@graph\":[{\"@type\":\"WebPage\",\"@id\":\"https:\/\/nills.com\/urun\/arc-yemek-odasi\/\",\"url\":\"https:\/\/nills.com\/urun\/arc-yemek-odasi\/\",\"name\":\"Arc Yemek Odas\u0131 - Nill&#039;s Mobilya\",\"isPartOf\":{\"@id\":\"https:\/\/nills.com\/#website\"},\"primaryImageOfPage\":{\"@id\":\"https:\/\/nills.com\/urun\/arc-yemek-odasi\/#primaryimage\"},\"image\":{\"@id\":\"https:\/\/nills.com\/urun\/arc-yemek-odasi\/#primaryimage\"},\"thumbnailUrl\":\"https:\/\/nills.com\/wp-content\/uploads\/2025\/12\/arc-yemek-odasi-1.jpg\",\"datePublished\":\"2025-12-20T12:09:20+00:00\",\"dateModified\":\"2026-01-29T06:39:09+00:00\",\"description\":\"Arc yemek odas\u0131, estetik ve fonksiyonelli\u011fi bir araya getiriyor. Aile yemeklerinizi daha keyifli hale getirmek i\u00e7in ideal bir se\u00e7imdir.\",\"breadcrumb\":{\"@id\":\"https:\/\/nills.com\/urun\/arc-yemek-odasi\/#breadcrumb\"},\"inLanguage\":\"en-US\",\"potentialAction\":[{\"@type\":\"ReadAction\",\"target\":[\"https:\/\/nills.com\/urun\/arc-yemek-odasi\/\"]}]},{\"@type\":\"ImageObject\",\"inLanguage\":\"en-US\",\"@id\":\"https:\/\/nills.com\/urun\/arc-yemek-odasi\/#primaryimage\",\"url\":\"https:\/\/nills.com\/wp-content\/uploads\/2025\/12\/arc-yemek-odasi-1.jpg\",\"contentUrl\":\"https:\/\/nills.com\/wp-content\/uploads\/2025\/12\/arc-yemek-odasi-1.jpg\",\"width\":1920,\"height\":1440},{\"@type\":\"BreadcrumbList\",\"@id\":\"https:\/\/nills.com\/urun\/arc-yemek-odasi\/#breadcrumb\",\"itemListElement\":[{\"@type\":\"ListItem\",\"position\":1,\"name\":\"Anasayfa\",\"item\":\"https:\/\/nills.com\/\"},{\"@type\":\"ListItem\",\"position\":2,\"name\":\"\u00dcr\u00fcnler\",\"item\":\"https:\/\/nills.com\/shop\/\"},{\"@type\":\"ListItem\",\"position\":3,\"name\":\"Arc Yemek Odas\u0131\"}]},{\"@type\":\"WebSite\",\"@id\":\"https:\/\/nills.com\/#website\",\"url\":\"https:\/\/nills.com\/\",\"name\":\"Nill's Mobilya\",\"description\":\"A Reflection Of You\",\"publisher\":{\"@id\":\"https:\/\/nills.com\/#organization\"},\"potentialAction\":[{\"@type\":\"SearchAction\",\"target\":{\"@type\":\"EntryPoint\",\"urlTemplate\":\"https:\/\/nills.com\/?s={search_term_string}\"},\"query-input\":{\"@type\":\"PropertyValueSpecification\",\"valueRequired\":true,\"valueName\":\"search_term_string\"}}],\"inLanguage\":\"en-US\"},{\"@type\":\"Organization\",\"@id\":\"https:\/\/nills.com\/#organization\",\"name\":\"Nill's Mobilya\",\"url\":\"https:\/\/nills.com\/\",\"logo\":{\"@type\":\"ImageObject\",\"inLanguage\":\"en-US\",\"@id\":\"https:\/\/nills.com\/#\/schema\/logo\/image\/\",\"url\":\"https:\/\/nills.com\/wp-content\/uploads\/2025\/03\/homepage-banner-img-040325-2.jpg\",\"contentUrl\":\"https:\/\/nills.com\/wp-content\/uploads\/2025\/03\/homepage-banner-img-040325-2.jpg\",\"width\":1920,\"height\":1440,\"caption\":\"Nill's Mobilya\"},\"image\":{\"@id\":\"https:\/\/nills.com\/#\/schema\/logo\/image\/\"},\"sameAs\":[\"https:\/\/www.facebook.com\/nillsfurniture\",\"https:\/\/x.com\/nillsfurniture\"]}]}<\/script>\n<!-- \/ Yoast SEO plugin. -->","yoast_head_json":{"title":"Arc Yemek Odas\u0131 - Nill&#039;s Mobilya","description":"The Arc dining room brings aesthetics and functionality together. It is an ideal choice to make your family meals more enjoyable.","robots":{"index":"index","follow":"follow","max-snippet":"max-snippet:-1","max-image-preview":"max-image-preview:large","max-video-preview":"max-video-preview:-1"},"canonical":"https:\/\/nills.com\/en\/product\/arc-dining-room\/","og_locale":"en_US","og_type":"article","og_title":"Arc Yemek Odas\u0131 - Nill&#039;s Mobilya","og_description":"Arc yemek odas\u0131, estetik ve fonksiyonelli\u011fi bir araya getiriyor. Aile yemeklerinizi daha keyifli hale getirmek i\u00e7in ideal bir se\u00e7imdir.","og_url":"https:\/\/nills.com\/en\/product\/arc-dining-room\/","og_site_name":"Nill&#039;s Mobilya","article_publisher":"https:\/\/www.facebook.com\/nillsfurniture","article_modified_time":"2026-01-29T06:39:09+00:00","og_image":[{"width":1920,"height":1440,"url":"https:\/\/nills.com\/wp-content\/uploads\/2025\/12\/arc-yemek-odasi-1.jpg","type":"image\/jpeg"}],"twitter_card":"summary_large_image","twitter_site":"@nillsfurniture","twitter_misc":{"Est. reading time":"1 minute"},"schema":{"@context":"https:\/\/schema.org","@graph":[{"@type":"WebPage","@id":"https:\/\/nills.com\/urun\/arc-yemek-odasi\/","url":"https:\/\/nills.com\/urun\/arc-yemek-odasi\/","name":"Arc Yemek Odas\u0131 - Nill&#039;s Mobilya","isPartOf":{"@id":"https:\/\/nills.com\/#website"},"primaryImageOfPage":{"@id":"https:\/\/nills.com\/urun\/arc-yemek-odasi\/#primaryimage"},"image":{"@id":"https:\/\/nills.com\/urun\/arc-yemek-odasi\/#primaryimage"},"thumbnailUrl":"https:\/\/nills.com\/wp-content\/uploads\/2025\/12\/arc-yemek-odasi-1.jpg","datePublished":"2025-12-20T12:09:20+00:00","dateModified":"2026-01-29T06:39:09+00:00","description":"The Arc dining room brings aesthetics and functionality together. It is an ideal choice to make your family meals more enjoyable.","breadcrumb":{"@id":"https:\/\/nills.com\/urun\/arc-yemek-odasi\/#breadcrumb"},"inLanguage":"en-US","potentialAction":[{"@type":"ReadAction","target":["https:\/\/nills.com\/urun\/arc-yemek-odasi\/"]}]},{"@type":"ImageObject","inLanguage":"en-US","@id":"https:\/\/nills.com\/urun\/arc-yemek-odasi\/#primaryimage","url":"https:\/\/nills.com\/wp-content\/uploads\/2025\/12\/arc-yemek-odasi-1.jpg","contentUrl":"https:\/\/nills.com\/wp-content\/uploads\/2025\/12\/arc-yemek-odasi-1.jpg","width":1920,"height":1440},{"@type":"BreadcrumbList","@id":"https:\/\/nills.com\/urun\/arc-yemek-odasi\/#breadcrumb","itemListElement":[{"@type":"ListItem","position":1,"name":"Anasayfa","item":"https:\/\/nills.com\/"},{"@type":"ListItem","position":2,"name":"\u00dcr\u00fcnler","item":"https:\/\/nills.com\/shop\/"},{"@type":"ListItem","position":3,"name":"Arc Yemek Odas\u0131"}]},{"@type":"WebSite","@id":"https:\/\/nills.com\/#website","url":"https:\/\/nills.com\/","name":"Nill's Mobilya","description":"A Reflection Of You","publisher":{"@id":"https:\/\/nills.com\/#organization"},"potentialAction":[{"@type":"SearchAction","target":{"@type":"EntryPoint","urlTemplate":"https:\/\/nills.com\/?s={search_term_string}"},"query-input":{"@type":"PropertyValueSpecification","valueRequired":true,"valueName":"search_term_string"}}],"inLanguage":"en-US"},{"@type":"Organization","@id":"https:\/\/nills.com\/#organization","name":"Nill's Mobilya","url":"https:\/\/nills.com\/","logo":{"@type":"ImageObject","inLanguage":"en-US","@id":"https:\/\/nills.com\/#\/schema\/logo\/image\/","url":"https:\/\/nills.com\/wp-content\/uploads\/2025\/03\/homepage-banner-img-040325-2.jpg","contentUrl":"https:\/\/nills.com\/wp-content\/uploads\/2025\/03\/homepage-banner-img-040325-2.jpg","width":1920,"height":1440,"caption":"Nill's Mobilya"},"image":{"@id":"https:\/\/nills.com\/#\/schema\/logo\/image\/"},"sameAs":["https:\/\/www.facebook.com\/nillsfurniture","https:\/\/x.com\/nillsfurniture"]}]}},"_links":{"self":[{"href":"https:\/\/nills.com\/en\/wp-json\/wp\/v2\/product\/6659","targetHints":{"allow":["GET"]}}],"collection":[{"href":"https:\/\/nills.com\/en\/wp-json\/wp\/v2\/product"}],"about":[{"href":"https:\/\/nills.com\/en\/wp-json\/wp\/v2\/types\/product"}],"replies":[{"embeddable":true,"href":"https:\/\/nills.com\/en\/wp-json\/wp\/v2\/comments?post=6659"}],"wp:featuredmedia":[{"embeddable":true,"href":"https:\/\/nills.com\/en\/wp-json\/wp\/v2\/media\/6660"}],"wp:attachment":[{"href":"https:\/\/nills.com\/en\/wp-json\/wp\/v2\/media?parent=6659"}],"wp:term":[{"taxonomy":"product_brand","embeddable":true,"href":"https:\/\/nills.com\/en\/wp-json\/wp\/v2\/product_brand?post=6659"},{"taxonomy":"product_cat","embeddable":true,"href":"https:\/\/nills.com\/en\/wp-json\/wp\/v2\/product_cat?post=6659"},{"taxonomy":"product_tag","embeddable":true,"href":"https:\/\/nills.com\/en\/wp-json\/wp\/v2\/product_tag?post=6659"}],"curies":[{"name":"wp","href":"https:\/\/api.w.org\/{rel}","templated":true}]}}