{"id":217,"date":"2025-03-20T11:01:34","date_gmt":"2025-03-20T11:01:34","guid":{"rendered":"https:\/\/nills.com\/?page_id=217"},"modified":"2026-01-03T13:09:48","modified_gmt":"2026-01-03T13:09:48","slug":"e-catalog","status":"publish","type":"page","link":"https:\/\/nills.com\/ro\/e-catalog\/","title":{"rendered":"Catalog"},"content":{"rendered":"<div class=\"wpb-content-wrapper\"><div id=\"custom-page-banner\" data-vc-full-width=\"true\" data-vc-full-width-init=\"false\" class=\"vc_row wpb_row vc_row-fluid vc_custom_1748276650011 wd-rs-683495a691436 wd-section-stretch\"><div class=\"wpb_column vc_column_container vc_col-sm-12\"><div class=\"vc_column-inner\"><div class=\"wpb_wrapper\">\t\t<div id=\"wd-67dbf7c5903bc\" class=\"wd-text-block wd-wpb reset-last-child wd-rs-67dbf7c5903bc text-left\">\n\t\t\t<div class=\"custom-breadcrumb-content\">\n<p><a href=\"\/ro\/\">Pagina Principal\u0103<\/a><\/p>\n<div class=\"link-spacer\">\/<\/div>\n<p><a href=\"\/ro\/e-catalog\/\">Catalog<\/a><\/p>\n<\/div>\n<div class=\"title-cont\">\n<h1>Catalog<\/h1>\n<\/div>\n\t\t<\/div>\n\t\t<\/div><\/div><\/div><\/div><div class=\"vc_row-full-width vc_clearfix\"><\/div><div id=\"pdf-content\" class=\"vc_row wpb_row vc_row-fluid vc_custom_1748258457389 wd-rs-68344e823b8e2\"><div class=\"wpb_column vc_column_container vc_col-sm-12\"><div class=\"vc_column-inner\"><div class=\"wpb_wrapper\"><div class=\"vc_row wpb_row vc_inner vc_row-fluid wd-rs-672fbd07e9ee6\"><div class=\"wpb_column vc_column_container vc_col-sm-3\"><div class=\"vc_column-inner\"><div class=\"wpb_wrapper\">\t\t\t<div class=\"info-box-wrapper\">\n\t\t\t\t<div id=\"wd-6959150fc935a\" class=\"wd-rs-6959150fc935a wd-info-box wd-wpb text-left box-icon-align-top box-style- color-scheme- wd-bg-none wplightbox\">\n\t\t\t\t\t\t\t\t\t\t\t<div class=\"box-icon-wrapper  box-with-icon box-icon-simple\">\n\t\t\t\t\t\t\t<div class=\"info-box-icon\">\n\n\t\t\t\t\t\t\t\n\t\t\t\t\t\t\t\t\t\t\t\t\t\t\t\t\t<img loading=\"lazy\" decoding=\"async\" width=\"680\" height=\"900\" src=\"https:\/\/nills.com\/wp-content\/uploads\/2025\/11\/nills-katalog-thumb-071125-1.jpg\" class=\"attachment-680x900 size-680x900\" alt=\"\" srcset=\"https:\/\/nills.com\/wp-content\/uploads\/2025\/11\/nills-katalog-thumb-071125-1.jpg 680w, https:\/\/nills.com\/wp-content\/uploads\/2025\/11\/nills-katalog-thumb-071125-1-227x300.jpg 227w, https:\/\/nills.com\/wp-content\/uploads\/2025\/11\/nills-katalog-thumb-071125-1-9x12.jpg 9w, https:\/\/nills.com\/wp-content\/uploads\/2025\/11\/nills-katalog-thumb-071125-1-150x199.jpg 150w\" sizes=\"auto, (max-width: 680px) 100vw, 680px\" \/>\t\t\t\t\t\t\t\t\t\t\t\t\t\t\t\n\t\t\t\t\t\t\t<\/div>\n\t\t\t\t\t\t<\/div>\n\t\t\t\t\t\t\t\t\t\t<div class=\"info-box-content\">\n\t\t\t\t\t\t<h4 class=\"info-box-title title box-title-style-default wd-fontsize-m\">Catalogul Colec\u021biei Nill's<\/h4>\t\t\t\t\t\t<div class=\"info-box-inner reset-last-child\"><\/div>\n\n\t\t\t\t\t\t\t\t\t\t\t<\/div>\n\n\t\t\t\t\t\t\t\t\t\t\t<a class=\"wd-info-box-link wd-fill\" aria-label=\"Infobox link\" href=\"\/wp-content\/uploads\/2026\/01\/nills-catalog-030126-1.pdf\" title=\"\" target=\"_blank\"><\/a>\n\t\t\t\t\t\n\t\t\t\t\t\t\t\t\t<\/div>\n\t\t\t<\/div>\n\t\t<\/div><\/div><\/div><div class=\"wpb_column vc_column_container vc_col-sm-3\"><div class=\"vc_column-inner\"><div class=\"wpb_wrapper\">\t\t\t<div class=\"info-box-wrapper\">\n\t\t\t\t<div id=\"wd-67f66ff4bfe0c\" class=\"wd-rs-67f66ff4bfe0c wd-info-box wd-wpb text-left box-icon-align-top box-style- color-scheme- wd-bg-none wplightbox\">\n\t\t\t\t\t\t\t\t\t\t\t<div class=\"box-icon-wrapper  box-with-icon box-icon-simple\">\n\t\t\t\t\t\t\t<div class=\"info-box-icon\">\n\n\t\t\t\t\t\t\t\n\t\t\t\t\t\t\t\t\t\t\t\t\t\t\t\t\t<img loading=\"lazy\" decoding=\"async\" width=\"680\" height=\"900\" src=\"https:\/\/nills.com\/wp-content\/uploads\/2025\/03\/nills-proje-katalog-200325-thumb-1.jpg\" class=\"attachment-680x900 size-680x900\" alt=\"\" srcset=\"https:\/\/nills.com\/wp-content\/uploads\/2025\/03\/nills-proje-katalog-200325-thumb-1.jpg 680w, https:\/\/nills.com\/wp-content\/uploads\/2025\/03\/nills-proje-katalog-200325-thumb-1-150x199.jpg 150w, https:\/\/nills.com\/wp-content\/uploads\/2025\/03\/nills-proje-katalog-200325-thumb-1-227x300.jpg 227w, https:\/\/nills.com\/wp-content\/uploads\/2025\/03\/nills-proje-katalog-200325-thumb-1-600x794.jpg 600w\" sizes=\"auto, (max-width: 680px) 100vw, 680px\" \/>\t\t\t\t\t\t\t\t\t\t\t\t\t\t\t\n\t\t\t\t\t\t\t<\/div>\n\t\t\t\t\t\t<\/div>\n\t\t\t\t\t\t\t\t\t\t<div class=\"info-box-content\">\n\t\t\t\t\t\t<h4 class=\"info-box-title title box-title-style-default wd-fontsize-m\">Proiecte Horeca<\/h4>\t\t\t\t\t\t<div class=\"info-box-inner reset-last-child\"><\/div>\n\n\t\t\t\t\t\t\t\t\t\t\t<\/div>\n\n\t\t\t\t\t\t\t\t\t\t\t<a class=\"wd-info-box-link wd-fill\" aria-label=\"Infobox link\" href=\"\/wp-content\/uploads\/2025\/03\/nills-proje-katalog-200325-1.pdf\" title=\"\" target=\"_blank\"><\/a>\n\t\t\t\t\t\n\t\t\t\t\t\t\t\t\t<\/div>\n\t\t\t<\/div>\n\t\t<\/div><\/div><\/div><div class=\"wpb_column vc_column_container vc_col-sm-3\"><div class=\"vc_column-inner\"><div class=\"wpb_wrapper\">\t\t\t<div class=\"info-box-wrapper\">\n\t\t\t\t<div id=\"wd-67f66fff452cf\" class=\"wd-rs-67f66fff452cf wd-info-box wd-wpb text-left box-icon-align-top box-style- color-scheme- wd-bg-none wplightbox\">\n\t\t\t\t\t\t\t\t\t\t\t<div class=\"box-icon-wrapper  box-with-icon box-icon-simple\">\n\t\t\t\t\t\t\t<div class=\"info-box-icon\">\n\n\t\t\t\t\t\t\t\n\t\t\t\t\t\t\t\t\t\t\t\t\t\t\t\t\t<img loading=\"lazy\" decoding=\"async\" width=\"680\" height=\"900\" src=\"https:\/\/nills.com\/wp-content\/uploads\/2025\/03\/nills-kose-arternatifleri-katalogu-thumb-200325-1.jpg\" class=\"attachment-680x900 size-680x900\" alt=\"\" srcset=\"https:\/\/nills.com\/wp-content\/uploads\/2025\/03\/nills-kose-arternatifleri-katalogu-thumb-200325-1.jpg 680w, https:\/\/nills.com\/wp-content\/uploads\/2025\/03\/nills-kose-arternatifleri-katalogu-thumb-200325-1-150x199.jpg 150w, https:\/\/nills.com\/wp-content\/uploads\/2025\/03\/nills-kose-arternatifleri-katalogu-thumb-200325-1-227x300.jpg 227w, https:\/\/nills.com\/wp-content\/uploads\/2025\/03\/nills-kose-arternatifleri-katalogu-thumb-200325-1-600x794.jpg 600w\" sizes=\"auto, (max-width: 680px) 100vw, 680px\" \/>\t\t\t\t\t\t\t\t\t\t\t\t\t\t\t\n\t\t\t\t\t\t\t<\/div>\n\t\t\t\t\t\t<\/div>\n\t\t\t\t\t\t\t\t\t\t<div class=\"info-box-content\">\n\t\t\t\t\t\t<h4 class=\"info-box-title title box-title-style-default wd-fontsize-m\">Catalog Canapele Modulare<\/h4>\t\t\t\t\t\t<div class=\"info-box-inner reset-last-child\"><\/div>\n\n\t\t\t\t\t\t\t\t\t\t\t<\/div>\n\n\t\t\t\t\t\t\t\t\t\t\t<a class=\"wd-info-box-link wd-fill\" aria-label=\"Infobox link\" href=\"\/wp-content\/uploads\/2025\/03\/nills-kose-arternatifleri-katalogu-200325-1.pdf\" title=\"\" target=\"_blank\"><\/a>\n\t\t\t\t\t\n\t\t\t\t\t\t\t\t\t<\/div>\n\t\t\t<\/div>\n\t\t<\/div><\/div><\/div><div class=\"wpb_column vc_column_container vc_col-sm-3\"><div class=\"vc_column-inner\"><div class=\"wpb_wrapper\">\t\t\t<div class=\"info-box-wrapper\">\n\t\t\t\t<div id=\"wd-67f66ffa3ef36\" class=\"wd-rs-67f66ffa3ef36 wd-info-box wd-wpb text-left box-icon-align-top box-style- color-scheme- wd-bg-none wplightbox\">\n\t\t\t\t\t\t\t\t\t\t\t<div class=\"box-icon-wrapper  box-with-icon box-icon-simple\">\n\t\t\t\t\t\t\t<div class=\"info-box-icon\">\n\n\t\t\t\t\t\t\t\n\t\t\t\t\t\t\t\t\t\t\t\t\t\t\t\t\t<img loading=\"lazy\" decoding=\"async\" width=\"680\" height=\"900\" src=\"https:\/\/nills.com\/wp-content\/uploads\/2025\/03\/nills-proje-sunum-katalog-200325-thumb-1.jpg\" class=\"attachment-680x900 size-680x900\" alt=\"\" srcset=\"https:\/\/nills.com\/wp-content\/uploads\/2025\/03\/nills-proje-sunum-katalog-200325-thumb-1.jpg 680w, https:\/\/nills.com\/wp-content\/uploads\/2025\/03\/nills-proje-sunum-katalog-200325-thumb-1-150x199.jpg 150w, https:\/\/nills.com\/wp-content\/uploads\/2025\/03\/nills-proje-sunum-katalog-200325-thumb-1-227x300.jpg 227w, https:\/\/nills.com\/wp-content\/uploads\/2025\/03\/nills-proje-sunum-katalog-200325-thumb-1-600x794.jpg 600w\" sizes=\"auto, (max-width: 680px) 100vw, 680px\" \/>\t\t\t\t\t\t\t\t\t\t\t\t\t\t\t\n\t\t\t\t\t\t\t<\/div>\n\t\t\t\t\t\t<\/div>\n\t\t\t\t\t\t\t\t\t\t<div class=\"info-box-content\">\n\t\t\t\t\t\t<h4 class=\"info-box-title title box-title-style-default wd-fontsize-m\">Bro\u0219ura de Prezentare a Proiectului<\/h4>\t\t\t\t\t\t<div class=\"info-box-inner reset-last-child\"><\/div>\n\n\t\t\t\t\t\t\t\t\t\t\t<\/div>\n\n\t\t\t\t\t\t\t\t\t\t\t<a class=\"wd-info-box-link wd-fill\" aria-label=\"Infobox link\" href=\"\/wp-content\/uploads\/2025\/03\/nills-proje-sunum-katalog-200325-1.pdf\" title=\"\" target=\"_blank\"><\/a>\n\t\t\t\t\t\n\t\t\t\t\t\t\t\t\t<\/div>\n\t\t\t<\/div>\n\t\t<\/div><\/div><\/div><\/div><\/div><\/div><\/div><\/div>\n<\/div>","protected":false},"excerpt":{"rendered":"Ana Sayfa \/ E-Katalog E-Katalog Nill's Koleksiyonu Katalo\u011fu Proje Katalo\u011fu K\u00f6\u015fe Alternatifleri Proje Sunum Kitap\u00e7\u0131\u011f\u0131","protected":false},"author":1,"featured_media":0,"parent":0,"menu_order":0,"comment_status":"closed","ping_status":"closed","template":"","meta":{"footnotes":""},"class_list":["post-217","page","type-page","status-publish","hentry"],"yoast_head":"<!-- This site is optimized with the Yoast SEO plugin v26.8 - https:\/\/yoast.com\/product\/yoast-seo-wordpress\/ -->\n<title>E-Katalog - Nill&#039;s Mobilya<\/title>\n<meta name=\"description\" content=\"E-kataloklar\u0131m\u0131z\u0131 g\u00f6r\u00fcnt\u00fcleyin, ya\u015fam alan\u0131n\u0131za de\u011fer katacak \u00f6zg\u00fcn mobilya tasar\u0131mlar\u0131n\u0131 yak\u0131ndan tan\u0131y\u0131n.\" \/>\n<meta name=\"robots\" content=\"index, follow, max-snippet:-1, max-image-preview:large, max-video-preview:-1\" \/>\n<link rel=\"canonical\" href=\"https:\/\/nills.com\/ro\/e-catalog\/\" \/>\n<meta property=\"og:locale\" content=\"ro_RO\" \/>\n<meta property=\"og:type\" content=\"article\" \/>\n<meta property=\"og:title\" content=\"E-Katalog - Nill&#039;s Mobilya\" \/>\n<meta property=\"og:description\" content=\"E-kataloklar\u0131m\u0131z\u0131 g\u00f6r\u00fcnt\u00fcleyin, ya\u015fam alan\u0131n\u0131za de\u011fer katacak \u00f6zg\u00fcn mobilya tasar\u0131mlar\u0131n\u0131 yak\u0131ndan tan\u0131y\u0131n.\" \/>\n<meta property=\"og:url\" content=\"https:\/\/nills.com\/ro\/e-catalog\/\" \/>\n<meta property=\"og:site_name\" content=\"Nill&#039;s Mobilya\" \/>\n<meta property=\"article:publisher\" content=\"https:\/\/www.facebook.com\/nillsfurniture\" \/>\n<meta property=\"article:modified_time\" content=\"2026-01-03T13:09:48+00:00\" \/>\n<meta property=\"og:image\" content=\"https:\/\/nills.com\/wp-content\/uploads\/2025\/04\/nills-katalog-2025-thumb-040425-1.jpg\" \/>\n\t<meta property=\"og:image:width\" content=\"680\" \/>\n\t<meta property=\"og:image:height\" content=\"900\" \/>\n\t<meta property=\"og:image:type\" content=\"image\/jpeg\" \/>\n<meta name=\"twitter:card\" content=\"summary_large_image\" \/>\n<meta name=\"twitter:site\" content=\"@nillsfurniture\" \/>\n<meta name=\"twitter:label1\" content=\"Timp estimat pentru citire\" \/>\n\t<meta name=\"twitter:data1\" content=\"2 minute\" \/>\n<script type=\"application\/ld+json\" class=\"yoast-schema-graph\">{\"@context\":\"https:\/\/schema.org\",\"@graph\":[{\"@type\":\"WebPage\",\"@id\":\"https:\/\/nills.com\/e-katalog\/\",\"url\":\"https:\/\/nills.com\/e-katalog\/\",\"name\":\"E-Katalog - Nill&#039;s Mobilya\",\"isPartOf\":{\"@id\":\"https:\/\/nills.com\/#website\"},\"datePublished\":\"2025-03-20T11:01:34+00:00\",\"dateModified\":\"2026-01-03T13:09:48+00:00\",\"description\":\"E-kataloklar\u0131m\u0131z\u0131 g\u00f6r\u00fcnt\u00fcleyin, ya\u015fam alan\u0131n\u0131za de\u011fer katacak \u00f6zg\u00fcn mobilya tasar\u0131mlar\u0131n\u0131 yak\u0131ndan tan\u0131y\u0131n.\",\"breadcrumb\":{\"@id\":\"https:\/\/nills.com\/e-katalog\/#breadcrumb\"},\"inLanguage\":\"ro-RO\",\"potentialAction\":[{\"@type\":\"ReadAction\",\"target\":[\"https:\/\/nills.com\/e-katalog\/\"]}]},{\"@type\":\"BreadcrumbList\",\"@id\":\"https:\/\/nills.com\/e-katalog\/#breadcrumb\",\"itemListElement\":[{\"@type\":\"ListItem\",\"position\":1,\"name\":\"Anasayfa\",\"item\":\"https:\/\/nills.com\/\"},{\"@type\":\"ListItem\",\"position\":2,\"name\":\"E-Katalog\"}]},{\"@type\":\"WebSite\",\"@id\":\"https:\/\/nills.com\/#website\",\"url\":\"https:\/\/nills.com\/\",\"name\":\"Nill's Mobilya\",\"description\":\"A Reflection Of You\",\"publisher\":{\"@id\":\"https:\/\/nills.com\/#organization\"},\"potentialAction\":[{\"@type\":\"SearchAction\",\"target\":{\"@type\":\"EntryPoint\",\"urlTemplate\":\"https:\/\/nills.com\/?s={search_term_string}\"},\"query-input\":{\"@type\":\"PropertyValueSpecification\",\"valueRequired\":true,\"valueName\":\"search_term_string\"}}],\"inLanguage\":\"ro-RO\"},{\"@type\":\"Organization\",\"@id\":\"https:\/\/nills.com\/#organization\",\"name\":\"Nill's Mobilya\",\"url\":\"https:\/\/nills.com\/\",\"logo\":{\"@type\":\"ImageObject\",\"inLanguage\":\"ro-RO\",\"@id\":\"https:\/\/nills.com\/#\/schema\/logo\/image\/\",\"url\":\"https:\/\/nills.com\/wp-content\/uploads\/2025\/03\/homepage-banner-img-040325-2.jpg\",\"contentUrl\":\"https:\/\/nills.com\/wp-content\/uploads\/2025\/03\/homepage-banner-img-040325-2.jpg\",\"width\":1920,\"height\":1440,\"caption\":\"Nill's Mobilya\"},\"image\":{\"@id\":\"https:\/\/nills.com\/#\/schema\/logo\/image\/\"},\"sameAs\":[\"https:\/\/www.facebook.com\/nillsfurniture\",\"https:\/\/x.com\/nillsfurniture\"]}]}<\/script>\n<!-- \/ Yoast SEO plugin. -->","yoast_head_json":{"title":"E-Katalog - Nill&#039;s Mobilya","description":"Vizualiza\u021bi cataloagele noastre electronice \u0219i descoperi\u021bi designuri de mobilier unice care vor ad\u0103uga valoare spa\u021biilor dumneavoastr\u0103 de locuit.","robots":{"index":"index","follow":"follow","max-snippet":"max-snippet:-1","max-image-preview":"max-image-preview:large","max-video-preview":"max-video-preview:-1"},"canonical":"https:\/\/nills.com\/ro\/e-catalog\/","og_locale":"ro_RO","og_type":"article","og_title":"E-Katalog - Nill&#039;s Mobilya","og_description":"E-kataloklar\u0131m\u0131z\u0131 g\u00f6r\u00fcnt\u00fcleyin, ya\u015fam alan\u0131n\u0131za de\u011fer katacak \u00f6zg\u00fcn mobilya tasar\u0131mlar\u0131n\u0131 yak\u0131ndan tan\u0131y\u0131n.","og_url":"https:\/\/nills.com\/ro\/e-catalog\/","og_site_name":"Nill&#039;s Mobilya","article_publisher":"https:\/\/www.facebook.com\/nillsfurniture","article_modified_time":"2026-01-03T13:09:48+00:00","og_image":[{"width":680,"height":900,"url":"https:\/\/nills.com\/wp-content\/uploads\/2025\/04\/nills-katalog-2025-thumb-040425-1.jpg","type":"image\/jpeg"}],"twitter_card":"summary_large_image","twitter_site":"@nillsfurniture","twitter_misc":{"Timp estimat pentru citire":"2 minute"},"schema":{"@context":"https:\/\/schema.org","@graph":[{"@type":"WebPage","@id":"https:\/\/nills.com\/e-katalog\/","url":"https:\/\/nills.com\/e-katalog\/","name":"E-Katalog - Nill&#039;s Mobilya","isPartOf":{"@id":"https:\/\/nills.com\/#website"},"datePublished":"2025-03-20T11:01:34+00:00","dateModified":"2026-01-03T13:09:48+00:00","description":"Vizualiza\u021bi cataloagele noastre electronice \u0219i descoperi\u021bi designuri de mobilier unice care vor ad\u0103uga valoare spa\u021biilor dumneavoastr\u0103 de locuit.","breadcrumb":{"@id":"https:\/\/nills.com\/e-katalog\/#breadcrumb"},"inLanguage":"ro-RO","potentialAction":[{"@type":"ReadAction","target":["https:\/\/nills.com\/e-katalog\/"]}]},{"@type":"BreadcrumbList","@id":"https:\/\/nills.com\/e-katalog\/#breadcrumb","itemListElement":[{"@type":"ListItem","position":1,"name":"Anasayfa","item":"https:\/\/nills.com\/"},{"@type":"ListItem","position":2,"name":"E-Katalog"}]},{"@type":"WebSite","@id":"https:\/\/nills.com\/#website","url":"https:\/\/nills.com\/","name":"Nill's Mobilya","description":"A Reflection Of You","publisher":{"@id":"https:\/\/nills.com\/#organization"},"potentialAction":[{"@type":"SearchAction","target":{"@type":"EntryPoint","urlTemplate":"https:\/\/nills.com\/?s={search_term_string}"},"query-input":{"@type":"PropertyValueSpecification","valueRequired":true,"valueName":"search_term_string"}}],"inLanguage":"ro-RO"},{"@type":"Organization","@id":"https:\/\/nills.com\/#organization","name":"Nill's Mobilya","url":"https:\/\/nills.com\/","logo":{"@type":"ImageObject","inLanguage":"ro-RO","@id":"https:\/\/nills.com\/#\/schema\/logo\/image\/","url":"https:\/\/nills.com\/wp-content\/uploads\/2025\/03\/homepage-banner-img-040325-2.jpg","contentUrl":"https:\/\/nills.com\/wp-content\/uploads\/2025\/03\/homepage-banner-img-040325-2.jpg","width":1920,"height":1440,"caption":"Nill's Mobilya"},"image":{"@id":"https:\/\/nills.com\/#\/schema\/logo\/image\/"},"sameAs":["https:\/\/www.facebook.com\/nillsfurniture","https:\/\/x.com\/nillsfurniture"]}]}},"_links":{"self":[{"href":"https:\/\/nills.com\/ro\/wp-json\/wp\/v2\/pages\/217","targetHints":{"allow":["GET"]}}],"collection":[{"href":"https:\/\/nills.com\/ro\/wp-json\/wp\/v2\/pages"}],"about":[{"href":"https:\/\/nills.com\/ro\/wp-json\/wp\/v2\/types\/page"}],"author":[{"embeddable":true,"href":"https:\/\/nills.com\/ro\/wp-json\/wp\/v2\/users\/1"}],"replies":[{"embeddable":true,"href":"https:\/\/nills.com\/ro\/wp-json\/wp\/v2\/comments?post=217"}],"version-history":[{"count":17,"href":"https:\/\/nills.com\/ro\/wp-json\/wp\/v2\/pages\/217\/revisions"}],"predecessor-version":[{"id":6895,"href":"https:\/\/nills.com\/ro\/wp-json\/wp\/v2\/pages\/217\/revisions\/6895"}],"wp:attachment":[{"href":"https:\/\/nills.com\/ro\/wp-json\/wp\/v2\/media?parent=217"}],"curies":[{"name":"wp","href":"https:\/\/api.w.org\/{rel}","templated":true}]}}