{"id":3756,"date":"2025-04-03T23:58:31","date_gmt":"2025-04-03T23:58:31","guid":{"rendered":"https:\/\/nills.com\/?page_id=3756"},"modified":"2025-07-28T11:47:33","modified_gmt":"2025-07-28T11:47:33","slug":"urunler","status":"publish","type":"page","link":"https:\/\/nills.com\/ro\/urunler\/","title":{"rendered":"Produse"},"content":{"rendered":"<div class=\"wpb-content-wrapper\"><div id=\"custom-page-banner\" data-vc-full-width=\"true\" data-vc-full-width-init=\"false\" class=\"vc_row wpb_row vc_row-fluid vc_custom_1748339920754 wd-rs-68358ccc9b303\"><div class=\"wpb_column vc_column_container vc_col-sm-12\"><div class=\"vc_column-inner\"><div class=\"wpb_wrapper\">\t\t<div id=\"wd-687e148312fdd\" class=\"wd-text-block wd-wpb reset-last-child wd-rs-687e148312fdd text-left\">\n\t\t\t<div class=\"custom-breadcrumb-content\">\n<p><a href=\"\/ro\/\">Pagina Principal\u0103<\/a><\/p>\n<div class=\"link-spacer\">\/<\/div>\n<p><a href=\"\/ro\/urunler\/\">Produse<\/a><\/p>\n<\/div>\n<div class=\"title-cont\">\n<h1>Produse<\/h1>\n<\/div>\n\t\t<\/div>\n\t\t<\/div><\/div><\/div><\/div><div class=\"vc_row-full-width vc_clearfix\"><\/div><div id=\"product-categories\" class=\"vc_row wpb_row vc_row-fluid vc_custom_1748339929369 wd-rs-68358cd28cb06\"><div class=\"wpb_column vc_column_container vc_col-sm-4\"><div class=\"vc_column-inner\"><div class=\"wpb_wrapper\">\t\t\t<div class=\"info-box-wrapper\">\n\t\t\t\t<div id=\"wd-688761d3b5c03\" class=\"wd-rs-688761d3b5c03 wd-info-box wd-wpb text-center box-icon-align-top box-style- color-scheme- wd-bg-none\">\n\t\t\t\t\t\t\t\t\t\t\t<div class=\"box-icon-wrapper  box-with-icon box-icon-simple\">\n\t\t\t\t\t\t\t<div class=\"info-box-icon\">\n\n\t\t\t\t\t\t\t\n\t\t\t\t\t\t\t\t\t\t\t\t\t\t\t\t\t<img loading=\"lazy\" decoding=\"async\" width=\"1920\" height=\"1440\" src=\"https:\/\/nills.com\/wp-content\/uploads\/2025\/07\/tr.jpg\" class=\"attachment-1920x1440 size-1920x1440\" alt=\"\" srcset=\"https:\/\/nills.com\/wp-content\/uploads\/2025\/07\/tr.jpg 1920w, https:\/\/nills.com\/wp-content\/uploads\/2025\/07\/tr-300x225.jpg 300w, https:\/\/nills.com\/wp-content\/uploads\/2025\/07\/tr-1024x768.jpg 1024w, https:\/\/nills.com\/wp-content\/uploads\/2025\/07\/tr-768x576.jpg 768w, https:\/\/nills.com\/wp-content\/uploads\/2025\/07\/tr-1536x1152.jpg 1536w, https:\/\/nills.com\/wp-content\/uploads\/2025\/07\/tr-16x12.jpg 16w, https:\/\/nills.com\/wp-content\/uploads\/2025\/07\/tr-150x113.jpg 150w\" sizes=\"auto, (max-width: 1920px) 100vw, 1920px\" \/>\t\t\t\t\t\t\t\t\t\t\t\t\t\t\t\n\t\t\t\t\t\t\t<\/div>\n\t\t\t\t\t\t<\/div>\n\t\t\t\t\t\t\t\t\t\t<div class=\"info-box-content\">\n\t\t\t\t\t\t<h4 class=\"info-box-title title box-title-style-default wd-fontsize-m\">Dormitoare<\/h4>\t\t\t\t\t\t<div class=\"info-box-inner reset-last-child\"><\/div>\n\n\t\t\t\t\t\t\t\t\t\t\t<\/div>\n\n\t\t\t\t\t\t\t\t\t\t\t<a class=\"wd-info-box-link wd-fill\" aria-label=\"Infobox link\" href=\"\/ro\/categorie-produs\/dormitoare\/\" title=\"\"><\/a>\n\t\t\t\t\t\n\t\t\t\t\t\t\t\t\t<\/div>\n\t\t\t<\/div>\n\t\t<\/div><\/div><\/div><div class=\"wpb_column vc_column_container vc_col-sm-4\"><div class=\"vc_column-inner\"><div class=\"wpb_wrapper\">\t\t\t<div class=\"info-box-wrapper\">\n\t\t\t\t<div id=\"wd-68876280b7932\" class=\"wd-rs-68876280b7932 wd-info-box wd-wpb text-center box-icon-align-top box-style- color-scheme- wd-bg-none\">\n\t\t\t\t\t\t\t\t\t\t\t<div class=\"box-icon-wrapper  box-with-icon box-icon-simple\">\n\t\t\t\t\t\t\t<div class=\"info-box-icon\">\n\n\t\t\t\t\t\t\t\n\t\t\t\t\t\t\t\t\t\t\t\t\t\t\t\t\t<img loading=\"lazy\" decoding=\"async\" width=\"1920\" height=\"1440\" src=\"https:\/\/nills.com\/wp-content\/uploads\/2025\/07\/tr-2.jpg\" class=\"attachment-1920x1440 size-1920x1440\" alt=\"\" srcset=\"https:\/\/nills.com\/wp-content\/uploads\/2025\/07\/tr-2.jpg 1920w, https:\/\/nills.com\/wp-content\/uploads\/2025\/07\/tr-2-300x225.jpg 300w, https:\/\/nills.com\/wp-content\/uploads\/2025\/07\/tr-2-1024x768.jpg 1024w, https:\/\/nills.com\/wp-content\/uploads\/2025\/07\/tr-2-768x576.jpg 768w, https:\/\/nills.com\/wp-content\/uploads\/2025\/07\/tr-2-1536x1152.jpg 1536w, https:\/\/nills.com\/wp-content\/uploads\/2025\/07\/tr-2-16x12.jpg 16w, https:\/\/nills.com\/wp-content\/uploads\/2025\/07\/tr-2-150x113.jpg 150w\" sizes=\"auto, (max-width: 1920px) 100vw, 1920px\" \/>\t\t\t\t\t\t\t\t\t\t\t\t\t\t\t\n\t\t\t\t\t\t\t<\/div>\n\t\t\t\t\t\t<\/div>\n\t\t\t\t\t\t\t\t\t\t<div class=\"info-box-content\">\n\t\t\t\t\t\t<h4 class=\"info-box-title title box-title-style-default wd-fontsize-m\">Sufragerie<\/h4>\t\t\t\t\t\t<div class=\"info-box-inner reset-last-child\"><\/div>\n\n\t\t\t\t\t\t\t\t\t\t\t<\/div>\n\n\t\t\t\t\t\t\t\t\t\t\t<a class=\"wd-info-box-link wd-fill\" aria-label=\"Infobox link\" href=\"\/ro\/categorie-produs\/camere-de-living\/\" title=\"\"><\/a>\n\t\t\t\t\t\n\t\t\t\t\t\t\t\t\t<\/div>\n\t\t\t<\/div>\n\t\t<\/div><\/div><\/div><div class=\"wpb_column vc_column_container vc_col-sm-4\"><div class=\"vc_column-inner\"><div class=\"wpb_wrapper\">\t\t\t<div class=\"info-box-wrapper\">\n\t\t\t\t<div id=\"wd-688762a4d60dd\" class=\"wd-rs-688762a4d60dd wd-info-box wd-wpb text-center box-icon-align-top box-style- color-scheme- wd-bg-none\">\n\t\t\t\t\t\t\t\t\t\t\t<div class=\"box-icon-wrapper  box-with-icon box-icon-simple\">\n\t\t\t\t\t\t\t<div class=\"info-box-icon\">\n\n\t\t\t\t\t\t\t\n\t\t\t\t\t\t\t\t\t\t\t\t\t\t\t\t\t<img loading=\"lazy\" decoding=\"async\" width=\"1920\" height=\"1440\" src=\"https:\/\/nills.com\/wp-content\/uploads\/2025\/07\/tr-3.jpg\" class=\"attachment-1920x1440 size-1920x1440\" alt=\"\" srcset=\"https:\/\/nills.com\/wp-content\/uploads\/2025\/07\/tr-3.jpg 1920w, https:\/\/nills.com\/wp-content\/uploads\/2025\/07\/tr-3-300x225.jpg 300w, https:\/\/nills.com\/wp-content\/uploads\/2025\/07\/tr-3-1024x768.jpg 1024w, https:\/\/nills.com\/wp-content\/uploads\/2025\/07\/tr-3-768x576.jpg 768w, https:\/\/nills.com\/wp-content\/uploads\/2025\/07\/tr-3-1536x1152.jpg 1536w, https:\/\/nills.com\/wp-content\/uploads\/2025\/07\/tr-3-16x12.jpg 16w, https:\/\/nills.com\/wp-content\/uploads\/2025\/07\/tr-3-150x113.jpg 150w\" sizes=\"auto, (max-width: 1920px) 100vw, 1920px\" \/>\t\t\t\t\t\t\t\t\t\t\t\t\t\t\t\n\t\t\t\t\t\t\t<\/div>\n\t\t\t\t\t\t<\/div>\n\t\t\t\t\t\t\t\t\t\t<div class=\"info-box-content\">\n\t\t\t\t\t\t<h4 class=\"info-box-title title box-title-style-default wd-fontsize-m\">Unit\u0103\u021bi Tv<\/h4>\t\t\t\t\t\t<div class=\"info-box-inner reset-last-child\"><\/div>\n\n\t\t\t\t\t\t\t\t\t\t\t<\/div>\n\n\t\t\t\t\t\t\t\t\t\t\t<a class=\"wd-info-box-link wd-fill\" aria-label=\"Infobox link\" href=\"\/ro\/categorie-produs\/unitati-tv\/\" title=\"\"><\/a>\n\t\t\t\t\t\n\t\t\t\t\t\t\t\t\t<\/div>\n\t\t\t<\/div>\n\t\t<\/div><\/div><\/div><\/div><div id=\"product-categories\" class=\"vc_row wpb_row vc_row-fluid wd-rs-67f586b2333f9\"><div class=\"wpb_column vc_column_container vc_col-sm-4\"><div class=\"vc_column-inner\"><div class=\"wpb_wrapper\">\t\t\t<div class=\"info-box-wrapper\">\n\t\t\t\t<div id=\"wd-688762ccc7432\" class=\"wd-rs-688762ccc7432 wd-info-box wd-wpb text-center box-icon-align-top box-style- color-scheme- wd-bg-none\">\n\t\t\t\t\t\t\t\t\t\t\t<div class=\"box-icon-wrapper  box-with-icon box-icon-simple\">\n\t\t\t\t\t\t\t<div class=\"info-box-icon\">\n\n\t\t\t\t\t\t\t\n\t\t\t\t\t\t\t\t\t\t\t\t\t\t\t\t\t<img loading=\"lazy\" decoding=\"async\" width=\"1920\" height=\"1440\" src=\"https:\/\/nills.com\/wp-content\/uploads\/2025\/07\/tr-4.jpg\" class=\"attachment-1920x1440 size-1920x1440\" alt=\"\" srcset=\"https:\/\/nills.com\/wp-content\/uploads\/2025\/07\/tr-4.jpg 1920w, https:\/\/nills.com\/wp-content\/uploads\/2025\/07\/tr-4-300x225.jpg 300w, https:\/\/nills.com\/wp-content\/uploads\/2025\/07\/tr-4-1024x768.jpg 1024w, https:\/\/nills.com\/wp-content\/uploads\/2025\/07\/tr-4-768x576.jpg 768w, https:\/\/nills.com\/wp-content\/uploads\/2025\/07\/tr-4-1536x1152.jpg 1536w, https:\/\/nills.com\/wp-content\/uploads\/2025\/07\/tr-4-16x12.jpg 16w, https:\/\/nills.com\/wp-content\/uploads\/2025\/07\/tr-4-150x113.jpg 150w\" sizes=\"auto, (max-width: 1920px) 100vw, 1920px\" \/>\t\t\t\t\t\t\t\t\t\t\t\t\t\t\t\n\t\t\t\t\t\t\t<\/div>\n\t\t\t\t\t\t<\/div>\n\t\t\t\t\t\t\t\t\t\t<div class=\"info-box-content\">\n\t\t\t\t\t\t<h4 class=\"info-box-title title box-title-style-default wd-fontsize-m\">Seturi Canapele<\/h4>\t\t\t\t\t\t<div class=\"info-box-inner reset-last-child\"><\/div>\n\n\t\t\t\t\t\t\t\t\t\t\t<\/div>\n\n\t\t\t\t\t\t\t\t\t\t\t<a class=\"wd-info-box-link wd-fill\" aria-label=\"Infobox link\" href=\"\/ro\/categorie-produs\/grupuri-de-sedinte\/\" title=\"\"><\/a>\n\t\t\t\t\t\n\t\t\t\t\t\t\t\t\t<\/div>\n\t\t\t<\/div>\n\t\t<\/div><\/div><\/div><div class=\"wpb_column vc_column_container vc_col-sm-4\"><div class=\"vc_column-inner\"><div class=\"wpb_wrapper\">\t\t\t<div class=\"info-box-wrapper\">\n\t\t\t\t<div id=\"wd-688762ea53b2c\" class=\"wd-rs-688762ea53b2c wd-info-box wd-wpb text-center box-icon-align-top box-style- color-scheme- wd-bg-none\">\n\t\t\t\t\t\t\t\t\t\t\t<div class=\"box-icon-wrapper  box-with-icon box-icon-simple\">\n\t\t\t\t\t\t\t<div class=\"info-box-icon\">\n\n\t\t\t\t\t\t\t\n\t\t\t\t\t\t\t\t\t\t\t\t\t\t\t\t\t<img loading=\"lazy\" decoding=\"async\" width=\"800\" height=\"600\" src=\"https:\/\/nills.com\/wp-content\/uploads\/2025\/07\/tr-5-800x600.jpg\" class=\"attachment-800x600 size-800x600\" alt=\"\" srcset=\"https:\/\/nills.com\/wp-content\/uploads\/2025\/07\/tr-5-800x600.jpg 800w, https:\/\/nills.com\/wp-content\/uploads\/2025\/07\/tr-5-300x225.jpg 300w, https:\/\/nills.com\/wp-content\/uploads\/2025\/07\/tr-5-1024x768.jpg 1024w, https:\/\/nills.com\/wp-content\/uploads\/2025\/07\/tr-5-768x576.jpg 768w, https:\/\/nills.com\/wp-content\/uploads\/2025\/07\/tr-5-1536x1152.jpg 1536w, https:\/\/nills.com\/wp-content\/uploads\/2025\/07\/tr-5-16x12.jpg 16w, https:\/\/nills.com\/wp-content\/uploads\/2025\/07\/tr-5-150x113.jpg 150w, https:\/\/nills.com\/wp-content\/uploads\/2025\/07\/tr-5.jpg 1920w\" sizes=\"auto, (max-width: 800px) 100vw, 800px\" \/>\t\t\t\t\t\t\t\t\t\t\t\t\t\t\t\n\t\t\t\t\t\t\t<\/div>\n\t\t\t\t\t\t<\/div>\n\t\t\t\t\t\t\t\t\t\t<div class=\"info-box-content\">\n\t\t\t\t\t\t<h4 class=\"info-box-title title box-title-style-default wd-fontsize-m\">Col\u021bare<\/h4>\t\t\t\t\t\t<div class=\"info-box-inner reset-last-child\"><\/div>\n\n\t\t\t\t\t\t\t\t\t\t\t<\/div>\n\n\t\t\t\t\t\t\t\t\t\t\t<a class=\"wd-info-box-link wd-fill\" aria-label=\"Infobox link\" href=\"\/ro\/categorie-produs\/seturi-coltare\/\" title=\"\"><\/a>\n\t\t\t\t\t\n\t\t\t\t\t\t\t\t\t<\/div>\n\t\t\t<\/div>\n\t\t<\/div><\/div><\/div><div class=\"wpb_column vc_column_container vc_col-sm-4\"><div class=\"vc_column-inner\"><div class=\"wpb_wrapper\">\t\t\t<div class=\"info-box-wrapper\">\n\t\t\t\t<div id=\"wd-68876335083ba\" class=\"wd-rs-68876335083ba wd-info-box wd-wpb text-center box-icon-align-top box-style- color-scheme- wd-bg-none\">\n\t\t\t\t\t\t\t\t\t\t\t<div class=\"box-icon-wrapper  box-with-icon box-icon-simple\">\n\t\t\t\t\t\t\t<div class=\"info-box-icon\">\n\n\t\t\t\t\t\t\t\n\t\t\t\t\t\t\t\t\t\t\t\t\t\t\t\t\t<img loading=\"lazy\" decoding=\"async\" width=\"1920\" height=\"1440\" src=\"https:\/\/nills.com\/wp-content\/uploads\/2025\/07\/tr-6.jpg\" class=\"attachment-1920x1440 size-1920x1440\" alt=\"\" srcset=\"https:\/\/nills.com\/wp-content\/uploads\/2025\/07\/tr-6.jpg 1920w, https:\/\/nills.com\/wp-content\/uploads\/2025\/07\/tr-6-300x225.jpg 300w, https:\/\/nills.com\/wp-content\/uploads\/2025\/07\/tr-6-1024x768.jpg 1024w, https:\/\/nills.com\/wp-content\/uploads\/2025\/07\/tr-6-768x576.jpg 768w, https:\/\/nills.com\/wp-content\/uploads\/2025\/07\/tr-6-1536x1152.jpg 1536w, https:\/\/nills.com\/wp-content\/uploads\/2025\/07\/tr-6-16x12.jpg 16w, https:\/\/nills.com\/wp-content\/uploads\/2025\/07\/tr-6-150x113.jpg 150w\" sizes=\"auto, (max-width: 1920px) 100vw, 1920px\" \/>\t\t\t\t\t\t\t\t\t\t\t\t\t\t\t\n\t\t\t\t\t\t\t<\/div>\n\t\t\t\t\t\t<\/div>\n\t\t\t\t\t\t\t\t\t\t<div class=\"info-box-content\">\n\t\t\t\t\t\t<h4 class=\"info-box-title title box-title-style-default wd-fontsize-m\">Canapele Relax<\/h4>\t\t\t\t\t\t<div class=\"info-box-inner reset-last-child\"><\/div>\n\n\t\t\t\t\t\t\t\t\t\t\t<\/div>\n\n\t\t\t\t\t\t\t\t\t\t\t<a class=\"wd-info-box-link wd-fill\" aria-label=\"Infobox link\" href=\"\/ro\/categorie-produs\/canapea-relax\/\" title=\"\"><\/a>\n\t\t\t\t\t\n\t\t\t\t\t\t\t\t\t<\/div>\n\t\t\t<\/div>\n\t\t<\/div><\/div><\/div><\/div>\n<\/div>","protected":false},"excerpt":{"rendered":"Ana Sayfa \/ \u00dcr\u00fcnler \u00dcr\u00fcnler Yatak Odas\u0131 Yemek Odas\u0131 Tv \/ Duvar \u00dcnitesi Koltuk Tak\u0131m\u0131 L K\u00f6\u015fe Koltuk Relax Koltuk","protected":false},"author":1,"featured_media":0,"parent":0,"menu_order":0,"comment_status":"closed","ping_status":"closed","template":"","meta":{"footnotes":""},"class_list":["post-3756","page","type-page","status-publish","hentry"],"yoast_head":"<!-- This site is optimized with the Yoast SEO plugin v26.8 - https:\/\/yoast.com\/product\/yoast-seo-wordpress\/ -->\n<title>\u00dcr\u00fcnler - Nill&#039;s Mobilya<\/title>\n<meta name=\"robots\" content=\"index, follow, max-snippet:-1, max-image-preview:large, max-video-preview:-1\" \/>\n<link rel=\"canonical\" href=\"https:\/\/nills.com\/ro\/urunler\/\" \/>\n<meta property=\"og:locale\" content=\"ro_RO\" \/>\n<meta property=\"og:type\" content=\"article\" \/>\n<meta property=\"og:title\" content=\"\u00dcr\u00fcnler - Nill&#039;s Mobilya\" \/>\n<meta property=\"og:url\" content=\"https:\/\/nills.com\/ro\/urunler\/\" \/>\n<meta property=\"og:site_name\" content=\"Nill&#039;s Mobilya\" \/>\n<meta property=\"article:publisher\" content=\"https:\/\/www.facebook.com\/nillsfurniture\" \/>\n<meta property=\"article:modified_time\" content=\"2025-07-28T11:47:33+00:00\" \/>\n<meta property=\"og:image\" content=\"https:\/\/nills.com\/wp-content\/uploads\/2025\/03\/hakkimizda-banner-img-050325-1.jpg\" \/>\n\t<meta property=\"og:image:width\" content=\"1440\" \/>\n\t<meta property=\"og:image:height\" content=\"1079\" \/>\n\t<meta property=\"og:image:type\" content=\"image\/jpeg\" \/>\n<meta name=\"twitter:card\" content=\"summary_large_image\" \/>\n<meta name=\"twitter:site\" content=\"@nillsfurniture\" \/>\n<meta name=\"twitter:label1\" content=\"Timp estimat pentru citire\" \/>\n\t<meta name=\"twitter:data1\" content=\"3 minute\" \/>\n<script type=\"application\/ld+json\" class=\"yoast-schema-graph\">{\"@context\":\"https:\/\/schema.org\",\"@graph\":[{\"@type\":\"WebPage\",\"@id\":\"https:\/\/nills.com\/urunler\/\",\"url\":\"https:\/\/nills.com\/urunler\/\",\"name\":\"\u00dcr\u00fcnler - Nill&#039;s Mobilya\",\"isPartOf\":{\"@id\":\"https:\/\/nills.com\/#website\"},\"datePublished\":\"2025-04-03T23:58:31+00:00\",\"dateModified\":\"2025-07-28T11:47:33+00:00\",\"breadcrumb\":{\"@id\":\"https:\/\/nills.com\/urunler\/#breadcrumb\"},\"inLanguage\":\"ro-RO\",\"potentialAction\":[{\"@type\":\"ReadAction\",\"target\":[\"https:\/\/nills.com\/urunler\/\"]}]},{\"@type\":\"BreadcrumbList\",\"@id\":\"https:\/\/nills.com\/urunler\/#breadcrumb\",\"itemListElement\":[{\"@type\":\"ListItem\",\"position\":1,\"name\":\"Anasayfa\",\"item\":\"https:\/\/nills.com\/\"},{\"@type\":\"ListItem\",\"position\":2,\"name\":\"\u00dcr\u00fcnler\"}]},{\"@type\":\"WebSite\",\"@id\":\"https:\/\/nills.com\/#website\",\"url\":\"https:\/\/nills.com\/\",\"name\":\"Nill's Mobilya\",\"description\":\"A Reflection Of You\",\"publisher\":{\"@id\":\"https:\/\/nills.com\/#organization\"},\"potentialAction\":[{\"@type\":\"SearchAction\",\"target\":{\"@type\":\"EntryPoint\",\"urlTemplate\":\"https:\/\/nills.com\/?s={search_term_string}\"},\"query-input\":{\"@type\":\"PropertyValueSpecification\",\"valueRequired\":true,\"valueName\":\"search_term_string\"}}],\"inLanguage\":\"ro-RO\"},{\"@type\":\"Organization\",\"@id\":\"https:\/\/nills.com\/#organization\",\"name\":\"Nill's Mobilya\",\"url\":\"https:\/\/nills.com\/\",\"logo\":{\"@type\":\"ImageObject\",\"inLanguage\":\"ro-RO\",\"@id\":\"https:\/\/nills.com\/#\/schema\/logo\/image\/\",\"url\":\"https:\/\/nills.com\/wp-content\/uploads\/2025\/03\/homepage-banner-img-040325-2.jpg\",\"contentUrl\":\"https:\/\/nills.com\/wp-content\/uploads\/2025\/03\/homepage-banner-img-040325-2.jpg\",\"width\":1920,\"height\":1440,\"caption\":\"Nill's Mobilya\"},\"image\":{\"@id\":\"https:\/\/nills.com\/#\/schema\/logo\/image\/\"},\"sameAs\":[\"https:\/\/www.facebook.com\/nillsfurniture\",\"https:\/\/x.com\/nillsfurniture\"]}]}<\/script>\n<!-- \/ Yoast SEO plugin. -->","yoast_head_json":{"title":"\u00dcr\u00fcnler - Nill&#039;s Mobilya","robots":{"index":"index","follow":"follow","max-snippet":"max-snippet:-1","max-image-preview":"max-image-preview:large","max-video-preview":"max-video-preview:-1"},"canonical":"https:\/\/nills.com\/ro\/urunler\/","og_locale":"ro_RO","og_type":"article","og_title":"\u00dcr\u00fcnler - Nill&#039;s Mobilya","og_url":"https:\/\/nills.com\/ro\/urunler\/","og_site_name":"Nill&#039;s Mobilya","article_publisher":"https:\/\/www.facebook.com\/nillsfurniture","article_modified_time":"2025-07-28T11:47:33+00:00","og_image":[{"width":1440,"height":1079,"url":"https:\/\/nills.com\/wp-content\/uploads\/2025\/03\/hakkimizda-banner-img-050325-1.jpg","type":"image\/jpeg"}],"twitter_card":"summary_large_image","twitter_site":"@nillsfurniture","twitter_misc":{"Timp estimat pentru citire":"3 minute"},"schema":{"@context":"https:\/\/schema.org","@graph":[{"@type":"WebPage","@id":"https:\/\/nills.com\/urunler\/","url":"https:\/\/nills.com\/urunler\/","name":"\u00dcr\u00fcnler - Nill&#039;s Mobilya","isPartOf":{"@id":"https:\/\/nills.com\/#website"},"datePublished":"2025-04-03T23:58:31+00:00","dateModified":"2025-07-28T11:47:33+00:00","breadcrumb":{"@id":"https:\/\/nills.com\/urunler\/#breadcrumb"},"inLanguage":"ro-RO","potentialAction":[{"@type":"ReadAction","target":["https:\/\/nills.com\/urunler\/"]}]},{"@type":"BreadcrumbList","@id":"https:\/\/nills.com\/urunler\/#breadcrumb","itemListElement":[{"@type":"ListItem","position":1,"name":"Anasayfa","item":"https:\/\/nills.com\/"},{"@type":"ListItem","position":2,"name":"\u00dcr\u00fcnler"}]},{"@type":"WebSite","@id":"https:\/\/nills.com\/#website","url":"https:\/\/nills.com\/","name":"Nill's Mobilya","description":"A Reflection Of You","publisher":{"@id":"https:\/\/nills.com\/#organization"},"potentialAction":[{"@type":"SearchAction","target":{"@type":"EntryPoint","urlTemplate":"https:\/\/nills.com\/?s={search_term_string}"},"query-input":{"@type":"PropertyValueSpecification","valueRequired":true,"valueName":"search_term_string"}}],"inLanguage":"ro-RO"},{"@type":"Organization","@id":"https:\/\/nills.com\/#organization","name":"Nill's Mobilya","url":"https:\/\/nills.com\/","logo":{"@type":"ImageObject","inLanguage":"ro-RO","@id":"https:\/\/nills.com\/#\/schema\/logo\/image\/","url":"https:\/\/nills.com\/wp-content\/uploads\/2025\/03\/homepage-banner-img-040325-2.jpg","contentUrl":"https:\/\/nills.com\/wp-content\/uploads\/2025\/03\/homepage-banner-img-040325-2.jpg","width":1920,"height":1440,"caption":"Nill's Mobilya"},"image":{"@id":"https:\/\/nills.com\/#\/schema\/logo\/image\/"},"sameAs":["https:\/\/www.facebook.com\/nillsfurniture","https:\/\/x.com\/nillsfurniture"]}]}},"_links":{"self":[{"href":"https:\/\/nills.com\/ro\/wp-json\/wp\/v2\/pages\/3756","targetHints":{"allow":["GET"]}}],"collection":[{"href":"https:\/\/nills.com\/ro\/wp-json\/wp\/v2\/pages"}],"about":[{"href":"https:\/\/nills.com\/ro\/wp-json\/wp\/v2\/types\/page"}],"author":[{"embeddable":true,"href":"https:\/\/nills.com\/ro\/wp-json\/wp\/v2\/users\/1"}],"replies":[{"embeddable":true,"href":"https:\/\/nills.com\/ro\/wp-json\/wp\/v2\/comments?post=3756"}],"version-history":[{"count":28,"href":"https:\/\/nills.com\/ro\/wp-json\/wp\/v2\/pages\/3756\/revisions"}],"predecessor-version":[{"id":4817,"href":"https:\/\/nills.com\/ro\/wp-json\/wp\/v2\/pages\/3756\/revisions\/4817"}],"wp:attachment":[{"href":"https:\/\/nills.com\/ro\/wp-json\/wp\/v2\/media?parent=3756"}],"curies":[{"name":"wp","href":"https:\/\/api.w.org\/{rel}","templated":true}]}}