{"id":47,"date":"2025-03-04T12:43:59","date_gmt":"2025-03-04T12:43:59","guid":{"rendered":"https:\/\/nills.com\/?page_id=47"},"modified":"2025-05-26T15:44:52","modified_gmt":"2025-05-26T15:44:52","slug":"basinda-biz","status":"publish","type":"page","link":"https:\/\/nills.com\/ro\/basinda-biz\/","title":{"rendered":"Bas\u0131nda Biz"},"content":{"rendered":"<div class=\"wpb-content-wrapper\"><div id=\"custom-page-banner\" data-vc-full-width=\"true\" data-vc-full-width-init=\"false\" class=\"vc_row wpb_row vc_row-fluid vc_custom_1748264613037 wd-rs-683466a116b74\"><div class=\"wpb_column vc_column_container vc_col-sm-12\"><div class=\"vc_column-inner\"><div class=\"wpb_wrapper\">\t\t<div id=\"wd-67c7d6f0b245d\" class=\"wd-text-block wd-wpb reset-last-child wd-rs-67c7d6f0b245d text-left\">\n\t\t\t<div class=\"custom-breadcrumb-content\">\n<p><a href=\"\/ro\/\">Pagina Principal\u0103<\/a><\/p>\n<div class=\"link-spacer\">\/<\/div>\n<p><a href=\"\/ro\/basinda-biz\/\">Bas\u0131nda Biz<\/a><\/p>\n<\/div>\n<div class=\"title-cont\">\n<h1>Bas\u0131nda Biz<\/h1>\n<\/div>\n\t\t<\/div>\n\t\t<\/div><\/div><\/div><\/div><div class=\"vc_row-full-width vc_clearfix\"><\/div><div id=\"basinda-biz-row\" class=\"vc_row wpb_row vc_row-fluid vc_custom_1748264620836 wd-rs-683466a7cbfd5\"><div class=\"wpb_column vc_column_container vc_col-sm-12\"><div class=\"vc_column-inner\"><div class=\"wpb_wrapper\"><div id=\"wd-69d6e61c765b2\" class=\"wd-blog-element wd-rs-67c7d7f4760cb wd-wpb\"><div class=\"wd-posts wd-blog-holder  wd-grid-g\" data-paged=\"1\" data-atts=\"{&quot;carousel_id&quot;:&quot;5000&quot;,&quot;speed&quot;:&quot;5000&quot;,&quot;slides_per_view&quot;:&quot;3&quot;,&quot;slides_per_view_tablet&quot;:&quot;auto&quot;,&quot;slides_per_view_mobile&quot;:&quot;auto&quot;,&quot;wrap&quot;:&quot;&quot;,&quot;loop&quot;:false,&quot;autoplay&quot;:&quot;no&quot;,&quot;autoheight&quot;:&quot;no&quot;,&quot;hide_pagination_control&quot;:&quot;&quot;,&quot;hide_pagination_control_tablet&quot;:&quot;yes&quot;,&quot;hide_pagination_control_mobile&quot;:&quot;yes&quot;,&quot;dynamic_pagination_control&quot;:&quot;no&quot;,&quot;hide_prev_next_buttons&quot;:&quot;&quot;,&quot;hide_prev_next_buttons_tablet&quot;:&quot;&quot;,&quot;hide_prev_next_buttons_mobile&quot;:&quot;&quot;,&quot;carousel_arrows_position&quot;:&quot;&quot;,&quot;hide_scrollbar&quot;:&quot;yes&quot;,&quot;hide_scrollbar_tablet&quot;:&quot;yes&quot;,&quot;hide_scrollbar_mobile&quot;:&quot;yes&quot;,&quot;scroll_per_page&quot;:&quot;yes&quot;,&quot;dragEndSpeed&quot;:200,&quot;center_mode&quot;:&quot;no&quot;,&quot;custom_sizes&quot;:&quot;&quot;,&quot;sliding_speed&quot;:false,&quot;animation&quot;:false,&quot;content_animation&quot;:false,&quot;post_type&quot;:&quot;post&quot;,&quot;slider&quot;:&quot;&quot;,&quot;library&quot;:&quot;&quot;,&quot;css&quot;:&quot;&quot;,&quot;effect&quot;:&quot;&quot;,&quot;spacing&quot;:&quot;&quot;,&quot;spacing_tablet&quot;:&quot;&quot;,&quot;spacing_mobile&quot;:&quot;&quot;,&quot;carousel_sync&quot;:&quot;&quot;,&quot;sync_parent_id&quot;:&quot;&quot;,&quot;sync_child_id&quot;:&quot;&quot;,&quot;scroll_carousel_init&quot;:&quot;no&quot;,&quot;disable_overflow_carousel&quot;:&quot;no&quot;,&quot;include&quot;:&quot;&quot;,&quot;custom_query&quot;:&quot;&quot;,&quot;taxonomies&quot;:&quot;17&quot;,&quot;pagination&quot;:&quot;&quot;,&quot;parts_media&quot;:true,&quot;parts_title&quot;:&quot;1&quot;,&quot;parts_meta&quot;:&quot;0&quot;,&quot;parts_text&quot;:&quot;1&quot;,&quot;parts_btn&quot;:&quot;1&quot;,&quot;items_per_page&quot;:&quot;12&quot;,&quot;offset&quot;:&quot;&quot;,&quot;orderby&quot;:&quot;date&quot;,&quot;order&quot;:&quot;DESC&quot;,&quot;meta_key&quot;:&quot;&quot;,&quot;exclude&quot;:&quot;&quot;,&quot;class&quot;:&quot;&quot;,&quot;ajax_page&quot;:&quot;&quot;,&quot;img_size&quot;:&quot;full&quot;,&quot;img_size_custom&quot;:[],&quot;blog_design&quot;:&quot;list&quot;,&quot;blog_carousel_design&quot;:&quot;masonry&quot;,&quot;blog_columns&quot;:3,&quot;blog_columns_tablet&quot;:&quot;auto&quot;,&quot;blog_columns_mobile&quot;:&quot;auto&quot;,&quot;blog_spacing&quot;:&quot;20&quot;,&quot;blog_spacing_tablet&quot;:&quot;&quot;,&quot;blog_spacing_mobile&quot;:&quot;&quot;,&quot;lazy_loading&quot;:&quot;no&quot;,&quot;search&quot;:&quot;&quot;,&quot;woodmart_css_id&quot;:&quot;67c7d7f4760cb&quot;,&quot;el_id&quot;:&quot;wd-69d6e61c765b2&quot;,&quot;el_class&quot;:&quot;&quot;,&quot;wrapper_classes&quot;:&quot;&quot;}\" data-source=\"shortcode\">\n<article id=\"post-206\" class=\"wd-post blog-design-list blog-post-loop blog-style-flat post-206 post type-post status-publish format-standard has-post-thumbnail hentry category-basinda-biz\">\n\t<div class=\"wd-post-inner\">\n\t\t<div class=\"wd-post-thumb\">\n\t\t\t\t\t\t\t<div class=\"wd-post-img\">\n\t\t\t\t\t<img loading=\"lazy\" decoding=\"async\" width=\"1920\" height=\"1440\" src=\"https:\/\/nills.com\/wp-content\/uploads\/2025\/03\/nills-mobilya-66-yillik-tecrubesiyle-ucuncu-kusak-yonetimde-buyumeye-devam-ediyor-thumb-050325-1.jpg\" class=\"attachment-full size-full\" alt=\"\" srcset=\"https:\/\/nills.com\/wp-content\/uploads\/2025\/03\/nills-mobilya-66-yillik-tecrubesiyle-ucuncu-kusak-yonetimde-buyumeye-devam-ediyor-thumb-050325-1.jpg 1920w, https:\/\/nills.com\/wp-content\/uploads\/2025\/03\/nills-mobilya-66-yillik-tecrubesiyle-ucuncu-kusak-yonetimde-buyumeye-devam-ediyor-thumb-050325-1-150x113.jpg 150w, https:\/\/nills.com\/wp-content\/uploads\/2025\/03\/nills-mobilya-66-yillik-tecrubesiyle-ucuncu-kusak-yonetimde-buyumeye-devam-ediyor-thumb-050325-1-300x225.jpg 300w, https:\/\/nills.com\/wp-content\/uploads\/2025\/03\/nills-mobilya-66-yillik-tecrubesiyle-ucuncu-kusak-yonetimde-buyumeye-devam-ediyor-thumb-050325-1-1024x768.jpg 1024w, https:\/\/nills.com\/wp-content\/uploads\/2025\/03\/nills-mobilya-66-yillik-tecrubesiyle-ucuncu-kusak-yonetimde-buyumeye-devam-ediyor-thumb-050325-1-768x576.jpg 768w, https:\/\/nills.com\/wp-content\/uploads\/2025\/03\/nills-mobilya-66-yillik-tecrubesiyle-ucuncu-kusak-yonetimde-buyumeye-devam-ediyor-thumb-050325-1-1536x1152.jpg 1536w, https:\/\/nills.com\/wp-content\/uploads\/2025\/03\/nills-mobilya-66-yillik-tecrubesiyle-ucuncu-kusak-yonetimde-buyumeye-devam-ediyor-thumb-050325-1-600x450.jpg 600w\" sizes=\"auto, (max-width: 1920px) 100vw, 1920px\" \/>\t\t\t\t<\/div>\n\t\t\t\t\t\t\t\t\t<div class=\"wd-post-date wd-style-with-bg\">\n\t\t\t\t<span class=\"post-date-day\">\n\t\t\t\t\t07\t\t\t\t<\/span>\n\t\t\t\t<span class=\"post-date-month\">\n\t\t\t\t\tian.\t\t\t\t<\/span>\n\t\t\t<\/div>\n\t\t\t\t\t\t\t\t<a class=\"wd-post-link wd-fill\" href=\"https:\/\/nills.com\/ro\/nills-mobilya-66-yillik-tecrubesiyle-ucuncu-kusak-yonetimde-buyumeye-devam-ediyor\/\" rel=\"bookmark\" aria-label=\"Link on post Nill&#8217;s Mobilya, 66 Y\u0131ll\u0131k Tecr\u00fcbesiyle \u00dc\u00e7\u00fcnc\u00fc Ku\u015fak Y\u00f6netimde B\u00fcy\u00fcmeye Devam Ediyor\"><\/a>\n\t\t\t\t\t<\/div>\n\n\t\t<div class=\"wd-post-content\">\n\t\t\t<div class=\"wd-post-content-inner wd-scroll\">\n\t\t\t\t\t\t\t\t\t\t\t\t\t<h3 class=\"wd-entities-title title post-title\">\n\t\t\t\t\t\t<a href=\"https:\/\/nills.com\/ro\/nills-mobilya-66-yillik-tecrubesiyle-ucuncu-kusak-yonetimde-buyumeye-devam-ediyor\/\" rel=\"bookmark\">\n\t\t\t\t\t\t\tNill&#8217;s Mobilya, 66 Y\u0131ll\u0131k Tecr\u00fcbesiyle \u00dc\u00e7\u00fcnc\u00fc Ku\u015fak Y\u00f6netimde B\u00fcy\u00fcmeye Devam Ediyor\t\t\t\t\t\t<\/a>\n\t\t\t\t\t<\/h3>\n\t\t\t\t\t\t\t\t\t\t\t\t\t<div class=\"wd-post-desc wd-scroll-content\">\n\t\t\t\t\t\t\t\t\t\t\t\t\t<p>T\u00fcrkiye&#8217;nin mobilya sekt\u00f6r\u00fcndeki k\u00f6kl\u00fc firmalar\u0131ndan Nill&#8217;s Mobilya, 66 y\u0131ll\u0131k deneyimini \u00fc\u00e7\u00fcnc\u00fc ku\u015fa\u011f\u0131n dinamizmiyle birle\u015ftirerek \u00f6nemli yat\u0131r\u0131mlara imza at\u0131yor. \u015eirket, \u00fcretim ve depolama alan\u0131n\u0131 7.000 m\u00b2 geni\u015fleterek kapasitesini ve istihdam\u0131n\u0131 art\u0131rmay\u0131 hedefliyor.<\/p>\n<p>Nill&#8217;s Mobilya Y\u00f6netim Kurulu Ba\u015fkan\u0131 Fatih Ortakc\u0131, konuyla ilgili yapt\u0131\u011f\u0131 a\u00e7\u0131klamada, &#8220;Aileden gelen yar\u0131m as\u0131rl\u0131k tecr\u00fcbemizi modern y\u00f6ntem ve anlay\u0131\u015fla birle\u015ftiriyoruz. \u00dcretim ve depolama alan\u0131m\u0131z\u0131n b\u00fcy\u00fcmesiyle birlikte yeni \u00fcretim hatlar\u0131 a\u00e7arak hem \u00fcretim kapasitemizi hem de istihdam\u0131 art\u0131raca\u011f\u0131z. Ev mobilyas\u0131nda \u00fcst kalite ve farkl\u0131 tasar\u0131m \u00e7izgilerimizi daha geni\u015f kitlelere ula\u015ft\u0131rmay\u0131 ama\u00e7l\u0131yoruz&#8221; dedi.<\/p>\n\t\t\t\t\t\t\t\t\t\t\t<\/div>\n\t\t\t\t\t\t\t<\/div>\n\t\t\t\t\t\t\t\t\t\t\t\t<div class=\"wd-read-more\">\n\t\t\t\t\t\t<a class=\"btn-read-more more-link\" href=\"https:\/\/nills.com\/ro\/nills-mobilya-66-yillik-tecrubesiyle-ucuncu-kusak-yonetimde-buyumeye-devam-ediyor\/\">Continue reading<\/a>\t\t\t\t\t<\/div>\n\t\t\t\t\t\t\t\t\t<\/div>\n\t<\/div>\n<\/article>\n\n<article id=\"post-178\" class=\"wd-post blog-design-list blog-post-loop blog-style-flat post-178 post type-post status-publish format-standard has-post-thumbnail hentry category-basinda-biz\">\n\t<div class=\"wd-post-inner\">\n\t\t<div class=\"wd-post-thumb\">\n\t\t\t\t\t\t\t<div class=\"wd-post-img\">\n\t\t\t\t\t<img loading=\"lazy\" decoding=\"async\" width=\"1920\" height=\"1440\" src=\"https:\/\/nills.com\/wp-content\/uploads\/2025\/01\/nills-mobilya-romanyada-ilk-magaza-kostencede-acildi-thumb-050325-1.jpg\" class=\"attachment-full size-full\" alt=\"\" srcset=\"https:\/\/nills.com\/wp-content\/uploads\/2025\/01\/nills-mobilya-romanyada-ilk-magaza-kostencede-acildi-thumb-050325-1.jpg 1920w, https:\/\/nills.com\/wp-content\/uploads\/2025\/01\/nills-mobilya-romanyada-ilk-magaza-kostencede-acildi-thumb-050325-1-150x113.jpg 150w, https:\/\/nills.com\/wp-content\/uploads\/2025\/01\/nills-mobilya-romanyada-ilk-magaza-kostencede-acildi-thumb-050325-1-300x225.jpg 300w, https:\/\/nills.com\/wp-content\/uploads\/2025\/01\/nills-mobilya-romanyada-ilk-magaza-kostencede-acildi-thumb-050325-1-1024x768.jpg 1024w, https:\/\/nills.com\/wp-content\/uploads\/2025\/01\/nills-mobilya-romanyada-ilk-magaza-kostencede-acildi-thumb-050325-1-768x576.jpg 768w, https:\/\/nills.com\/wp-content\/uploads\/2025\/01\/nills-mobilya-romanyada-ilk-magaza-kostencede-acildi-thumb-050325-1-1536x1152.jpg 1536w, https:\/\/nills.com\/wp-content\/uploads\/2025\/01\/nills-mobilya-romanyada-ilk-magaza-kostencede-acildi-thumb-050325-1-600x450.jpg 600w\" sizes=\"auto, (max-width: 1920px) 100vw, 1920px\" \/>\t\t\t\t<\/div>\n\t\t\t\t\t\t\t\t\t<div class=\"wd-post-date wd-style-with-bg\">\n\t\t\t\t<span class=\"post-date-day\">\n\t\t\t\t\t06\t\t\t\t<\/span>\n\t\t\t\t<span class=\"post-date-month\">\n\t\t\t\t\tian.\t\t\t\t<\/span>\n\t\t\t<\/div>\n\t\t\t\t\t\t\t\t<a class=\"wd-post-link wd-fill\" href=\"https:\/\/nills.com\/ro\/nills-mobilya-romanyada-ilk-magaza-kostencede-acildi\/\" rel=\"bookmark\" aria-label=\"Link on post Nill&#8217;s Mobilya, Romanya&#8217;da: \u0130lk ma\u011faza K\u00f6stence&#8217;de a\u00e7\u0131ld\u0131\"><\/a>\n\t\t\t\t\t<\/div>\n\n\t\t<div class=\"wd-post-content\">\n\t\t\t<div class=\"wd-post-content-inner wd-scroll\">\n\t\t\t\t\t\t\t\t\t\t\t\t\t<h3 class=\"wd-entities-title title post-title\">\n\t\t\t\t\t\t<a href=\"https:\/\/nills.com\/ro\/nills-mobilya-romanyada-ilk-magaza-kostencede-acildi\/\" rel=\"bookmark\">\n\t\t\t\t\t\t\tNill&#8217;s Mobilya, Romanya&#8217;da: \u0130lk ma\u011faza K\u00f6stence&#8217;de a\u00e7\u0131ld\u0131\t\t\t\t\t\t<\/a>\n\t\t\t\t\t<\/h3>\n\t\t\t\t\t\t\t\t\t\t\t\t\t<div class=\"wd-post-desc wd-scroll-content\">\n\t\t\t\t\t\t\t\t\t\t\t\t\t<p>T\u00fcrkiye&#8217;nin \u00f6nde gelen mobilya \u00fcreticilerinden biri olan Nill&#8217;s Mobilya, Romanya pazar\u0131ndaki varl\u0131\u011f\u0131n\u0131 g\u00fc\u00e7lendirmek amac\u0131yla K\u00f6stence&#8217;de yeni bir ma\u011faza a\u00e7t\u0131. 550 metrekarelik geni\u015f bir alana sahip bu yeni ma\u011faza, PSE Group ile yap\u0131lan stratejik bir ortakl\u0131k sonucunda hayata ge\u00e7irildi. Geni\u015f \u00fcr\u00fcn yelpazesiyle dikkat \u00e7eken Nill&#8217;s Mobilya, kaliteli mobilyalar\u0131n\u0131n yan\u0131 s\u0131ra bir\u00e7ok tamamlay\u0131c\u0131 \u00fcr\u00fcn de sunuyor.<\/p>\n<p>Ma\u011faza, General de Brigad\u0103 Irimia Caddesi No: 7 adresinde konumlan\u0131yor ve 14 Eyl\u00fcl Cumartesi g\u00fcn\u00fc ger\u00e7ekle\u015ftirilen a\u00e7\u0131l\u0131\u015f t\u00f6reniyle kap\u0131lar\u0131n\u0131 ziyaret\u00e7ilere a\u00e7t\u0131. A\u00e7\u0131l\u0131\u015fa b\u00f6lge sakinleri, yerel tasar\u0131mc\u0131lar, mimarlar ve \u00e7ok say\u0131da misafir kat\u0131ld\u0131. A\u00e7\u0131l\u015f b\u00fcy\u00fck bir ilgi g\u00f6rd\u00fc. Nill&#8217;s Mobilya Y\u00f6netim Kurulu Ba\u015fkan\u0131 Fatih Ortakc\u0131, yapt\u0131\u011f\u0131 a\u00e7\u0131klamada bu yeni ma\u011fazan\u0131n \u015firketin geni\u015fleme stratejisi a\u00e7\u0131s\u0131ndan kritik bir ad\u0131m oldu\u011funu ve Romanya pazar\u0131nda g\u00fc\u00e7l\u00fc bir konuma ula\u015fmay\u0131 hedeflediklerini belirtti.<\/p>\n\t\t\t\t\t\t\t\t\t\t\t<\/div>\n\t\t\t\t\t\t\t<\/div>\n\t\t\t\t\t\t\t\t\t\t\t\t<div class=\"wd-read-more\">\n\t\t\t\t\t\t<a class=\"btn-read-more more-link\" href=\"https:\/\/nills.com\/ro\/nills-mobilya-romanyada-ilk-magaza-kostencede-acildi\/\">Continue reading<\/a>\t\t\t\t\t<\/div>\n\t\t\t\t\t\t\t\t\t<\/div>\n\t<\/div>\n<\/article>\n<\/div><\/div><\/div><\/div><\/div><\/div>\n<\/div>","protected":false},"excerpt":{"rendered":"T\u00fcrkiye'nin \u00f6nde gelen mobilya \u00fcreticilerinden biri olan Nill's Mobilya, Romanya pazar\u0131ndaki varl\u0131\u011f\u0131n\u0131 g\u00fc\u00e7lendirmek amac\u0131yla K\u00f6stence'de yeni bir ma\u011faza a\u00e7t\u0131. 550","protected":false},"author":1,"featured_media":0,"parent":0,"menu_order":0,"comment_status":"closed","ping_status":"closed","template":"","meta":{"footnotes":""},"class_list":["post-47","page","type-page","status-publish","hentry"],"yoast_head":"<!-- This site is optimized with the Yoast SEO plugin v26.8 - https:\/\/yoast.com\/product\/yoast-seo-wordpress\/ -->\n<title>Bas\u0131nda Biz - Nill&#039;s Mobilya<\/title>\n<meta name=\"robots\" content=\"index, follow, max-snippet:-1, max-image-preview:large, max-video-preview:-1\" \/>\n<link rel=\"canonical\" href=\"https:\/\/nills.com\/ro\/basinda-biz\/\" \/>\n<meta property=\"og:locale\" content=\"ro_RO\" \/>\n<meta property=\"og:type\" content=\"article\" \/>\n<meta property=\"og:title\" content=\"Bas\u0131nda Biz - Nill&#039;s Mobilya\" \/>\n<meta property=\"og:url\" content=\"https:\/\/nills.com\/ro\/basinda-biz\/\" \/>\n<meta property=\"og:site_name\" content=\"Nill&#039;s Mobilya\" \/>\n<meta property=\"article:publisher\" content=\"https:\/\/www.facebook.com\/nillsfurniture\" \/>\n<meta property=\"article:modified_time\" content=\"2025-05-26T15:44:52+00:00\" \/>\n<meta property=\"og:image\" content=\"https:\/\/nills.com\/wp-content\/uploads\/2025\/03\/hakkimizda-banner-img-050325-1.jpg\" \/>\n\t<meta property=\"og:image:width\" content=\"1440\" \/>\n\t<meta property=\"og:image:height\" content=\"1079\" \/>\n\t<meta property=\"og:image:type\" content=\"image\/jpeg\" \/>\n<meta name=\"twitter:card\" content=\"summary_large_image\" \/>\n<meta name=\"twitter:site\" content=\"@nillsfurniture\" \/>\n<meta name=\"twitter:label1\" content=\"Timp estimat pentru citire\" \/>\n\t<meta name=\"twitter:data1\" content=\"1 minut\" \/>\n<script type=\"application\/ld+json\" class=\"yoast-schema-graph\">{\"@context\":\"https:\/\/schema.org\",\"@graph\":[{\"@type\":\"WebPage\",\"@id\":\"https:\/\/nills.com\/basinda-biz\/\",\"url\":\"https:\/\/nills.com\/basinda-biz\/\",\"name\":\"Bas\u0131nda Biz - Nill&#039;s Mobilya\",\"isPartOf\":{\"@id\":\"https:\/\/nills.com\/#website\"},\"datePublished\":\"2025-03-04T12:43:59+00:00\",\"dateModified\":\"2025-05-26T15:44:52+00:00\",\"breadcrumb\":{\"@id\":\"https:\/\/nills.com\/basinda-biz\/#breadcrumb\"},\"inLanguage\":\"ro-RO\",\"potentialAction\":[{\"@type\":\"ReadAction\",\"target\":[\"https:\/\/nills.com\/basinda-biz\/\"]}]},{\"@type\":\"BreadcrumbList\",\"@id\":\"https:\/\/nills.com\/basinda-biz\/#breadcrumb\",\"itemListElement\":[{\"@type\":\"ListItem\",\"position\":1,\"name\":\"Anasayfa\",\"item\":\"https:\/\/nills.com\/\"},{\"@type\":\"ListItem\",\"position\":2,\"name\":\"Bas\u0131nda Biz\"}]},{\"@type\":\"WebSite\",\"@id\":\"https:\/\/nills.com\/#website\",\"url\":\"https:\/\/nills.com\/\",\"name\":\"Nill's Mobilya\",\"description\":\"A Reflection Of You\",\"publisher\":{\"@id\":\"https:\/\/nills.com\/#organization\"},\"potentialAction\":[{\"@type\":\"SearchAction\",\"target\":{\"@type\":\"EntryPoint\",\"urlTemplate\":\"https:\/\/nills.com\/?s={search_term_string}\"},\"query-input\":{\"@type\":\"PropertyValueSpecification\",\"valueRequired\":true,\"valueName\":\"search_term_string\"}}],\"inLanguage\":\"ro-RO\"},{\"@type\":\"Organization\",\"@id\":\"https:\/\/nills.com\/#organization\",\"name\":\"Nill's Mobilya\",\"url\":\"https:\/\/nills.com\/\",\"logo\":{\"@type\":\"ImageObject\",\"inLanguage\":\"ro-RO\",\"@id\":\"https:\/\/nills.com\/#\/schema\/logo\/image\/\",\"url\":\"https:\/\/nills.com\/wp-content\/uploads\/2025\/03\/homepage-banner-img-040325-2.jpg\",\"contentUrl\":\"https:\/\/nills.com\/wp-content\/uploads\/2025\/03\/homepage-banner-img-040325-2.jpg\",\"width\":1920,\"height\":1440,\"caption\":\"Nill's Mobilya\"},\"image\":{\"@id\":\"https:\/\/nills.com\/#\/schema\/logo\/image\/\"},\"sameAs\":[\"https:\/\/www.facebook.com\/nillsfurniture\",\"https:\/\/x.com\/nillsfurniture\"]}]}<\/script>\n<!-- \/ Yoast SEO plugin. -->","yoast_head_json":{"title":"Bas\u0131nda Biz - Nill&#039;s Mobilya","robots":{"index":"index","follow":"follow","max-snippet":"max-snippet:-1","max-image-preview":"max-image-preview:large","max-video-preview":"max-video-preview:-1"},"canonical":"https:\/\/nills.com\/ro\/basinda-biz\/","og_locale":"ro_RO","og_type":"article","og_title":"Bas\u0131nda Biz - Nill&#039;s Mobilya","og_url":"https:\/\/nills.com\/ro\/basinda-biz\/","og_site_name":"Nill&#039;s Mobilya","article_publisher":"https:\/\/www.facebook.com\/nillsfurniture","article_modified_time":"2025-05-26T15:44:52+00:00","og_image":[{"width":1440,"height":1079,"url":"https:\/\/nills.com\/wp-content\/uploads\/2025\/03\/hakkimizda-banner-img-050325-1.jpg","type":"image\/jpeg"}],"twitter_card":"summary_large_image","twitter_site":"@nillsfurniture","twitter_misc":{"Timp estimat pentru citire":"1 minut"},"schema":{"@context":"https:\/\/schema.org","@graph":[{"@type":"WebPage","@id":"https:\/\/nills.com\/basinda-biz\/","url":"https:\/\/nills.com\/basinda-biz\/","name":"Bas\u0131nda Biz - Nill&#039;s Mobilya","isPartOf":{"@id":"https:\/\/nills.com\/#website"},"datePublished":"2025-03-04T12:43:59+00:00","dateModified":"2025-05-26T15:44:52+00:00","breadcrumb":{"@id":"https:\/\/nills.com\/basinda-biz\/#breadcrumb"},"inLanguage":"ro-RO","potentialAction":[{"@type":"ReadAction","target":["https:\/\/nills.com\/basinda-biz\/"]}]},{"@type":"BreadcrumbList","@id":"https:\/\/nills.com\/basinda-biz\/#breadcrumb","itemListElement":[{"@type":"ListItem","position":1,"name":"Anasayfa","item":"https:\/\/nills.com\/"},{"@type":"ListItem","position":2,"name":"Bas\u0131nda Biz"}]},{"@type":"WebSite","@id":"https:\/\/nills.com\/#website","url":"https:\/\/nills.com\/","name":"Nill's Mobilya","description":"A Reflection Of You","publisher":{"@id":"https:\/\/nills.com\/#organization"},"potentialAction":[{"@type":"SearchAction","target":{"@type":"EntryPoint","urlTemplate":"https:\/\/nills.com\/?s={search_term_string}"},"query-input":{"@type":"PropertyValueSpecification","valueRequired":true,"valueName":"search_term_string"}}],"inLanguage":"ro-RO"},{"@type":"Organization","@id":"https:\/\/nills.com\/#organization","name":"Nill's Mobilya","url":"https:\/\/nills.com\/","logo":{"@type":"ImageObject","inLanguage":"ro-RO","@id":"https:\/\/nills.com\/#\/schema\/logo\/image\/","url":"https:\/\/nills.com\/wp-content\/uploads\/2025\/03\/homepage-banner-img-040325-2.jpg","contentUrl":"https:\/\/nills.com\/wp-content\/uploads\/2025\/03\/homepage-banner-img-040325-2.jpg","width":1920,"height":1440,"caption":"Nill's Mobilya"},"image":{"@id":"https:\/\/nills.com\/#\/schema\/logo\/image\/"},"sameAs":["https:\/\/www.facebook.com\/nillsfurniture","https:\/\/x.com\/nillsfurniture"]}]}},"_links":{"self":[{"href":"https:\/\/nills.com\/ro\/wp-json\/wp\/v2\/pages\/47","targetHints":{"allow":["GET"]}}],"collection":[{"href":"https:\/\/nills.com\/ro\/wp-json\/wp\/v2\/pages"}],"about":[{"href":"https:\/\/nills.com\/ro\/wp-json\/wp\/v2\/types\/page"}],"author":[{"embeddable":true,"href":"https:\/\/nills.com\/ro\/wp-json\/wp\/v2\/users\/1"}],"replies":[{"embeddable":true,"href":"https:\/\/nills.com\/ro\/wp-json\/wp\/v2\/comments?post=47"}],"version-history":[{"count":10,"href":"https:\/\/nills.com\/ro\/wp-json\/wp\/v2\/pages\/47\/revisions"}],"predecessor-version":[{"id":4253,"href":"https:\/\/nills.com\/ro\/wp-json\/wp\/v2\/pages\/47\/revisions\/4253"}],"wp:attachment":[{"href":"https:\/\/nills.com\/ro\/wp-json\/wp\/v2\/media?parent=47"}],"curies":[{"name":"wp","href":"https:\/\/api.w.org\/{rel}","templated":true}]}}