{"id":6501,"date":"2025-11-27T12:44:28","date_gmt":"2025-11-27T12:44:28","guid":{"rendered":"https:\/\/nills.com\/?post_type=product&#038;p=6501"},"modified":"2026-01-28T06:46:12","modified_gmt":"2026-01-28T06:46:12","slug":"fotoliu-relax-oslo","status":"publish","type":"product","link":"https:\/\/nills.com\/ro\/produs\/fotoliu-relax-oslo\/","title":{"rendered":"Canapeaua Oslo Relax"},"content":{"rendered":"","protected":false},"excerpt":{"rendered":"","protected":false},"featured_media":6504,"comment_status":"open","ping_status":"closed","template":"","meta":[],"product_brand":[],"product_cat":[24],"product_tag":[],"class_list":{"0":"post-6501","1":"product","2":"type-product","3":"status-publish","4":"has-post-thumbnail","6":"product_cat-relax-koltuk","8":"first","9":"instock","10":"shipping-taxable","11":"product-type-simple"},"yoast_head":"<!-- This site is optimized with the Yoast SEO plugin v26.8 - https:\/\/yoast.com\/product\/yoast-seo-wordpress\/ -->\n<title>Oslo Relax Koltuk - Nill&#039;s Mobilya<\/title>\n<meta name=\"description\" content=\"E\u015fsiz konforu ve modern tasar\u0131m\u0131yla Oslo Relax Koltuk, ya\u015fam alan\u0131n\u0131z\u0131 d\u00f6n\u00fc\u015ft\u00fcrmek i\u00e7in ideal bir se\u00e7im. Hemen ke\u015ffedin!\" \/>\n<meta name=\"robots\" content=\"index, follow, max-snippet:-1, max-image-preview:large, max-video-preview:-1\" \/>\n<link rel=\"canonical\" href=\"https:\/\/nills.com\/ro\/produs\/fotoliu-relax-oslo\/\" \/>\n<meta property=\"og:locale\" content=\"ro_RO\" \/>\n<meta property=\"og:type\" content=\"article\" \/>\n<meta property=\"og:title\" content=\"Oslo Relax Koltuk - Nill&#039;s Mobilya\" \/>\n<meta property=\"og:description\" content=\"E\u015fsiz konforu ve modern tasar\u0131m\u0131yla Oslo Relax Koltuk, ya\u015fam alan\u0131n\u0131z\u0131 d\u00f6n\u00fc\u015ft\u00fcrmek i\u00e7in ideal bir se\u00e7im. Hemen ke\u015ffedin!\" \/>\n<meta property=\"og:url\" content=\"https:\/\/nills.com\/ro\/produs\/fotoliu-relax-oslo\/\" \/>\n<meta property=\"og:site_name\" content=\"Nill&#039;s Mobilya\" \/>\n<meta property=\"article:publisher\" content=\"https:\/\/www.facebook.com\/nillsfurniture\" \/>\n<meta property=\"article:modified_time\" content=\"2026-01-28T06:46:12+00:00\" \/>\n<meta property=\"og:image\" content=\"https:\/\/nills.com\/wp-content\/uploads\/2025\/11\/oslo-relax-koltuk-1-2.jpg\" \/>\n\t<meta property=\"og:image:width\" content=\"1920\" \/>\n\t<meta property=\"og:image:height\" content=\"1440\" \/>\n\t<meta property=\"og:image:type\" content=\"image\/jpeg\" \/>\n<meta name=\"twitter:card\" content=\"summary_large_image\" \/>\n<meta name=\"twitter:site\" content=\"@nillsfurniture\" \/>\n<meta name=\"twitter:label1\" content=\"Timp estimat pentru citire\" \/>\n\t<meta name=\"twitter:data1\" content=\"1 minut\" \/>\n<script type=\"application\/ld+json\" class=\"yoast-schema-graph\">{\"@context\":\"https:\/\/schema.org\",\"@graph\":[{\"@type\":\"WebPage\",\"@id\":\"https:\/\/nills.com\/urun\/oslo-relax-koltuk\/\",\"url\":\"https:\/\/nills.com\/urun\/oslo-relax-koltuk\/\",\"name\":\"Oslo Relax Koltuk - Nill&#039;s Mobilya\",\"isPartOf\":{\"@id\":\"https:\/\/nills.com\/#website\"},\"primaryImageOfPage\":{\"@id\":\"https:\/\/nills.com\/urun\/oslo-relax-koltuk\/#primaryimage\"},\"image\":{\"@id\":\"https:\/\/nills.com\/urun\/oslo-relax-koltuk\/#primaryimage\"},\"thumbnailUrl\":\"https:\/\/nills.com\/wp-content\/uploads\/2025\/11\/oslo-relax-koltuk-1-2.jpg\",\"datePublished\":\"2025-11-27T12:44:28+00:00\",\"dateModified\":\"2026-01-28T06:46:12+00:00\",\"description\":\"E\u015fsiz konforu ve modern tasar\u0131m\u0131yla Oslo Relax Koltuk, ya\u015fam alan\u0131n\u0131z\u0131 d\u00f6n\u00fc\u015ft\u00fcrmek i\u00e7in ideal bir se\u00e7im. Hemen ke\u015ffedin!\",\"breadcrumb\":{\"@id\":\"https:\/\/nills.com\/urun\/oslo-relax-koltuk\/#breadcrumb\"},\"inLanguage\":\"ro-RO\",\"potentialAction\":[{\"@type\":\"ReadAction\",\"target\":[\"https:\/\/nills.com\/urun\/oslo-relax-koltuk\/\"]}]},{\"@type\":\"ImageObject\",\"inLanguage\":\"ro-RO\",\"@id\":\"https:\/\/nills.com\/urun\/oslo-relax-koltuk\/#primaryimage\",\"url\":\"https:\/\/nills.com\/wp-content\/uploads\/2025\/11\/oslo-relax-koltuk-1-2.jpg\",\"contentUrl\":\"https:\/\/nills.com\/wp-content\/uploads\/2025\/11\/oslo-relax-koltuk-1-2.jpg\",\"width\":1920,\"height\":1440},{\"@type\":\"BreadcrumbList\",\"@id\":\"https:\/\/nills.com\/urun\/oslo-relax-koltuk\/#breadcrumb\",\"itemListElement\":[{\"@type\":\"ListItem\",\"position\":1,\"name\":\"Anasayfa\",\"item\":\"https:\/\/nills.com\/\"},{\"@type\":\"ListItem\",\"position\":2,\"name\":\"\u00dcr\u00fcnler\",\"item\":\"https:\/\/nills.com\/shop\/\"},{\"@type\":\"ListItem\",\"position\":3,\"name\":\"Oslo Relax Koltuk\"}]},{\"@type\":\"WebSite\",\"@id\":\"https:\/\/nills.com\/#website\",\"url\":\"https:\/\/nills.com\/\",\"name\":\"Nill's Mobilya\",\"description\":\"A Reflection Of You\",\"publisher\":{\"@id\":\"https:\/\/nills.com\/#organization\"},\"potentialAction\":[{\"@type\":\"SearchAction\",\"target\":{\"@type\":\"EntryPoint\",\"urlTemplate\":\"https:\/\/nills.com\/?s={search_term_string}\"},\"query-input\":{\"@type\":\"PropertyValueSpecification\",\"valueRequired\":true,\"valueName\":\"search_term_string\"}}],\"inLanguage\":\"ro-RO\"},{\"@type\":\"Organization\",\"@id\":\"https:\/\/nills.com\/#organization\",\"name\":\"Nill's Mobilya\",\"url\":\"https:\/\/nills.com\/\",\"logo\":{\"@type\":\"ImageObject\",\"inLanguage\":\"ro-RO\",\"@id\":\"https:\/\/nills.com\/#\/schema\/logo\/image\/\",\"url\":\"https:\/\/nills.com\/wp-content\/uploads\/2025\/03\/homepage-banner-img-040325-2.jpg\",\"contentUrl\":\"https:\/\/nills.com\/wp-content\/uploads\/2025\/03\/homepage-banner-img-040325-2.jpg\",\"width\":1920,\"height\":1440,\"caption\":\"Nill's Mobilya\"},\"image\":{\"@id\":\"https:\/\/nills.com\/#\/schema\/logo\/image\/\"},\"sameAs\":[\"https:\/\/www.facebook.com\/nillsfurniture\",\"https:\/\/x.com\/nillsfurniture\"]}]}<\/script>\n<!-- \/ Yoast SEO plugin. -->","yoast_head_json":{"title":"Oslo Relax Koltuk - Nill&#039;s Mobilya","description":"Fotoliul Relaxant Oslo, cu confortul s\u0103u unic \u0219i designul modern, este o alegere ideal\u0103 pentru a v\u0103 transforma spa\u021biul de locuit. Descoperi\u021bi-l acum!","robots":{"index":"index","follow":"follow","max-snippet":"max-snippet:-1","max-image-preview":"max-image-preview:large","max-video-preview":"max-video-preview:-1"},"canonical":"https:\/\/nills.com\/ro\/produs\/fotoliu-relax-oslo\/","og_locale":"ro_RO","og_type":"article","og_title":"Oslo Relax Koltuk - Nill&#039;s Mobilya","og_description":"E\u015fsiz konforu ve modern tasar\u0131m\u0131yla Oslo Relax Koltuk, ya\u015fam alan\u0131n\u0131z\u0131 d\u00f6n\u00fc\u015ft\u00fcrmek i\u00e7in ideal bir se\u00e7im. Hemen ke\u015ffedin!","og_url":"https:\/\/nills.com\/ro\/produs\/fotoliu-relax-oslo\/","og_site_name":"Nill&#039;s Mobilya","article_publisher":"https:\/\/www.facebook.com\/nillsfurniture","article_modified_time":"2026-01-28T06:46:12+00:00","og_image":[{"width":1920,"height":1440,"url":"https:\/\/nills.com\/wp-content\/uploads\/2025\/11\/oslo-relax-koltuk-1-2.jpg","type":"image\/jpeg"}],"twitter_card":"summary_large_image","twitter_site":"@nillsfurniture","twitter_misc":{"Timp estimat pentru citire":"1 minut"},"schema":{"@context":"https:\/\/schema.org","@graph":[{"@type":"WebPage","@id":"https:\/\/nills.com\/urun\/oslo-relax-koltuk\/","url":"https:\/\/nills.com\/urun\/oslo-relax-koltuk\/","name":"Oslo Relax Koltuk - Nill&#039;s Mobilya","isPartOf":{"@id":"https:\/\/nills.com\/#website"},"primaryImageOfPage":{"@id":"https:\/\/nills.com\/urun\/oslo-relax-koltuk\/#primaryimage"},"image":{"@id":"https:\/\/nills.com\/urun\/oslo-relax-koltuk\/#primaryimage"},"thumbnailUrl":"https:\/\/nills.com\/wp-content\/uploads\/2025\/11\/oslo-relax-koltuk-1-2.jpg","datePublished":"2025-11-27T12:44:28+00:00","dateModified":"2026-01-28T06:46:12+00:00","description":"Fotoliul Relaxant Oslo, cu confortul s\u0103u unic \u0219i designul modern, este o alegere ideal\u0103 pentru a v\u0103 transforma spa\u021biul de locuit. Descoperi\u021bi-l acum!","breadcrumb":{"@id":"https:\/\/nills.com\/urun\/oslo-relax-koltuk\/#breadcrumb"},"inLanguage":"ro-RO","potentialAction":[{"@type":"ReadAction","target":["https:\/\/nills.com\/urun\/oslo-relax-koltuk\/"]}]},{"@type":"ImageObject","inLanguage":"ro-RO","@id":"https:\/\/nills.com\/urun\/oslo-relax-koltuk\/#primaryimage","url":"https:\/\/nills.com\/wp-content\/uploads\/2025\/11\/oslo-relax-koltuk-1-2.jpg","contentUrl":"https:\/\/nills.com\/wp-content\/uploads\/2025\/11\/oslo-relax-koltuk-1-2.jpg","width":1920,"height":1440},{"@type":"BreadcrumbList","@id":"https:\/\/nills.com\/urun\/oslo-relax-koltuk\/#breadcrumb","itemListElement":[{"@type":"ListItem","position":1,"name":"Anasayfa","item":"https:\/\/nills.com\/"},{"@type":"ListItem","position":2,"name":"\u00dcr\u00fcnler","item":"https:\/\/nills.com\/shop\/"},{"@type":"ListItem","position":3,"name":"Oslo Relax Koltuk"}]},{"@type":"WebSite","@id":"https:\/\/nills.com\/#website","url":"https:\/\/nills.com\/","name":"Nill's Mobilya","description":"A Reflection Of You","publisher":{"@id":"https:\/\/nills.com\/#organization"},"potentialAction":[{"@type":"SearchAction","target":{"@type":"EntryPoint","urlTemplate":"https:\/\/nills.com\/?s={search_term_string}"},"query-input":{"@type":"PropertyValueSpecification","valueRequired":true,"valueName":"search_term_string"}}],"inLanguage":"ro-RO"},{"@type":"Organization","@id":"https:\/\/nills.com\/#organization","name":"Nill's Mobilya","url":"https:\/\/nills.com\/","logo":{"@type":"ImageObject","inLanguage":"ro-RO","@id":"https:\/\/nills.com\/#\/schema\/logo\/image\/","url":"https:\/\/nills.com\/wp-content\/uploads\/2025\/03\/homepage-banner-img-040325-2.jpg","contentUrl":"https:\/\/nills.com\/wp-content\/uploads\/2025\/03\/homepage-banner-img-040325-2.jpg","width":1920,"height":1440,"caption":"Nill's Mobilya"},"image":{"@id":"https:\/\/nills.com\/#\/schema\/logo\/image\/"},"sameAs":["https:\/\/www.facebook.com\/nillsfurniture","https:\/\/x.com\/nillsfurniture"]}]}},"_links":{"self":[{"href":"https:\/\/nills.com\/ro\/wp-json\/wp\/v2\/product\/6501","targetHints":{"allow":["GET"]}}],"collection":[{"href":"https:\/\/nills.com\/ro\/wp-json\/wp\/v2\/product"}],"about":[{"href":"https:\/\/nills.com\/ro\/wp-json\/wp\/v2\/types\/product"}],"replies":[{"embeddable":true,"href":"https:\/\/nills.com\/ro\/wp-json\/wp\/v2\/comments?post=6501"}],"wp:featuredmedia":[{"embeddable":true,"href":"https:\/\/nills.com\/ro\/wp-json\/wp\/v2\/media\/6504"}],"wp:attachment":[{"href":"https:\/\/nills.com\/ro\/wp-json\/wp\/v2\/media?parent=6501"}],"wp:term":[{"taxonomy":"product_brand","embeddable":true,"href":"https:\/\/nills.com\/ro\/wp-json\/wp\/v2\/product_brand?post=6501"},{"taxonomy":"product_cat","embeddable":true,"href":"https:\/\/nills.com\/ro\/wp-json\/wp\/v2\/product_cat?post=6501"},{"taxonomy":"product_tag","embeddable":true,"href":"https:\/\/nills.com\/ro\/wp-json\/wp\/v2\/product_tag?post=6501"}],"curies":[{"name":"wp","href":"https:\/\/api.w.org\/{rel}","templated":true}]}}