{"id":235,"date":"2025-03-20T11:39:48","date_gmt":"2025-03-20T11:39:48","guid":{"rendered":"https:\/\/nills.com\/?page_id=235"},"modified":"2025-05-26T11:27:12","modified_gmt":"2025-05-26T11:27:12","slug":"kartela","status":"publish","type":"page","link":"https:\/\/nills.com\/ru\/kartela\/","title":{"rendered":"\u041a\u0430\u0440\u0442\u0435\u043b\u044f"},"content":{"rendered":"<div class=\"wpb-content-wrapper\"><div id=\"custom-page-banner\" data-vc-full-width=\"true\" data-vc-full-width-init=\"false\" class=\"vc_row wpb_row vc_row-fluid vc_custom_1748258764278 wd-rs-68344fcb27641\"><div class=\"wpb_column vc_column_container vc_col-sm-12\"><div class=\"vc_column-inner\"><div class=\"wpb_wrapper\">\t\t<div id=\"wd-67dbfeb801ad1\" class=\"wd-text-block wd-wpb reset-last-child wd-rs-67dbfeb801ad1 text-left\">\n\t\t\t<div class=\"custom-breadcrumb-content\">\n<p><a href=\"\/ru\/\">\u0413\u043b\u0430\u0432\u043d\u0430\u044f \u0441\u0442\u0440\u0430\u043d\u0438\u0446\u0430<\/a><\/p>\n<div class=\"link-spacer\">\/<\/div>\n<p><a href=\"\/ru\/kartela\/\">\u041a\u0430\u0440\u0442\u0435\u043b\u044f<\/a><\/p>\n<\/div>\n<div class=\"title-cont\">\n<h1>\u041a\u0430\u0440\u0442\u0435\u043b\u044f<\/h1>\n<\/div>\n\t\t<\/div>\n\t\t<\/div><\/div><\/div><\/div><div class=\"vc_row-full-width vc_clearfix\"><\/div><div id=\"pdf-content\" class=\"vc_row wpb_row vc_row-fluid vc_custom_1748258777472 wd-rs-68344fd31cf70\"><div class=\"wpb_column vc_column_container vc_col-sm-12\"><div class=\"vc_column-inner\"><div class=\"wpb_wrapper\"><div class=\"vc_row wpb_row vc_inner vc_row-fluid wd-rs-672fc287e901a\"><div class=\"wpb_column vc_column_container vc_col-sm-3\"><div class=\"vc_column-inner\"><div class=\"wpb_wrapper\">\t\t\t<div class=\"info-box-wrapper\">\n\t\t\t\t<div id=\"wd-67f66c1ab0786\" class=\"wd-rs-67f66c1ab0786 wd-info-box wd-wpb text-left box-icon-align-top box-style- color-scheme- wd-bg-none wplightbox\">\n\t\t\t\t\t\t\t\t\t\t\t<div class=\"box-icon-wrapper  box-with-icon box-icon-simple\">\n\t\t\t\t\t\t\t<div class=\"info-box-icon\">\n\n\t\t\t\t\t\t\t\n\t\t\t\t\t\t\t\t\t\t\t\t\t\t\t\t\t<img loading=\"lazy\" decoding=\"async\" width=\"680\" height=\"900\" src=\"https:\/\/nills.com\/wp-content\/uploads\/2025\/03\/metal-kartelasi-thumb-200325-1.jpg\" class=\"attachment-680x900 size-680x900\" alt=\"\" srcset=\"https:\/\/nills.com\/wp-content\/uploads\/2025\/03\/metal-kartelasi-thumb-200325-1.jpg 680w, https:\/\/nills.com\/wp-content\/uploads\/2025\/03\/metal-kartelasi-thumb-200325-1-150x199.jpg 150w, https:\/\/nills.com\/wp-content\/uploads\/2025\/03\/metal-kartelasi-thumb-200325-1-227x300.jpg 227w, https:\/\/nills.com\/wp-content\/uploads\/2025\/03\/metal-kartelasi-thumb-200325-1-600x794.jpg 600w\" sizes=\"auto, (max-width: 680px) 100vw, 680px\" \/>\t\t\t\t\t\t\t\t\t\t\t\t\t\t\t\n\t\t\t\t\t\t\t<\/div>\n\t\t\t\t\t\t<\/div>\n\t\t\t\t\t\t\t\t\t\t<div class=\"info-box-content\">\n\t\t\t\t\t\t<h4 class=\"info-box-title title box-title-style-default wd-fontsize-m\">\u041c\u0435\u0442\u0430\u043b\u043b\u0438\u0447\u0435\u0441\u043a\u0430\u044f \u043a\u0430\u0440\u0442\u0430<\/h4>\t\t\t\t\t\t<div class=\"info-box-inner reset-last-child\"><\/div>\n\n\t\t\t\t\t\t\t\t\t\t\t<\/div>\n\n\t\t\t\t\t\t\t\t\t\t\t<a class=\"wd-info-box-link wd-fill\" aria-label=\"Infobox link\" href=\"\/wp-content\/uploads\/2025\/03\/metal-kartelasi-200325-1.pdf\" title=\"\" target=\"_blank\"><\/a>\n\t\t\t\t\t\n\t\t\t\t\t\t\t\t\t<\/div>\n\t\t\t<\/div>\n\t\t<\/div><\/div><\/div><div class=\"wpb_column vc_column_container vc_col-sm-3\"><div class=\"vc_column-inner\"><div class=\"wpb_wrapper\">\t\t\t<div class=\"info-box-wrapper\">\n\t\t\t\t<div id=\"wd-67f66fbe75d73\" class=\"wd-rs-67f66fbe75d73 wd-info-box wd-wpb text-left box-icon-align-top box-style- color-scheme- wd-bg-none wplightbox\">\n\t\t\t\t\t\t\t\t\t\t\t<div class=\"box-icon-wrapper  box-with-icon box-icon-simple\">\n\t\t\t\t\t\t\t<div class=\"info-box-icon\">\n\n\t\t\t\t\t\t\t\n\t\t\t\t\t\t\t\t\t\t\t\t\t\t\t\t\t<img loading=\"lazy\" decoding=\"async\" width=\"680\" height=\"900\" src=\"https:\/\/nills.com\/wp-content\/uploads\/2025\/03\/ahsap-kartelasi-thumb-200325-1.jpg\" class=\"attachment-680x900 size-680x900\" alt=\"\" srcset=\"https:\/\/nills.com\/wp-content\/uploads\/2025\/03\/ahsap-kartelasi-thumb-200325-1.jpg 680w, https:\/\/nills.com\/wp-content\/uploads\/2025\/03\/ahsap-kartelasi-thumb-200325-1-150x199.jpg 150w, https:\/\/nills.com\/wp-content\/uploads\/2025\/03\/ahsap-kartelasi-thumb-200325-1-227x300.jpg 227w, https:\/\/nills.com\/wp-content\/uploads\/2025\/03\/ahsap-kartelasi-thumb-200325-1-600x794.jpg 600w\" sizes=\"auto, (max-width: 680px) 100vw, 680px\" \/>\t\t\t\t\t\t\t\t\t\t\t\t\t\t\t\n\t\t\t\t\t\t\t<\/div>\n\t\t\t\t\t\t<\/div>\n\t\t\t\t\t\t\t\t\t\t<div class=\"info-box-content\">\n\t\t\t\t\t\t<h4 class=\"info-box-title title box-title-style-default wd-fontsize-m\">\u0414\u0435\u0440\u0435\u0432\u044f\u043d\u043d\u0430\u044f \u043a\u0430\u0440\u0442\u0430<\/h4>\t\t\t\t\t\t<div class=\"info-box-inner reset-last-child\"><\/div>\n\n\t\t\t\t\t\t\t\t\t\t\t<\/div>\n\n\t\t\t\t\t\t\t\t\t\t\t<a class=\"wd-info-box-link wd-fill\" aria-label=\"Infobox link\" href=\"\/wp-content\/uploads\/2025\/03\/ahsap-kartelasi-200325-1.pdf\" title=\"\" target=\"_blank\"><\/a>\n\t\t\t\t\t\n\t\t\t\t\t\t\t\t\t<\/div>\n\t\t\t<\/div>\n\t\t<\/div><\/div><\/div><div class=\"wpb_column vc_column_container vc_col-sm-3\"><div class=\"vc_column-inner\"><div class=\"wpb_wrapper\">\t\t\t<div class=\"info-box-wrapper\">\n\t\t\t\t<div id=\"wd-67f66fd025a45\" class=\"wd-rs-67f66fd025a45 wd-info-box wd-wpb text-left box-icon-align-top box-style- color-scheme- wd-bg-none wplightbox\">\n\t\t\t\t\t\t\t\t\t\t\t<div class=\"box-icon-wrapper  box-with-icon box-icon-simple\">\n\t\t\t\t\t\t\t<div class=\"info-box-icon\">\n\n\t\t\t\t\t\t\t\n\t\t\t\t\t\t\t\t\t\t\t\t\t\t\t\t\t<img loading=\"lazy\" decoding=\"async\" width=\"680\" height=\"900\" src=\"https:\/\/nills.com\/wp-content\/uploads\/2025\/03\/seramik-porselen-kartelasi-thumb-200325-1.jpg\" class=\"attachment-680x900 size-680x900\" alt=\"\" srcset=\"https:\/\/nills.com\/wp-content\/uploads\/2025\/03\/seramik-porselen-kartelasi-thumb-200325-1.jpg 680w, https:\/\/nills.com\/wp-content\/uploads\/2025\/03\/seramik-porselen-kartelasi-thumb-200325-1-150x199.jpg 150w, https:\/\/nills.com\/wp-content\/uploads\/2025\/03\/seramik-porselen-kartelasi-thumb-200325-1-227x300.jpg 227w, https:\/\/nills.com\/wp-content\/uploads\/2025\/03\/seramik-porselen-kartelasi-thumb-200325-1-600x794.jpg 600w\" sizes=\"auto, (max-width: 680px) 100vw, 680px\" \/>\t\t\t\t\t\t\t\t\t\t\t\t\t\t\t\n\t\t\t\t\t\t\t<\/div>\n\t\t\t\t\t\t<\/div>\n\t\t\t\t\t\t\t\t\t\t<div class=\"info-box-content\">\n\t\t\t\t\t\t<h4 class=\"info-box-title title box-title-style-default wd-fontsize-m\">\u041a\u0435\u0440\u0430\u043c\u0438\u0447\u0435\u0441\u043a\u0430\u044f \/ \u0444\u0430\u0440\u0444\u043e\u0440\u043e\u0432\u0430\u044f \u0434\u0438\u0430\u0433\u0440\u0430\u043c\u043c\u0430<\/h4>\t\t\t\t\t\t<div class=\"info-box-inner reset-last-child\"><\/div>\n\n\t\t\t\t\t\t\t\t\t\t\t<\/div>\n\n\t\t\t\t\t\t\t\t\t\t\t<a class=\"wd-info-box-link wd-fill\" aria-label=\"Infobox link\" href=\"\/wp-content\/uploads\/2025\/03\/seramik-porselen-kartelasi-thumb-200325-1.jpg\" title=\"\" target=\"_blank\"><\/a>\n\t\t\t\t\t\n\t\t\t\t\t\t\t\t\t<\/div>\n\t\t\t<\/div>\n\t\t<\/div><\/div><\/div><div class=\"wpb_column vc_column_container vc_col-sm-3\"><div class=\"vc_column-inner\"><div class=\"wpb_wrapper\">\t\t\t<div class=\"info-box-wrapper\">\n\t\t\t\t<div id=\"wd-67f66fd7714e8\" class=\"wd-rs-67f66fd7714e8 wd-info-box wd-wpb text-left box-icon-align-top box-style- color-scheme- wd-bg-none wplightbox\">\n\t\t\t\t\t\t\t\t\t\t\t<div class=\"box-icon-wrapper  box-with-icon box-icon-simple\">\n\t\t\t\t\t\t\t<div class=\"info-box-icon\">\n\n\t\t\t\t\t\t\t\n\t\t\t\t\t\t\t\t\t\t\t\t\t\t\t\t\t<img loading=\"lazy\" decoding=\"async\" width=\"680\" height=\"900\" src=\"https:\/\/nills.com\/wp-content\/uploads\/2025\/03\/mermer-kartelasi-thumb-200325-1.jpg\" class=\"attachment-680x900 size-680x900\" alt=\"\" srcset=\"https:\/\/nills.com\/wp-content\/uploads\/2025\/03\/mermer-kartelasi-thumb-200325-1.jpg 680w, https:\/\/nills.com\/wp-content\/uploads\/2025\/03\/mermer-kartelasi-thumb-200325-1-150x199.jpg 150w, https:\/\/nills.com\/wp-content\/uploads\/2025\/03\/mermer-kartelasi-thumb-200325-1-227x300.jpg 227w, https:\/\/nills.com\/wp-content\/uploads\/2025\/03\/mermer-kartelasi-thumb-200325-1-600x794.jpg 600w\" sizes=\"auto, (max-width: 680px) 100vw, 680px\" \/>\t\t\t\t\t\t\t\t\t\t\t\t\t\t\t\n\t\t\t\t\t\t\t<\/div>\n\t\t\t\t\t\t<\/div>\n\t\t\t\t\t\t\t\t\t\t<div class=\"info-box-content\">\n\t\t\t\t\t\t<h4 class=\"info-box-title title box-title-style-default wd-fontsize-m\">\u041c\u0440\u0430\u043c\u043e\u0440\u043d\u0430\u044f \u043a\u0430\u0440\u0442\u0430<\/h4>\t\t\t\t\t\t<div class=\"info-box-inner reset-last-child\"><\/div>\n\n\t\t\t\t\t\t\t\t\t\t\t<\/div>\n\n\t\t\t\t\t\t\t\t\t\t\t<a class=\"wd-info-box-link wd-fill\" aria-label=\"Infobox link\" href=\"\/wp-content\/uploads\/2025\/03\/mermer-kartelasi-200325-1.pdf\" title=\"\" target=\"_blank\"><\/a>\n\t\t\t\t\t\n\t\t\t\t\t\t\t\t\t<\/div>\n\t\t\t<\/div>\n\t\t<\/div><\/div><\/div><\/div><\/div><\/div><\/div><\/div>\n<\/div>","protected":false},"excerpt":{"rendered":"Ana Sayfa \/ Kartela Kartela Metal Kartelas\u0131 Ah\u015fap Kartelas\u0131 Seramik \/ Porselen Kartelas\u0131 Mermer Kartelas\u0131","protected":false},"author":1,"featured_media":0,"parent":0,"menu_order":0,"comment_status":"closed","ping_status":"closed","template":"","meta":{"footnotes":""},"class_list":["post-235","page","type-page","status-publish","hentry"],"yoast_head":"<!-- This site is optimized with the Yoast SEO plugin v26.8 - https:\/\/yoast.com\/product\/yoast-seo-wordpress\/ -->\n<title>Kartela - Nill&#039;s Mobilya<\/title>\n<meta name=\"description\" content=\"Modern, klasik ve \u00f6zg\u00fcn renk se\u00e7enekleriyle mobilyalar\u0131n\u0131za karakter kat\u0131n. Kartelam\u0131z\u0131 hemen g\u00f6r\u00fcnt\u00fcleyin.\" \/>\n<meta name=\"robots\" content=\"index, follow, max-snippet:-1, max-image-preview:large, max-video-preview:-1\" \/>\n<link rel=\"canonical\" href=\"https:\/\/nills.com\/ru\/kartela\/\" \/>\n<meta property=\"og:locale\" content=\"ru_RU\" \/>\n<meta property=\"og:type\" content=\"article\" \/>\n<meta property=\"og:title\" content=\"Kartela - Nill&#039;s Mobilya\" \/>\n<meta property=\"og:description\" content=\"Modern, klasik ve \u00f6zg\u00fcn renk se\u00e7enekleriyle mobilyalar\u0131n\u0131za karakter kat\u0131n. Kartelam\u0131z\u0131 hemen g\u00f6r\u00fcnt\u00fcleyin.\" \/>\n<meta property=\"og:url\" content=\"https:\/\/nills.com\/ru\/kartela\/\" \/>\n<meta property=\"og:site_name\" content=\"Nill&#039;s Mobilya\" \/>\n<meta property=\"article:publisher\" content=\"https:\/\/www.facebook.com\/nillsfurniture\" \/>\n<meta property=\"article:modified_time\" content=\"2025-05-26T11:27:12+00:00\" \/>\n<meta property=\"og:image\" content=\"https:\/\/nills.com\/wp-content\/uploads\/2025\/03\/metal-kartelasi-thumb-200325-1.jpg\" \/>\n\t<meta property=\"og:image:width\" content=\"680\" \/>\n\t<meta property=\"og:image:height\" content=\"900\" \/>\n\t<meta property=\"og:image:type\" content=\"image\/jpeg\" \/>\n<meta name=\"twitter:card\" content=\"summary_large_image\" \/>\n<meta name=\"twitter:site\" content=\"@nillsfurniture\" \/>\n<meta name=\"twitter:label1\" content=\"\u041f\u0440\u0438\u043c\u0435\u0440\u043d\u043e\u0435 \u0432\u0440\u0435\u043c\u044f \u0434\u043b\u044f \u0447\u0442\u0435\u043d\u0438\u044f\" \/>\n\t<meta name=\"twitter:data1\" content=\"1 \u043c\u0438\u043d\u0443\u0442\u0430\" \/>\n<script type=\"application\/ld+json\" class=\"yoast-schema-graph\">{\"@context\":\"https:\/\/schema.org\",\"@graph\":[{\"@type\":\"WebPage\",\"@id\":\"https:\/\/nills.com\/kartela\/\",\"url\":\"https:\/\/nills.com\/kartela\/\",\"name\":\"Kartela - Nill&#039;s Mobilya\",\"isPartOf\":{\"@id\":\"https:\/\/nills.com\/#website\"},\"datePublished\":\"2025-03-20T11:39:48+00:00\",\"dateModified\":\"2025-05-26T11:27:12+00:00\",\"description\":\"Modern, klasik ve \u00f6zg\u00fcn renk se\u00e7enekleriyle mobilyalar\u0131n\u0131za karakter kat\u0131n. Kartelam\u0131z\u0131 hemen g\u00f6r\u00fcnt\u00fcleyin.\",\"breadcrumb\":{\"@id\":\"https:\/\/nills.com\/kartela\/#breadcrumb\"},\"inLanguage\":\"ru-RU\",\"potentialAction\":[{\"@type\":\"ReadAction\",\"target\":[\"https:\/\/nills.com\/kartela\/\"]}]},{\"@type\":\"BreadcrumbList\",\"@id\":\"https:\/\/nills.com\/kartela\/#breadcrumb\",\"itemListElement\":[{\"@type\":\"ListItem\",\"position\":1,\"name\":\"Anasayfa\",\"item\":\"https:\/\/nills.com\/\"},{\"@type\":\"ListItem\",\"position\":2,\"name\":\"Kartela\"}]},{\"@type\":\"WebSite\",\"@id\":\"https:\/\/nills.com\/#website\",\"url\":\"https:\/\/nills.com\/\",\"name\":\"Nill's Mobilya\",\"description\":\"A Reflection Of You\",\"publisher\":{\"@id\":\"https:\/\/nills.com\/#organization\"},\"potentialAction\":[{\"@type\":\"SearchAction\",\"target\":{\"@type\":\"EntryPoint\",\"urlTemplate\":\"https:\/\/nills.com\/?s={search_term_string}\"},\"query-input\":{\"@type\":\"PropertyValueSpecification\",\"valueRequired\":true,\"valueName\":\"search_term_string\"}}],\"inLanguage\":\"ru-RU\"},{\"@type\":\"Organization\",\"@id\":\"https:\/\/nills.com\/#organization\",\"name\":\"Nill's Mobilya\",\"url\":\"https:\/\/nills.com\/\",\"logo\":{\"@type\":\"ImageObject\",\"inLanguage\":\"ru-RU\",\"@id\":\"https:\/\/nills.com\/#\/schema\/logo\/image\/\",\"url\":\"https:\/\/nills.com\/wp-content\/uploads\/2025\/03\/homepage-banner-img-040325-2.jpg\",\"contentUrl\":\"https:\/\/nills.com\/wp-content\/uploads\/2025\/03\/homepage-banner-img-040325-2.jpg\",\"width\":1920,\"height\":1440,\"caption\":\"Nill's Mobilya\"},\"image\":{\"@id\":\"https:\/\/nills.com\/#\/schema\/logo\/image\/\"},\"sameAs\":[\"https:\/\/www.facebook.com\/nillsfurniture\",\"https:\/\/x.com\/nillsfurniture\"]}]}<\/script>\n<!-- \/ Yoast SEO plugin. -->","yoast_head_json":{"title":"\u041c\u0435\u0431\u0435\u043b\u044c \u041a\u0430\u0440\u0442\u0435\u043b\u0430 - \u041d\u0438\u043b\u043b\u0430","description":"\u041f\u0440\u0438\u0434\u0430\u0439\u0442\u0435 \u0441\u0432\u043e\u0435\u0439 \u043c\u0435\u0431\u0435\u043b\u0438 \u043d\u0435\u043f\u043e\u0432\u0442\u043e\u0440\u0438\u043c\u044b\u0439 \u0445\u0430\u0440\u0430\u043a\u0442\u0435\u0440 \u0431\u043b\u0430\u0433\u043e\u0434\u0430\u0440\u044f \u0441\u043e\u0432\u0440\u0435\u043c\u0435\u043d\u043d\u044b\u043c, \u043a\u043b\u0430\u0441\u0441\u0438\u0447\u0435\u0441\u043a\u0438\u043c \u0438 \u043e\u0440\u0438\u0433\u0438\u043d\u0430\u043b\u044c\u043d\u044b\u043c \u0446\u0432\u0435\u0442\u043e\u0432\u044b\u043c \u0440\u0435\u0448\u0435\u043d\u0438\u044f\u043c. \u041d\u0435\u043c\u0435\u0434\u043b\u0435\u043d\u043d\u043e \u043f\u0440\u043e\u0441\u043c\u043e\u0442\u0440\u0438\u0442\u0435 \u043d\u0430\u0448\u0443 \u043a\u0430\u0440\u0442\u0443.","robots":{"index":"index","follow":"follow","max-snippet":"max-snippet:-1","max-image-preview":"max-image-preview:large","max-video-preview":"max-video-preview:-1"},"canonical":"https:\/\/nills.com\/ru\/kartela\/","og_locale":"ru_RU","og_type":"article","og_title":"Kartela - Nill&#039;s Mobilya","og_description":"Modern, klasik ve \u00f6zg\u00fcn renk se\u00e7enekleriyle mobilyalar\u0131n\u0131za karakter kat\u0131n. Kartelam\u0131z\u0131 hemen g\u00f6r\u00fcnt\u00fcleyin.","og_url":"https:\/\/nills.com\/ru\/kartela\/","og_site_name":"Nill&#039;s Mobilya","article_publisher":"https:\/\/www.facebook.com\/nillsfurniture","article_modified_time":"2025-05-26T11:27:12+00:00","og_image":[{"width":680,"height":900,"url":"https:\/\/nills.com\/wp-content\/uploads\/2025\/03\/metal-kartelasi-thumb-200325-1.jpg","type":"image\/jpeg"}],"twitter_card":"summary_large_image","twitter_site":"@nillsfurniture","twitter_misc":{"\u041f\u0440\u0438\u043c\u0435\u0440\u043d\u043e\u0435 \u0432\u0440\u0435\u043c\u044f \u0434\u043b\u044f \u0447\u0442\u0435\u043d\u0438\u044f":"1 \u043c\u0438\u043d\u0443\u0442\u0430"},"schema":{"@context":"https:\/\/schema.org","@graph":[{"@type":"WebPage","@id":"https:\/\/nills.com\/kartela\/","url":"https:\/\/nills.com\/kartela\/","name":"\u041c\u0435\u0431\u0435\u043b\u044c \u041a\u0430\u0440\u0442\u0435\u043b\u0430 - \u041d\u0438\u043b\u043b\u0430","isPartOf":{"@id":"https:\/\/nills.com\/#website"},"datePublished":"2025-03-20T11:39:48+00:00","dateModified":"2025-05-26T11:27:12+00:00","description":"\u041f\u0440\u0438\u0434\u0430\u0439\u0442\u0435 \u0441\u0432\u043e\u0435\u0439 \u043c\u0435\u0431\u0435\u043b\u0438 \u043d\u0435\u043f\u043e\u0432\u0442\u043e\u0440\u0438\u043c\u044b\u0439 \u0445\u0430\u0440\u0430\u043a\u0442\u0435\u0440 \u0431\u043b\u0430\u0433\u043e\u0434\u0430\u0440\u044f \u0441\u043e\u0432\u0440\u0435\u043c\u0435\u043d\u043d\u044b\u043c, \u043a\u043b\u0430\u0441\u0441\u0438\u0447\u0435\u0441\u043a\u0438\u043c \u0438 \u043e\u0440\u0438\u0433\u0438\u043d\u0430\u043b\u044c\u043d\u044b\u043c \u0446\u0432\u0435\u0442\u043e\u0432\u044b\u043c \u0440\u0435\u0448\u0435\u043d\u0438\u044f\u043c. \u041d\u0435\u043c\u0435\u0434\u043b\u0435\u043d\u043d\u043e \u043f\u0440\u043e\u0441\u043c\u043e\u0442\u0440\u0438\u0442\u0435 \u043d\u0430\u0448\u0443 \u043a\u0430\u0440\u0442\u0443.","breadcrumb":{"@id":"https:\/\/nills.com\/kartela\/#breadcrumb"},"inLanguage":"ru-RU","potentialAction":[{"@type":"ReadAction","target":["https:\/\/nills.com\/kartela\/"]}]},{"@type":"BreadcrumbList","@id":"https:\/\/nills.com\/kartela\/#breadcrumb","itemListElement":[{"@type":"ListItem","position":1,"name":"Anasayfa","item":"https:\/\/nills.com\/"},{"@type":"ListItem","position":2,"name":"Kartela"}]},{"@type":"WebSite","@id":"https:\/\/nills.com\/#website","url":"https:\/\/nills.com\/","name":"\u041c\u0435\u0431\u0435\u043b\u044c \u041d\u0438\u043b\u043b\u0430","description":"A Reflection Of You","publisher":{"@id":"https:\/\/nills.com\/#organization"},"potentialAction":[{"@type":"SearchAction","target":{"@type":"EntryPoint","urlTemplate":"https:\/\/nills.com\/?s={search_term_string}"},"query-input":{"@type":"PropertyValueSpecification","valueRequired":true,"valueName":"search_term_string"}}],"inLanguage":"ru-RU"},{"@type":"Organization","@id":"https:\/\/nills.com\/#organization","name":"\u041c\u0435\u0431\u0435\u043b\u044c \u041d\u0438\u043b\u043b\u0430","url":"https:\/\/nills.com\/","logo":{"@type":"ImageObject","inLanguage":"ru-RU","@id":"https:\/\/nills.com\/#\/schema\/logo\/image\/","url":"https:\/\/nills.com\/wp-content\/uploads\/2025\/03\/homepage-banner-img-040325-2.jpg","contentUrl":"https:\/\/nills.com\/wp-content\/uploads\/2025\/03\/homepage-banner-img-040325-2.jpg","width":1920,"height":1440,"caption":"Nill's Mobilya"},"image":{"@id":"https:\/\/nills.com\/#\/schema\/logo\/image\/"},"sameAs":["https:\/\/www.facebook.com\/nillsfurniture","https:\/\/x.com\/nillsfurniture"]}]}},"_links":{"self":[{"href":"https:\/\/nills.com\/ru\/wp-json\/wp\/v2\/pages\/235","targetHints":{"allow":["GET"]}}],"collection":[{"href":"https:\/\/nills.com\/ru\/wp-json\/wp\/v2\/pages"}],"about":[{"href":"https:\/\/nills.com\/ru\/wp-json\/wp\/v2\/types\/page"}],"author":[{"embeddable":true,"href":"https:\/\/nills.com\/ru\/wp-json\/wp\/v2\/users\/1"}],"replies":[{"embeddable":true,"href":"https:\/\/nills.com\/ru\/wp-json\/wp\/v2\/comments?post=235"}],"version-history":[{"count":7,"href":"https:\/\/nills.com\/ru\/wp-json\/wp\/v2\/pages\/235\/revisions"}],"predecessor-version":[{"id":4245,"href":"https:\/\/nills.com\/ru\/wp-json\/wp\/v2\/pages\/235\/revisions\/4245"}],"wp:attachment":[{"href":"https:\/\/nills.com\/ru\/wp-json\/wp\/v2\/media?parent=235"}],"curies":[{"name":"wp","href":"https:\/\/api.w.org\/{rel}","templated":true}]}}