{"id":3940,"date":"2025-04-09T12:31:33","date_gmt":"2025-04-09T12:31:33","guid":{"rendered":"https:\/\/nills.com\/?page_id=3940"},"modified":"2025-06-03T08:05:54","modified_gmt":"2025-06-03T08:05:54","slug":"urun-kullanim-kilavuzu","status":"publish","type":"page","link":"https:\/\/nills.com\/ru\/urun-kullanim-kilavuzu\/","title":{"rendered":"\u0420\u0443\u043a\u043e\u0432\u043e\u0434\u0441\u0442\u0432\u043e \u043f\u043e \u044d\u043a\u0441\u043f\u043b\u0443\u0430\u0442\u0430\u0446\u0438\u0438 \u043f\u0440\u043e\u0434\u0443\u043a\u0442\u0430"},"content":{"rendered":"<div class=\"wpb-content-wrapper\"><div id=\"custom-page-banner\" data-vc-full-width=\"true\" data-vc-full-width-init=\"false\" class=\"vc_row wpb_row vc_row-fluid vc_custom_1748264945076 wd-rs-683467d09c662\"><div class=\"wpb_column vc_column_container vc_col-sm-12\"><div class=\"vc_column-inner\"><div class=\"wpb_wrapper\">\t\t<div id=\"wd-67f6710ad23bb\" class=\"wd-text-block wd-wpb reset-last-child wd-rs-67f6710ad23bb text-left\">\n\t\t\t<div class=\"custom-breadcrumb-content\">\n<p><a href=\"\/ru\/\">\u0413\u043b\u0430\u0432\u043d\u0430\u044f \u0441\u0442\u0440\u0430\u043d\u0438\u0446\u0430<\/a><\/p>\n<div class=\"link-spacer\">\/<\/div>\n<p><a href=\"\/ru\/urun-kullanim-kilavuzu\/\">\u0420\u0443\u043a\u043e\u0432\u043e\u0434\u0441\u0442\u0432\u043e \u043f\u043e \u044d\u043a\u0441\u043f\u043b\u0443\u0430\u0442\u0430\u0446\u0438\u0438 \u043f\u0440\u043e\u0434\u0443\u043a\u0442\u0430<\/a><\/p>\n<\/div>\n<div class=\"title-cont\">\n<h1>\u0420\u0443\u043a\u043e\u0432\u043e\u0434\u0441\u0442\u0432\u043e \u043f\u043e \u044d\u043a\u0441\u043f\u043b\u0443\u0430\u0442\u0430\u0446\u0438\u0438 \u043f\u0440\u043e\u0434\u0443\u043a\u0442\u0430<\/h1>\n<\/div>\n\t\t<\/div>\n\t\t<\/div><\/div><\/div><\/div><div class=\"vc_row-full-width vc_clearfix\"><\/div><div id=\"pdf-content\" class=\"vc_row wpb_row vc_row-fluid vc_custom_1748264970736 wd-rs-683468023ecef\"><div class=\"wpb_column vc_column_container vc_col-sm-12\"><div class=\"vc_column-inner\"><div class=\"wpb_wrapper\"><div class=\"vc_row wpb_row vc_inner vc_row-fluid wd-rs-672fbd07e9ee6\"><div class=\"wpb_column vc_column_container vc_col-sm-4\"><div class=\"vc_column-inner\"><div class=\"wpb_wrapper\">\t\t\t<div class=\"info-box-wrapper\">\n\t\t\t\t<div id=\"wd-683eacc41ae6a\" class=\"wd-rs-683eacc41ae6a wd-info-box wd-wpb text-left box-icon-align-top box-style- color-scheme- wd-bg-none wplightbox\">\n\t\t\t\t\t\t\t\t\t\t\t<div class=\"box-icon-wrapper  box-with-icon box-icon-simple\">\n\t\t\t\t\t\t\t<div class=\"info-box-icon\">\n\n\t\t\t\t\t\t\t\n\t\t\t\t\t\t\t\t\t\t\t\t\t\t\t\t\t<img loading=\"lazy\" decoding=\"async\" width=\"1200\" height=\"1200\" src=\"https:\/\/nills.com\/wp-content\/uploads\/2025\/04\/oturma-grubu-kullanim-kilavuzu-thumb-090425-1-1200x1200.jpg\" class=\"attachment-1200x1200 size-1200x1200\" alt=\"\" srcset=\"https:\/\/nills.com\/wp-content\/uploads\/2025\/04\/oturma-grubu-kullanim-kilavuzu-thumb-090425-1-1200x1200.jpg 1200w, https:\/\/nills.com\/wp-content\/uploads\/2025\/04\/oturma-grubu-kullanim-kilavuzu-thumb-090425-1-300x300.jpg 300w, https:\/\/nills.com\/wp-content\/uploads\/2025\/04\/oturma-grubu-kullanim-kilavuzu-thumb-090425-1-1024x1024.jpg 1024w, https:\/\/nills.com\/wp-content\/uploads\/2025\/04\/oturma-grubu-kullanim-kilavuzu-thumb-090425-1-150x150.jpg 150w, https:\/\/nills.com\/wp-content\/uploads\/2025\/04\/oturma-grubu-kullanim-kilavuzu-thumb-090425-1-768x768.jpg 768w, https:\/\/nills.com\/wp-content\/uploads\/2025\/04\/oturma-grubu-kullanim-kilavuzu-thumb-090425-1-12x12.jpg 12w, https:\/\/nills.com\/wp-content\/uploads\/2025\/04\/oturma-grubu-kullanim-kilavuzu-thumb-090425-1.jpg 1232w\" sizes=\"auto, (max-width: 1200px) 100vw, 1200px\" \/>\t\t\t\t\t\t\t\t\t\t\t\t\t\t\t\n\t\t\t\t\t\t\t<\/div>\n\t\t\t\t\t\t<\/div>\n\t\t\t\t\t\t\t\t\t\t<div class=\"info-box-content\">\n\t\t\t\t\t\t<h4 class=\"info-box-title title box-title-style-default wd-fontsize-m\">Oturma Grubu<\/h4>\t\t\t\t\t\t<div class=\"info-box-inner reset-last-child\"><\/div>\n\n\t\t\t\t\t\t\t\t\t\t\t<\/div>\n\n\t\t\t\t\t\t\t\t\t\t\t<a class=\"wd-info-box-link wd-fill\" aria-label=\"Infobox link\" href=\"\/wp-content\/uploads\/2025\/06\/oturma-grubu-garanti-belgesi-030625-1.pdf\" title=\"\"><\/a>\n\t\t\t\t\t\n\t\t\t\t\t\t\t\t\t<\/div>\n\t\t\t<\/div>\n\t\t<\/div><\/div><\/div><div class=\"wpb_column vc_column_container vc_col-sm-4\"><div class=\"vc_column-inner\"><div class=\"wpb_wrapper\">\t\t\t<div class=\"info-box-wrapper\">\n\t\t\t\t<div id=\"wd-683eacd3b65a5\" class=\"wd-rs-683eacd3b65a5 wd-info-box wd-wpb text-left box-icon-align-top box-style- color-scheme- wd-bg-none wplightbox\">\n\t\t\t\t\t\t\t\t\t\t\t<div class=\"box-icon-wrapper  box-with-icon box-icon-simple\">\n\t\t\t\t\t\t\t<div class=\"info-box-icon\">\n\n\t\t\t\t\t\t\t\n\t\t\t\t\t\t\t\t\t\t\t\t\t\t\t\t\t<img loading=\"lazy\" decoding=\"async\" width=\"1200\" height=\"1200\" src=\"https:\/\/nills.com\/wp-content\/uploads\/2025\/04\/panel-grubu-kullanim-kilavuzu-thumb-090425-1-1200x1200.png\" class=\"attachment-1200x1200 size-1200x1200\" alt=\"\" srcset=\"https:\/\/nills.com\/wp-content\/uploads\/2025\/04\/panel-grubu-kullanim-kilavuzu-thumb-090425-1-1200x1200.png 1200w, https:\/\/nills.com\/wp-content\/uploads\/2025\/04\/panel-grubu-kullanim-kilavuzu-thumb-090425-1-300x300.png 300w, https:\/\/nills.com\/wp-content\/uploads\/2025\/04\/panel-grubu-kullanim-kilavuzu-thumb-090425-1-1024x1024.png 1024w, https:\/\/nills.com\/wp-content\/uploads\/2025\/04\/panel-grubu-kullanim-kilavuzu-thumb-090425-1-150x150.png 150w, https:\/\/nills.com\/wp-content\/uploads\/2025\/04\/panel-grubu-kullanim-kilavuzu-thumb-090425-1-768x768.png 768w, https:\/\/nills.com\/wp-content\/uploads\/2025\/04\/panel-grubu-kullanim-kilavuzu-thumb-090425-1-12x12.png 12w, https:\/\/nills.com\/wp-content\/uploads\/2025\/04\/panel-grubu-kullanim-kilavuzu-thumb-090425-1.png 1232w\" sizes=\"auto, (max-width: 1200px) 100vw, 1200px\" \/>\t\t\t\t\t\t\t\t\t\t\t\t\t\t\t\n\t\t\t\t\t\t\t<\/div>\n\t\t\t\t\t\t<\/div>\n\t\t\t\t\t\t\t\t\t\t<div class=\"info-box-content\">\n\t\t\t\t\t\t<h4 class=\"info-box-title title box-title-style-default wd-fontsize-m\">Panel Mobilya<\/h4>\t\t\t\t\t\t<div class=\"info-box-inner reset-last-child\"><\/div>\n\n\t\t\t\t\t\t\t\t\t\t\t<\/div>\n\n\t\t\t\t\t\t\t\t\t\t\t<a class=\"wd-info-box-link wd-fill\" aria-label=\"Infobox link\" href=\"\/wp-content\/uploads\/2025\/06\/panel-garanti-belgesi-030625-1.pdf\" title=\"\"><\/a>\n\t\t\t\t\t\n\t\t\t\t\t\t\t\t\t<\/div>\n\t\t\t<\/div>\n\t\t<\/div><\/div><\/div><div class=\"wpb_column vc_column_container vc_col-sm-4\"><div class=\"vc_column-inner\"><div class=\"wpb_wrapper\"><\/div><\/div><\/div><\/div><\/div><\/div><\/div><\/div>\n<\/div>","protected":false},"excerpt":{"rendered":"Ana Sayfa \/ \u00dcr\u00fcn Kullan\u0131m K\u0131lavuzu \u00dcr\u00fcn Kullan\u0131m K\u0131lavuzu Oturma Grubu Panel Mobilya","protected":false},"author":1,"featured_media":0,"parent":0,"menu_order":0,"comment_status":"closed","ping_status":"closed","template":"","meta":{"footnotes":""},"class_list":["post-3940","page","type-page","status-publish","hentry"],"yoast_head":"<!-- This site is optimized with the Yoast SEO plugin v26.8 - https:\/\/yoast.com\/product\/yoast-seo-wordpress\/ -->\n<title>\u00dcr\u00fcn Kullan\u0131m K\u0131lavuzu - Nill&#039;s Mobilya<\/title>\n<meta name=\"description\" content=\"Mobilyalar\u0131n\u0131z\u0131 uzun \u00f6m\u00fcrl\u00fc ve g\u00fcvenli \u015fekilde kullanman\u0131z i\u00e7in haz\u0131rlad\u0131\u011f\u0131m\u0131z kullan\u0131m k\u0131lavuzlar\u0131na bu sayfadan ula\u015fabilirsiniz.\" \/>\n<meta name=\"robots\" content=\"index, follow, max-snippet:-1, max-image-preview:large, max-video-preview:-1\" \/>\n<link rel=\"canonical\" href=\"https:\/\/nills.com\/ru\/urun-kullanim-kilavuzu\/\" \/>\n<meta property=\"og:locale\" content=\"ru_RU\" \/>\n<meta property=\"og:type\" content=\"article\" \/>\n<meta property=\"og:title\" content=\"\u00dcr\u00fcn Kullan\u0131m K\u0131lavuzu - Nill&#039;s Mobilya\" \/>\n<meta property=\"og:description\" content=\"Mobilyalar\u0131n\u0131z\u0131 uzun \u00f6m\u00fcrl\u00fc ve g\u00fcvenli \u015fekilde kullanman\u0131z i\u00e7in haz\u0131rlad\u0131\u011f\u0131m\u0131z kullan\u0131m k\u0131lavuzlar\u0131na bu sayfadan ula\u015fabilirsiniz.\" \/>\n<meta property=\"og:url\" content=\"https:\/\/nills.com\/ru\/urun-kullanim-kilavuzu\/\" \/>\n<meta property=\"og:site_name\" content=\"Nill&#039;s Mobilya\" \/>\n<meta property=\"article:publisher\" content=\"https:\/\/www.facebook.com\/nillsfurniture\" \/>\n<meta property=\"article:modified_time\" content=\"2025-06-03T08:05:54+00:00\" \/>\n<meta property=\"og:image\" content=\"https:\/\/nills.com\/wp-content\/uploads\/2025\/03\/hakkimizda-banner-img-050325-1.jpg\" \/>\n\t<meta property=\"og:image:width\" content=\"1440\" \/>\n\t<meta property=\"og:image:height\" content=\"1079\" \/>\n\t<meta property=\"og:image:type\" content=\"image\/jpeg\" \/>\n<meta name=\"twitter:card\" content=\"summary_large_image\" \/>\n<meta name=\"twitter:site\" content=\"@nillsfurniture\" \/>\n<meta name=\"twitter:label1\" content=\"\u041f\u0440\u0438\u043c\u0435\u0440\u043d\u043e\u0435 \u0432\u0440\u0435\u043c\u044f \u0434\u043b\u044f \u0447\u0442\u0435\u043d\u0438\u044f\" \/>\n\t<meta name=\"twitter:data1\" content=\"1 \u043c\u0438\u043d\u0443\u0442\u0430\" \/>\n<script type=\"application\/ld+json\" class=\"yoast-schema-graph\">{\"@context\":\"https:\/\/schema.org\",\"@graph\":[{\"@type\":\"WebPage\",\"@id\":\"https:\/\/nills.com\/urun-kullanim-kilavuzu\/\",\"url\":\"https:\/\/nills.com\/urun-kullanim-kilavuzu\/\",\"name\":\"\u00dcr\u00fcn Kullan\u0131m K\u0131lavuzu - Nill&#039;s Mobilya\",\"isPartOf\":{\"@id\":\"https:\/\/nills.com\/#website\"},\"datePublished\":\"2025-04-09T12:31:33+00:00\",\"dateModified\":\"2025-06-03T08:05:54+00:00\",\"description\":\"Mobilyalar\u0131n\u0131z\u0131 uzun \u00f6m\u00fcrl\u00fc ve g\u00fcvenli \u015fekilde kullanman\u0131z i\u00e7in haz\u0131rlad\u0131\u011f\u0131m\u0131z kullan\u0131m k\u0131lavuzlar\u0131na bu sayfadan ula\u015fabilirsiniz.\",\"breadcrumb\":{\"@id\":\"https:\/\/nills.com\/urun-kullanim-kilavuzu\/#breadcrumb\"},\"inLanguage\":\"ru-RU\",\"potentialAction\":[{\"@type\":\"ReadAction\",\"target\":[\"https:\/\/nills.com\/urun-kullanim-kilavuzu\/\"]}]},{\"@type\":\"BreadcrumbList\",\"@id\":\"https:\/\/nills.com\/urun-kullanim-kilavuzu\/#breadcrumb\",\"itemListElement\":[{\"@type\":\"ListItem\",\"position\":1,\"name\":\"Anasayfa\",\"item\":\"https:\/\/nills.com\/\"},{\"@type\":\"ListItem\",\"position\":2,\"name\":\"\u00dcr\u00fcn Kullan\u0131m K\u0131lavuzu\"}]},{\"@type\":\"WebSite\",\"@id\":\"https:\/\/nills.com\/#website\",\"url\":\"https:\/\/nills.com\/\",\"name\":\"Nill's Mobilya\",\"description\":\"A Reflection Of You\",\"publisher\":{\"@id\":\"https:\/\/nills.com\/#organization\"},\"potentialAction\":[{\"@type\":\"SearchAction\",\"target\":{\"@type\":\"EntryPoint\",\"urlTemplate\":\"https:\/\/nills.com\/?s={search_term_string}\"},\"query-input\":{\"@type\":\"PropertyValueSpecification\",\"valueRequired\":true,\"valueName\":\"search_term_string\"}}],\"inLanguage\":\"ru-RU\"},{\"@type\":\"Organization\",\"@id\":\"https:\/\/nills.com\/#organization\",\"name\":\"Nill's Mobilya\",\"url\":\"https:\/\/nills.com\/\",\"logo\":{\"@type\":\"ImageObject\",\"inLanguage\":\"ru-RU\",\"@id\":\"https:\/\/nills.com\/#\/schema\/logo\/image\/\",\"url\":\"https:\/\/nills.com\/wp-content\/uploads\/2025\/03\/homepage-banner-img-040325-2.jpg\",\"contentUrl\":\"https:\/\/nills.com\/wp-content\/uploads\/2025\/03\/homepage-banner-img-040325-2.jpg\",\"width\":1920,\"height\":1440,\"caption\":\"Nill's Mobilya\"},\"image\":{\"@id\":\"https:\/\/nills.com\/#\/schema\/logo\/image\/\"},\"sameAs\":[\"https:\/\/www.facebook.com\/nillsfurniture\",\"https:\/\/x.com\/nillsfurniture\"]}]}<\/script>\n<!-- \/ Yoast SEO plugin. -->","yoast_head_json":{"title":"\u00dcr\u00fcn Kullan\u0131m K\u0131lavuzu - Nill&#039;s Mobilya","description":"Mobilyalar\u0131n\u0131z\u0131 uzun \u00f6m\u00fcrl\u00fc ve g\u00fcvenli \u015fekilde kullanman\u0131z i\u00e7in haz\u0131rlad\u0131\u011f\u0131m\u0131z kullan\u0131m k\u0131lavuzlar\u0131na bu sayfadan ula\u015fabilirsiniz.","robots":{"index":"index","follow":"follow","max-snippet":"max-snippet:-1","max-image-preview":"max-image-preview:large","max-video-preview":"max-video-preview:-1"},"canonical":"https:\/\/nills.com\/ru\/urun-kullanim-kilavuzu\/","og_locale":"ru_RU","og_type":"article","og_title":"\u00dcr\u00fcn Kullan\u0131m K\u0131lavuzu - Nill&#039;s Mobilya","og_description":"Mobilyalar\u0131n\u0131z\u0131 uzun \u00f6m\u00fcrl\u00fc ve g\u00fcvenli \u015fekilde kullanman\u0131z i\u00e7in haz\u0131rlad\u0131\u011f\u0131m\u0131z kullan\u0131m k\u0131lavuzlar\u0131na bu sayfadan ula\u015fabilirsiniz.","og_url":"https:\/\/nills.com\/ru\/urun-kullanim-kilavuzu\/","og_site_name":"Nill&#039;s Mobilya","article_publisher":"https:\/\/www.facebook.com\/nillsfurniture","article_modified_time":"2025-06-03T08:05:54+00:00","og_image":[{"width":1440,"height":1079,"url":"https:\/\/nills.com\/wp-content\/uploads\/2025\/03\/hakkimizda-banner-img-050325-1.jpg","type":"image\/jpeg"}],"twitter_card":"summary_large_image","twitter_site":"@nillsfurniture","twitter_misc":{"\u041f\u0440\u0438\u043c\u0435\u0440\u043d\u043e\u0435 \u0432\u0440\u0435\u043c\u044f \u0434\u043b\u044f \u0447\u0442\u0435\u043d\u0438\u044f":"1 \u043c\u0438\u043d\u0443\u0442\u0430"},"schema":{"@context":"https:\/\/schema.org","@graph":[{"@type":"WebPage","@id":"https:\/\/nills.com\/urun-kullanim-kilavuzu\/","url":"https:\/\/nills.com\/urun-kullanim-kilavuzu\/","name":"\u00dcr\u00fcn Kullan\u0131m K\u0131lavuzu - Nill&#039;s Mobilya","isPartOf":{"@id":"https:\/\/nills.com\/#website"},"datePublished":"2025-04-09T12:31:33+00:00","dateModified":"2025-06-03T08:05:54+00:00","description":"Mobilyalar\u0131n\u0131z\u0131 uzun \u00f6m\u00fcrl\u00fc ve g\u00fcvenli \u015fekilde kullanman\u0131z i\u00e7in haz\u0131rlad\u0131\u011f\u0131m\u0131z kullan\u0131m k\u0131lavuzlar\u0131na bu sayfadan ula\u015fabilirsiniz.","breadcrumb":{"@id":"https:\/\/nills.com\/urun-kullanim-kilavuzu\/#breadcrumb"},"inLanguage":"ru-RU","potentialAction":[{"@type":"ReadAction","target":["https:\/\/nills.com\/urun-kullanim-kilavuzu\/"]}]},{"@type":"BreadcrumbList","@id":"https:\/\/nills.com\/urun-kullanim-kilavuzu\/#breadcrumb","itemListElement":[{"@type":"ListItem","position":1,"name":"Anasayfa","item":"https:\/\/nills.com\/"},{"@type":"ListItem","position":2,"name":"\u00dcr\u00fcn Kullan\u0131m K\u0131lavuzu"}]},{"@type":"WebSite","@id":"https:\/\/nills.com\/#website","url":"https:\/\/nills.com\/","name":"\u041c\u0435\u0431\u0435\u043b\u044c \u041d\u0438\u043b\u043b\u0430","description":"A Reflection Of You","publisher":{"@id":"https:\/\/nills.com\/#organization"},"potentialAction":[{"@type":"SearchAction","target":{"@type":"EntryPoint","urlTemplate":"https:\/\/nills.com\/?s={search_term_string}"},"query-input":{"@type":"PropertyValueSpecification","valueRequired":true,"valueName":"search_term_string"}}],"inLanguage":"ru-RU"},{"@type":"Organization","@id":"https:\/\/nills.com\/#organization","name":"\u041c\u0435\u0431\u0435\u043b\u044c \u041d\u0438\u043b\u043b\u0430","url":"https:\/\/nills.com\/","logo":{"@type":"ImageObject","inLanguage":"ru-RU","@id":"https:\/\/nills.com\/#\/schema\/logo\/image\/","url":"https:\/\/nills.com\/wp-content\/uploads\/2025\/03\/homepage-banner-img-040325-2.jpg","contentUrl":"https:\/\/nills.com\/wp-content\/uploads\/2025\/03\/homepage-banner-img-040325-2.jpg","width":1920,"height":1440,"caption":"Nill's Mobilya"},"image":{"@id":"https:\/\/nills.com\/#\/schema\/logo\/image\/"},"sameAs":["https:\/\/www.facebook.com\/nillsfurniture","https:\/\/x.com\/nillsfurniture"]}]}},"_links":{"self":[{"href":"https:\/\/nills.com\/ru\/wp-json\/wp\/v2\/pages\/3940","targetHints":{"allow":["GET"]}}],"collection":[{"href":"https:\/\/nills.com\/ru\/wp-json\/wp\/v2\/pages"}],"about":[{"href":"https:\/\/nills.com\/ru\/wp-json\/wp\/v2\/types\/page"}],"author":[{"embeddable":true,"href":"https:\/\/nills.com\/ru\/wp-json\/wp\/v2\/users\/1"}],"replies":[{"embeddable":true,"href":"https:\/\/nills.com\/ru\/wp-json\/wp\/v2\/comments?post=3940"}],"version-history":[{"count":7,"href":"https:\/\/nills.com\/ru\/wp-json\/wp\/v2\/pages\/3940\/revisions"}],"predecessor-version":[{"id":4369,"href":"https:\/\/nills.com\/ru\/wp-json\/wp\/v2\/pages\/3940\/revisions\/4369"}],"wp:attachment":[{"href":"https:\/\/nills.com\/ru\/wp-json\/wp\/v2\/media?parent=3940"}],"curies":[{"name":"wp","href":"https:\/\/api.w.org\/{rel}","templated":true}]}}