{"id":6342,"date":"2025-11-21T07:14:33","date_gmt":"2025-11-21T07:14:33","guid":{"rendered":"https:\/\/nills.com\/?post_type=product&#038;p=6342"},"modified":"2025-12-02T11:45:11","modified_gmt":"2025-12-02T11:45:11","slug":"kreslo-oslo","status":"publish","type":"product","link":"https:\/\/nills.com\/ru\/urun\/kreslo-oslo\/","title":{"rendered":"\u041a\u0440\u0435\u0441\u043b\u043e Oslo"},"content":{"rendered":"","protected":false},"excerpt":{"rendered":"","protected":false},"featured_media":5648,"comment_status":"open","ping_status":"closed","template":"","meta":[],"product_brand":[],"product_cat":[25],"product_tag":[],"class_list":{"0":"post-6342","1":"product","2":"type-product","3":"status-publish","4":"has-post-thumbnail","6":"product_cat-berjerler","8":"first","9":"instock","10":"shipping-taxable","11":"product-type-simple"},"yoast_head":"<!-- This site is optimized with the Yoast SEO plugin v26.8 - https:\/\/yoast.com\/product\/yoast-seo-wordpress\/ -->\n<title>Oslo Berjer - Nill&#039;s Mobilya<\/title>\n<meta name=\"description\" content=\"Evinizin havas\u0131n\u0131 de\u011fi\u015ftirecek Oslo berjer modelleriyle tan\u0131\u015f\u0131n. \u015e\u0131k tasar\u0131mlar ve kaliteli malzemelerle konforu ya\u015fay\u0131n. H\u0131zla g\u00f6z at\u0131n!\" \/>\n<meta name=\"robots\" content=\"index, follow, max-snippet:-1, max-image-preview:large, max-video-preview:-1\" \/>\n<link rel=\"canonical\" href=\"https:\/\/nills.com\/ru\/urun\/kreslo-oslo\/\" \/>\n<meta property=\"og:locale\" content=\"ru_RU\" \/>\n<meta property=\"og:type\" content=\"article\" \/>\n<meta property=\"og:title\" content=\"Oslo Berjer - Nill&#039;s Mobilya\" \/>\n<meta property=\"og:description\" content=\"Evinizin havas\u0131n\u0131 de\u011fi\u015ftirecek Oslo berjer modelleriyle tan\u0131\u015f\u0131n. \u015e\u0131k tasar\u0131mlar ve kaliteli malzemelerle konforu ya\u015fay\u0131n. H\u0131zla g\u00f6z at\u0131n!\" \/>\n<meta property=\"og:url\" content=\"https:\/\/nills.com\/ru\/urun\/kreslo-oslo\/\" \/>\n<meta property=\"og:site_name\" content=\"Nill&#039;s Mobilya\" \/>\n<meta property=\"article:publisher\" content=\"https:\/\/www.facebook.com\/nillsfurniture\" \/>\n<meta property=\"article:modified_time\" content=\"2025-12-02T11:45:11+00:00\" \/>\n<meta property=\"og:image\" content=\"https:\/\/nills.com\/wp-content\/uploads\/2025\/10\/oslo-koltuk-takimi-5.jpg\" \/>\n\t<meta property=\"og:image:width\" content=\"1920\" \/>\n\t<meta property=\"og:image:height\" content=\"1440\" \/>\n\t<meta property=\"og:image:type\" content=\"image\/jpeg\" \/>\n<meta name=\"twitter:card\" content=\"summary_large_image\" \/>\n<meta name=\"twitter:site\" content=\"@nillsfurniture\" \/>\n<meta name=\"twitter:label1\" content=\"\u041f\u0440\u0438\u043c\u0435\u0440\u043d\u043e\u0435 \u0432\u0440\u0435\u043c\u044f \u0434\u043b\u044f \u0447\u0442\u0435\u043d\u0438\u044f\" \/>\n\t<meta name=\"twitter:data1\" content=\"1 \u043c\u0438\u043d\u0443\u0442\u0430\" \/>\n<script type=\"application\/ld+json\" class=\"yoast-schema-graph\">{\"@context\":\"https:\/\/schema.org\",\"@graph\":[{\"@type\":\"WebPage\",\"@id\":\"https:\/\/nills.com\/urun\/oslo-berjer\/\",\"url\":\"https:\/\/nills.com\/urun\/oslo-berjer\/\",\"name\":\"Oslo Berjer - Nill&#039;s Mobilya\",\"isPartOf\":{\"@id\":\"https:\/\/nills.com\/#website\"},\"primaryImageOfPage\":{\"@id\":\"https:\/\/nills.com\/urun\/oslo-berjer\/#primaryimage\"},\"image\":{\"@id\":\"https:\/\/nills.com\/urun\/oslo-berjer\/#primaryimage\"},\"thumbnailUrl\":\"https:\/\/nills.com\/wp-content\/uploads\/2025\/10\/oslo-koltuk-takimi-5.jpg\",\"datePublished\":\"2025-11-21T07:14:33+00:00\",\"dateModified\":\"2025-12-02T11:45:11+00:00\",\"description\":\"Evinizin havas\u0131n\u0131 de\u011fi\u015ftirecek Oslo berjer modelleriyle tan\u0131\u015f\u0131n. \u015e\u0131k tasar\u0131mlar ve kaliteli malzemelerle konforu ya\u015fay\u0131n. H\u0131zla g\u00f6z at\u0131n!\",\"breadcrumb\":{\"@id\":\"https:\/\/nills.com\/urun\/oslo-berjer\/#breadcrumb\"},\"inLanguage\":\"ru-RU\",\"potentialAction\":[{\"@type\":\"ReadAction\",\"target\":[\"https:\/\/nills.com\/urun\/oslo-berjer\/\"]}]},{\"@type\":\"ImageObject\",\"inLanguage\":\"ru-RU\",\"@id\":\"https:\/\/nills.com\/urun\/oslo-berjer\/#primaryimage\",\"url\":\"https:\/\/nills.com\/wp-content\/uploads\/2025\/10\/oslo-koltuk-takimi-5.jpg\",\"contentUrl\":\"https:\/\/nills.com\/wp-content\/uploads\/2025\/10\/oslo-koltuk-takimi-5.jpg\",\"width\":1920,\"height\":1440},{\"@type\":\"BreadcrumbList\",\"@id\":\"https:\/\/nills.com\/urun\/oslo-berjer\/#breadcrumb\",\"itemListElement\":[{\"@type\":\"ListItem\",\"position\":1,\"name\":\"Anasayfa\",\"item\":\"https:\/\/nills.com\/\"},{\"@type\":\"ListItem\",\"position\":2,\"name\":\"\u00dcr\u00fcnler\",\"item\":\"https:\/\/nills.com\/shop\/\"},{\"@type\":\"ListItem\",\"position\":3,\"name\":\"Oslo Berjer\"}]},{\"@type\":\"WebSite\",\"@id\":\"https:\/\/nills.com\/#website\",\"url\":\"https:\/\/nills.com\/\",\"name\":\"Nill's Mobilya\",\"description\":\"A Reflection Of You\",\"publisher\":{\"@id\":\"https:\/\/nills.com\/#organization\"},\"potentialAction\":[{\"@type\":\"SearchAction\",\"target\":{\"@type\":\"EntryPoint\",\"urlTemplate\":\"https:\/\/nills.com\/?s={search_term_string}\"},\"query-input\":{\"@type\":\"PropertyValueSpecification\",\"valueRequired\":true,\"valueName\":\"search_term_string\"}}],\"inLanguage\":\"ru-RU\"},{\"@type\":\"Organization\",\"@id\":\"https:\/\/nills.com\/#organization\",\"name\":\"Nill's Mobilya\",\"url\":\"https:\/\/nills.com\/\",\"logo\":{\"@type\":\"ImageObject\",\"inLanguage\":\"ru-RU\",\"@id\":\"https:\/\/nills.com\/#\/schema\/logo\/image\/\",\"url\":\"https:\/\/nills.com\/wp-content\/uploads\/2025\/03\/homepage-banner-img-040325-2.jpg\",\"contentUrl\":\"https:\/\/nills.com\/wp-content\/uploads\/2025\/03\/homepage-banner-img-040325-2.jpg\",\"width\":1920,\"height\":1440,\"caption\":\"Nill's Mobilya\"},\"image\":{\"@id\":\"https:\/\/nills.com\/#\/schema\/logo\/image\/\"},\"sameAs\":[\"https:\/\/www.facebook.com\/nillsfurniture\",\"https:\/\/x.com\/nillsfurniture\"]}]}<\/script>\n<!-- \/ Yoast SEO plugin. -->","yoast_head_json":{"title":"Oslo Berjer - Nill&#039;s Mobilya","description":"\u041f\u043e\u0437\u043d\u0430\u043a\u043e\u043c\u044c\u0442\u0435\u0441\u044c \u0441 \u043c\u043e\u0434\u0435\u043b\u044f\u043c\u0438 \u043a\u0440\u0435\u0441\u0435\u043b \"\u041e\u0441\u043b\u043e\" (Oslo), \u043a\u043e\u0442\u043e\u0440\u044b\u0435 \u0438\u0437\u043c\u0435\u043d\u044f\u0442 \u0430\u0442\u043c\u043e\u0441\u0444\u0435\u0440\u0443 \u0432\u0430\u0448\u0435\u0433\u043e \u0434\u043e\u043c\u0430. \u041e\u0449\u0443\u0442\u0438\u0442\u0435 \u043a\u043e\u043c\u0444\u043e\u0440\u0442 \u0431\u043b\u0430\u0433\u043e\u0434\u0430\u0440\u044f \u0441\u0442\u0438\u043b\u044c\u043d\u043e\u043c\u0443 \u0434\u0438\u0437\u0430\u0439\u043d\u0443 \u0438 \u043a\u0430\u0447\u0435\u0441\u0442\u0432\u0435\u043d\u043d\u044b\u043c \u043c\u0430\u0442\u0435\u0440\u0438\u0430\u043b\u0430\u043c. \u0412\u0437\u0433\u043b\u044f\u043d\u0438\u0442\u0435 \u043f\u043e\u0441\u043a\u043e\u0440\u0435\u0435!","robots":{"index":"index","follow":"follow","max-snippet":"max-snippet:-1","max-image-preview":"max-image-preview:large","max-video-preview":"max-video-preview:-1"},"canonical":"https:\/\/nills.com\/ru\/urun\/kreslo-oslo\/","og_locale":"ru_RU","og_type":"article","og_title":"Oslo Berjer - Nill&#039;s Mobilya","og_description":"Evinizin havas\u0131n\u0131 de\u011fi\u015ftirecek Oslo berjer modelleriyle tan\u0131\u015f\u0131n. \u015e\u0131k tasar\u0131mlar ve kaliteli malzemelerle konforu ya\u015fay\u0131n. H\u0131zla g\u00f6z at\u0131n!","og_url":"https:\/\/nills.com\/ru\/urun\/kreslo-oslo\/","og_site_name":"Nill&#039;s Mobilya","article_publisher":"https:\/\/www.facebook.com\/nillsfurniture","article_modified_time":"2025-12-02T11:45:11+00:00","og_image":[{"width":1920,"height":1440,"url":"https:\/\/nills.com\/wp-content\/uploads\/2025\/10\/oslo-koltuk-takimi-5.jpg","type":"image\/jpeg"}],"twitter_card":"summary_large_image","twitter_site":"@nillsfurniture","twitter_misc":{"\u041f\u0440\u0438\u043c\u0435\u0440\u043d\u043e\u0435 \u0432\u0440\u0435\u043c\u044f \u0434\u043b\u044f \u0447\u0442\u0435\u043d\u0438\u044f":"1 \u043c\u0438\u043d\u0443\u0442\u0430"},"schema":{"@context":"https:\/\/schema.org","@graph":[{"@type":"WebPage","@id":"https:\/\/nills.com\/urun\/oslo-berjer\/","url":"https:\/\/nills.com\/urun\/oslo-berjer\/","name":"Oslo Berjer - Nill&#039;s Mobilya","isPartOf":{"@id":"https:\/\/nills.com\/#website"},"primaryImageOfPage":{"@id":"https:\/\/nills.com\/urun\/oslo-berjer\/#primaryimage"},"image":{"@id":"https:\/\/nills.com\/urun\/oslo-berjer\/#primaryimage"},"thumbnailUrl":"https:\/\/nills.com\/wp-content\/uploads\/2025\/10\/oslo-koltuk-takimi-5.jpg","datePublished":"2025-11-21T07:14:33+00:00","dateModified":"2025-12-02T11:45:11+00:00","description":"\u041f\u043e\u0437\u043d\u0430\u043a\u043e\u043c\u044c\u0442\u0435\u0441\u044c \u0441 \u043c\u043e\u0434\u0435\u043b\u044f\u043c\u0438 \u043a\u0440\u0435\u0441\u0435\u043b \"\u041e\u0441\u043b\u043e\" (Oslo), \u043a\u043e\u0442\u043e\u0440\u044b\u0435 \u0438\u0437\u043c\u0435\u043d\u044f\u0442 \u0430\u0442\u043c\u043e\u0441\u0444\u0435\u0440\u0443 \u0432\u0430\u0448\u0435\u0433\u043e \u0434\u043e\u043c\u0430. \u041e\u0449\u0443\u0442\u0438\u0442\u0435 \u043a\u043e\u043c\u0444\u043e\u0440\u0442 \u0431\u043b\u0430\u0433\u043e\u0434\u0430\u0440\u044f \u0441\u0442\u0438\u043b\u044c\u043d\u043e\u043c\u0443 \u0434\u0438\u0437\u0430\u0439\u043d\u0443 \u0438 \u043a\u0430\u0447\u0435\u0441\u0442\u0432\u0435\u043d\u043d\u044b\u043c \u043c\u0430\u0442\u0435\u0440\u0438\u0430\u043b\u0430\u043c. \u0412\u0437\u0433\u043b\u044f\u043d\u0438\u0442\u0435 \u043f\u043e\u0441\u043a\u043e\u0440\u0435\u0435!","breadcrumb":{"@id":"https:\/\/nills.com\/urun\/oslo-berjer\/#breadcrumb"},"inLanguage":"ru-RU","potentialAction":[{"@type":"ReadAction","target":["https:\/\/nills.com\/urun\/oslo-berjer\/"]}]},{"@type":"ImageObject","inLanguage":"ru-RU","@id":"https:\/\/nills.com\/urun\/oslo-berjer\/#primaryimage","url":"https:\/\/nills.com\/wp-content\/uploads\/2025\/10\/oslo-koltuk-takimi-5.jpg","contentUrl":"https:\/\/nills.com\/wp-content\/uploads\/2025\/10\/oslo-koltuk-takimi-5.jpg","width":1920,"height":1440},{"@type":"BreadcrumbList","@id":"https:\/\/nills.com\/urun\/oslo-berjer\/#breadcrumb","itemListElement":[{"@type":"ListItem","position":1,"name":"Anasayfa","item":"https:\/\/nills.com\/"},{"@type":"ListItem","position":2,"name":"\u00dcr\u00fcnler","item":"https:\/\/nills.com\/shop\/"},{"@type":"ListItem","position":3,"name":"Oslo Berjer"}]},{"@type":"WebSite","@id":"https:\/\/nills.com\/#website","url":"https:\/\/nills.com\/","name":"\u041c\u0435\u0431\u0435\u043b\u044c \u041d\u0438\u043b\u043b\u0430","description":"A Reflection Of You","publisher":{"@id":"https:\/\/nills.com\/#organization"},"potentialAction":[{"@type":"SearchAction","target":{"@type":"EntryPoint","urlTemplate":"https:\/\/nills.com\/?s={search_term_string}"},"query-input":{"@type":"PropertyValueSpecification","valueRequired":true,"valueName":"search_term_string"}}],"inLanguage":"ru-RU"},{"@type":"Organization","@id":"https:\/\/nills.com\/#organization","name":"\u041c\u0435\u0431\u0435\u043b\u044c \u041d\u0438\u043b\u043b\u0430","url":"https:\/\/nills.com\/","logo":{"@type":"ImageObject","inLanguage":"ru-RU","@id":"https:\/\/nills.com\/#\/schema\/logo\/image\/","url":"https:\/\/nills.com\/wp-content\/uploads\/2025\/03\/homepage-banner-img-040325-2.jpg","contentUrl":"https:\/\/nills.com\/wp-content\/uploads\/2025\/03\/homepage-banner-img-040325-2.jpg","width":1920,"height":1440,"caption":"Nill's Mobilya"},"image":{"@id":"https:\/\/nills.com\/#\/schema\/logo\/image\/"},"sameAs":["https:\/\/www.facebook.com\/nillsfurniture","https:\/\/x.com\/nillsfurniture"]}]}},"_links":{"self":[{"href":"https:\/\/nills.com\/ru\/wp-json\/wp\/v2\/product\/6342","targetHints":{"allow":["GET"]}}],"collection":[{"href":"https:\/\/nills.com\/ru\/wp-json\/wp\/v2\/product"}],"about":[{"href":"https:\/\/nills.com\/ru\/wp-json\/wp\/v2\/types\/product"}],"replies":[{"embeddable":true,"href":"https:\/\/nills.com\/ru\/wp-json\/wp\/v2\/comments?post=6342"}],"wp:featuredmedia":[{"embeddable":true,"href":"https:\/\/nills.com\/ru\/wp-json\/wp\/v2\/media\/5648"}],"wp:attachment":[{"href":"https:\/\/nills.com\/ru\/wp-json\/wp\/v2\/media?parent=6342"}],"wp:term":[{"taxonomy":"product_brand","embeddable":true,"href":"https:\/\/nills.com\/ru\/wp-json\/wp\/v2\/product_brand?post=6342"},{"taxonomy":"product_cat","embeddable":true,"href":"https:\/\/nills.com\/ru\/wp-json\/wp\/v2\/product_cat?post=6342"},{"taxonomy":"product_tag","embeddable":true,"href":"https:\/\/nills.com\/ru\/wp-json\/wp\/v2\/product_tag?post=6342"}],"curies":[{"name":"wp","href":"https:\/\/api.w.org\/{rel}","templated":true}]}}